{"id":765469,"date":"2025-08-28T11:44:11","date_gmt":"2025-08-28T08:44:11","guid":{"rendered":"https:\/\/roveyayinevi.com.tr\/index.php\/urun\/carry-trade-ara-kazanc-ticareti\/"},"modified":"2026-04-15T03:31:27","modified_gmt":"2026-04-15T00:31:27","slug":"carry-trade-ara-kazanc-ticareti","status":"publish","type":"product","link":"https:\/\/roveyayinevi.com.tr\/index.php\/urun\/carry-trade-ara-kazanc-ticareti\/","title":{"rendered":"Carry Trade &#8211; Ara Kazan\u00e7 Ticareti"},"content":{"rendered":"<p>Uluslararas\u0131 finans sisteminde her ge\u00e7en g\u00fcn artan ve teknolojik geli\u015fmelere ba\u011fl\u0131 olarak h\u0131zlanan b\u00fct\u00fcnle\u015fme e\u011filimleri, geli\u015fmi\u015f ve geli\u015fmekte olan \u00fclkeler a\u00e7\u0131s\u0131ndan farkl\u0131 avantaj ve riskleri bar\u0131nd\u0131rmaktad\u0131r. Finansal k\u00fcreselle\u015fme s\u00fcreci olarak da adland\u0131r\u0131lan bu d\u00f6nemde artan likidite olanaklar\u0131 ile yat\u0131r\u0131mc\u0131lar yeni yat\u0131r\u0131m stratejilerine y\u00f6nelmektedirler. Son 20 y\u0131ld\u0131r d\u00f6viz kuru piyasas\u0131nda spek\u00fclatif bir y\u00f6ntem olarak da kabul edilen Carry Trade faaliyeti, karl\u0131 bir yat\u0131r\u0131m stratejisi olmas\u0131 nedeniyle yat\u0131r\u0131mc\u0131lar\u0131n yo\u011fun ilgisini \u00e7ekmektedir. Bununla birlikte, bu faaliyet, kriz d\u00f6nemlerinde, y\u00fcksek faiz oran\u0131na sahip para birimi a\u00e7\u0131s\u0131ndan ciddi riskler de i\u00e7erdi\u011finden, yat\u0131r\u0131mc\u0131lar\u0131n b\u00fcy\u00fck kay\u0131plarla kar\u015f\u0131la\u015fmas\u0131na yol a\u00e7maktad\u0131r. D\u00fc\u015f\u00fck yukar\u0131 y\u00f6nl\u00fc ve y\u00fcksek a\u015fa\u011f\u0131 y\u00f6nl\u00fc asimetrik risk profiline sahip olan Carry Trade faaliyetinde, y\u00fcksek faiz oranl\u0131 para birimine yat\u0131r\u0131m yapanlar\u0131n merdivenle \u00e7\u0131kmay\u0131 kabul ederken, asans\u00f6rle inmeyi de g\u00f6ze almalar\u0131 gerekir.<\/p>\n","protected":false},"excerpt":{"rendered":"<p>Uluslararas\u0131 finans sisteminde her ge\u00e7en g\u00fcn artan ve teknolojik geli\u015fmelere ba\u011fl\u0131 olarak h\u0131zlanan b\u00fct\u00fcnle\u015fme e\u011filimleri, geli\u015fmi\u015f ve geli\u015fmekte olan \u00fclkeler a\u00e7\u0131s\u0131ndan farkl\u0131 avantaj ve riskleri bar\u0131nd\u0131rmaktad\u0131r.<span class=\"excerpt-hellip\"> [\u2026]<\/span><\/p>\n","protected":false},"featured_media":0,"template":"","meta":{"_monsterinsights_skip_tracking":false,"_monsterinsights_sitenote_active":false,"_monsterinsights_sitenote_note":"","_monsterinsights_sitenote_category":0},"product_brand":[],"product_cat":[14841,13043],"product_tag":[],"class_list":{"0":"post-765469","1":"product","2":"type-product","3":"status-publish","5":"product_cat-arastirma-inceleme-kuram","6":"product_cat-ekonomi","7":"pa_cilt-ciltsiz","8":"pa_tur-kitap","9":"pa_yayinevi-orion-kitabevi","10":"pa_yazar-aydanur-gacener-atis","12":"first","13":"instock","14":"sale","15":"shipping-taxable","16":"purchasable","17":"product-type-simple"},"_links":{"self":[{"href":"https:\/\/roveyayinevi.com.tr\/index.php\/wp-json\/wp\/v2\/product\/765469","targetHints":{"allow":["GET"]}}],"collection":[{"href":"https:\/\/roveyayinevi.com.tr\/index.php\/wp-json\/wp\/v2\/product"}],"about":[{"href":"https:\/\/roveyayinevi.com.tr\/index.php\/wp-json\/wp\/v2\/types\/product"}],"wp:attachment":[{"href":"https:\/\/roveyayinevi.com.tr\/index.php\/wp-json\/wp\/v2\/media?parent=765469"}],"wp:term":[{"taxonomy":"product_brand","embeddable":true,"href":"https:\/\/roveyayinevi.com.tr\/index.php\/wp-json\/wp\/v2\/product_brand?post=765469"},{"taxonomy":"product_cat","embeddable":true,"href":"https:\/\/roveyayinevi.com.tr\/index.php\/wp-json\/wp\/v2\/product_cat?post=765469"},{"taxonomy":"product_tag","embeddable":true,"href":"https:\/\/roveyayinevi.com.tr\/index.php\/wp-json\/wp\/v2\/product_tag?post=765469"}],"curies":[{"name":"wp","href":"https:\/\/api.w.org\/{rel}","templated":true}]}}