{"id":765465,"date":"2025-08-28T11:44:05","date_gmt":"2025-08-28T08:44:05","guid":{"rendered":"https:\/\/roveyayinevi.com.tr\/index.php\/urun\/belediye-atlasi\/"},"modified":"2026-04-15T03:31:27","modified_gmt":"2026-04-15T00:31:27","slug":"belediye-atlasi","status":"publish","type":"product","link":"https:\/\/roveyayinevi.com.tr\/index.php\/urun\/belediye-atlasi\/","title":{"rendered":"Belediye Atlas\u0131"},"content":{"rendered":"<p>Atlas; D\u00fcnyan\u0131n, bir \u00fclkenin, bir b\u00f6lgenin fiziksel ve siyasal co\u011frafyas\u0131 ile ekonomi, tarih vb. konularda toplu bilgi vermek i\u00e7in bir araya getirilmi\u015f co\u011frafya haritalar\u0131 derlemesi ya da bir konuyu a\u00e7\u0131klamak i\u00e7in haz\u0131rlanm\u0131\u015f resim veya levhalardan olu\u015fmu\u015f kitap olarak tan\u0131mlanmaktad\u0131r.Belediye ise; \u0130l, il\u00e7e, kasaba, belde vb. yerle\u015fim merkezlerinde temizlik, ayd\u0131nlatma, su, toplu ta\u015f\u0131ma ve esnaf\u0131n denetimi gibi kamu hizmetlerine bakan, ba\u015fkan\u0131 ve \u00fcyeleri halk taraf\u0131ndan se\u00e7ilen, t\u00fczel ki\u015fili\u011fi olan \u00f6rg\u00fct, \u015fehremane[1]ti ya da belde sakinlerinin mahall\u00ee m\u00fc\u015fterek nitelikteki ihtiya\u00e7lar\u0131n\u0131 kar\u015f\u0131lamak \u00fczere kurulan ve karar organ\u0131 se\u00e7men[1]ler taraf\u0131ndan se\u00e7ilerek olu\u015fturulan, idar\u00ee ve mal\u00ee \u00f6zerkli\u011fe sahip kamu t\u00fczel ki\u015fisini ifade etmektedir. Kitab\u0131m\u0131za \u201cBelediye Atlas\u0131\u201d, ismini vermemiz; 2023 y\u0131l\u0131 T\u00fcrkiye\u2019sinde, mahalli m\u00fc\u015fterek nitelikteki ihtiya\u00e7lar\u0131n \u00e7oklu\u011fu kar\u015f\u0131s\u0131nda, vatanda\u015f\u0131n hizmet sunumunda \u201cBelediye bir para basamaz bir de adam asamaz.\u201d beklentisine olumlu cevap verebilmek i\u00e7in kanunlar\u0131n \u00f6ng\u00f6rd\u00fc\u011f\u00fc \u00e7er\u00e7evede hizmet yar\u0131\u015f\u0131nda bulunan belediyelerin g\u00f6rev, sorumluluk ve yenilik\u00e7i ad\u0131mlar\u0131n\u0131n neler olabilece\u011fini vurgulamak isteyi\u015fimizdir.<\/p>\n","protected":false},"excerpt":{"rendered":"<p>Atlas; D\u00fcnyan\u0131n, bir \u00fclkenin, bir b\u00f6lgenin fiziksel ve siyasal co\u011frafyas\u0131 ile ekonomi, tarih vb. konularda toplu bilgi vermek i\u00e7in bir araya getirilmi\u015f co\u011frafya haritalar\u0131 derlemesi ya<span class=\"excerpt-hellip\"> [\u2026]<\/span><\/p>\n","protected":false},"featured_media":0,"template":"","meta":{"_monsterinsights_skip_tracking":false,"_monsterinsights_sitenote_active":false,"_monsterinsights_sitenote_note":"","_monsterinsights_sitenote_category":0},"product_brand":[],"product_cat":[12364],"product_tag":[],"class_list":{"0":"post-765465","1":"product","2":"type-product","3":"status-publish","5":"product_cat-genel-konular","6":"pa_cilt-ciltsiz","7":"pa_tur-kitap","8":"pa_yayinevi-orion-kitabevi","9":"pa_yazar-cem-kasapoglu","11":"first","12":"instock","13":"sale","14":"shipping-taxable","15":"purchasable","16":"product-type-simple"},"_links":{"self":[{"href":"https:\/\/roveyayinevi.com.tr\/index.php\/wp-json\/wp\/v2\/product\/765465","targetHints":{"allow":["GET"]}}],"collection":[{"href":"https:\/\/roveyayinevi.com.tr\/index.php\/wp-json\/wp\/v2\/product"}],"about":[{"href":"https:\/\/roveyayinevi.com.tr\/index.php\/wp-json\/wp\/v2\/types\/product"}],"wp:attachment":[{"href":"https:\/\/roveyayinevi.com.tr\/index.php\/wp-json\/wp\/v2\/media?parent=765465"}],"wp:term":[{"taxonomy":"product_brand","embeddable":true,"href":"https:\/\/roveyayinevi.com.tr\/index.php\/wp-json\/wp\/v2\/product_brand?post=765465"},{"taxonomy":"product_cat","embeddable":true,"href":"https:\/\/roveyayinevi.com.tr\/index.php\/wp-json\/wp\/v2\/product_cat?post=765465"},{"taxonomy":"product_tag","embeddable":true,"href":"https:\/\/roveyayinevi.com.tr\/index.php\/wp-json\/wp\/v2\/product_tag?post=765465"}],"curies":[{"name":"wp","href":"https:\/\/api.w.org\/{rel}","templated":true}]}}