{"id":765464,"date":"2025-08-28T11:44:04","date_gmt":"2025-08-28T08:44:04","guid":{"rendered":"https:\/\/roveyayinevi.com.tr\/index.php\/urun\/batida-jeopolitik-dusunce\/"},"modified":"2026-04-15T03:31:27","modified_gmt":"2026-04-15T00:31:27","slug":"batida-jeopolitik-dusunce","status":"publish","type":"product","link":"https:\/\/roveyayinevi.com.tr\/index.php\/urun\/batida-jeopolitik-dusunce\/","title":{"rendered":"Bat\u0131\u2019da Jeopolitik D\u00fc\u015f\u00fcnce"},"content":{"rendered":"<p>On dokuzuncu y\u00fczy\u0131l\u0131n sonlar\u0131na do\u011fru Bat\u0131&#8217;da baz\u0131 co\u011frafyac\u0131 ve siyaset bilimciler co\u011frafya siyaset etkile\u015fiminin siyaset kuram\u0131 a\u00e7\u0131s\u0131ndan \u00f6nemli bir \u00e7al\u0131\u015fma alan\u0131 oldu\u011funu ileri s\u00fcrmeye ba\u015flam\u0131\u015flard\u0131r. Bunun sonucunda da &#8216;jeopolitik&#8217; ad\u0131 verilen yakla\u015f\u0131m ortaya \u00e7\u0131km\u0131\u015ft\u0131r. En basit tarifi ile co\u011frafyan\u0131n siyaset \u00fczerindeki etkisi anlam\u0131na gelen jeopolitik, \u00f6zellikle yirminci y\u00fczy\u0131l\u0131n ba\u015f\u0131ndan itibaren siyaset kuram\u0131nda s\u00f6z\u00fc edilen bir yakla\u015f\u0131m olmaya ba\u015flam\u0131\u015ft\u0131r. Yirminci y\u00fczy\u0131l\u0131n ilk yar\u0131s\u0131na damgas\u0131n\u0131 vuran iki d\u00fcnya sava\u015f\u0131 ve ard\u0131ndan ortaya \u00e7\u0131kan So\u011fuk Sava\u015f d\u00f6nemi, jeopolitik yakla\u015f\u0131mlarla ilgiyi artt\u0131rm\u0131\u015ft\u0131r. So\u011fuk Sava\u015f&#8217;\u0131n sona ermesiyle ba\u015flayan yeni d\u00f6nemin temel dinami\u011fi olan k\u00fcreselle\u015fme s\u00fcreci ise co\u011frafi alan\u0131n ve alan siyaset etkile\u015fiminin yeniden tan\u0131mlanmas\u0131n\u0131 gerektirmi\u015ftir. Bu kitap, ba\u015flang\u0131c\u0131ndan bug\u00fcne Bat\u0131&#8217;da jeopolitik kuram\u0131n geli\u015fimini ortaya koyarak co\u011frafyan\u0131n siyaset \u00fczerinde nas\u0131l bir etkisi oldu\u011funu, daha do\u011frusu olan-siyaset etkile\u015fimi alg\u0131s\u0131n\u0131n on dokuzuncu y\u00fczy\u0131ldan g\u00fcn\u00fcm\u00fcze nas\u0131l de\u011fi\u015fti\u011fini okuyucuya g\u00f6stermek amac\u0131yla kaleme al\u0131nm\u0131\u015ft\u0131r. Bu \u00e7er\u00e7evede, jeopolitik kuram\u0131n geli\u015fimine katk\u0131da bulunan baz\u0131 siyaset\u00e7ilerin, siyaset kuramc\u0131lar\u0131n\u0131n ve sonras\u0131nda jeopolitik alg\u0131lar\u0131 incelenmi\u015f, bu insanlar\u0131n ya\u015fad\u0131klar\u0131 d\u00f6nem i\u00e7ersinde ve sonras\u0131nda jeopolitik kuramlar\u0131 nas\u0131l etkiledikleri yans\u0131t\u0131lm\u0131\u015ft\u0131r. Sonu\u00e7 olarak bu kitap, Clausewitz&#8217;den Lenin&#8217;e, Ratzel&#8217;den Hutington&#8217;a, Kissinger&#8217;dan Fukuyama&#8217;ya kadar geni\u015f bir yelpazede, Bat\u0131&#8217;da jeopolitik d\u00fc\u015f\u00fcncenin temel yap\u0131lar\u0131n\u0131 k\u0131saca \u00f6zetleyerek bu konuyla ilgilenenler i\u00e7in temel bir referans kayna\u011f\u0131 olarak tasarlanm\u0131\u015ft\u0131r.<\/p>\n","protected":false},"excerpt":{"rendered":"<p>On dokuzuncu y\u00fczy\u0131l\u0131n sonlar\u0131na do\u011fru Bat\u0131&#8217;da baz\u0131 co\u011frafyac\u0131 ve siyaset bilimciler co\u011frafya siyaset etkile\u015fiminin siyaset kuram\u0131 a\u00e7\u0131s\u0131ndan \u00f6nemli bir \u00e7al\u0131\u015fma alan\u0131 oldu\u011funu ileri s\u00fcrmeye ba\u015flam\u0131\u015flard\u0131r. Bunun<span class=\"excerpt-hellip\"> [\u2026]<\/span><\/p>\n","protected":false},"featured_media":0,"template":"","meta":{"_monsterinsights_skip_tracking":false,"_monsterinsights_sitenote_active":false,"_monsterinsights_sitenote_note":"","_monsterinsights_sitenote_category":0},"product_brand":[],"product_cat":[13059,12337],"product_tag":[],"class_list":{"0":"post-765464","1":"product","2":"type-product","3":"status-publish","5":"product_cat-diger-politika-siyaset","6":"product_cat-politika-siyaset","7":"pa_cilt-ciltsiz","8":"pa_tur-kitap","9":"pa_yayinevi-orion-kitabevi","10":"pa_yazar-derleme","12":"first","13":"instock","14":"sale","15":"shipping-taxable","16":"purchasable","17":"product-type-simple"},"_links":{"self":[{"href":"https:\/\/roveyayinevi.com.tr\/index.php\/wp-json\/wp\/v2\/product\/765464","targetHints":{"allow":["GET"]}}],"collection":[{"href":"https:\/\/roveyayinevi.com.tr\/index.php\/wp-json\/wp\/v2\/product"}],"about":[{"href":"https:\/\/roveyayinevi.com.tr\/index.php\/wp-json\/wp\/v2\/types\/product"}],"wp:attachment":[{"href":"https:\/\/roveyayinevi.com.tr\/index.php\/wp-json\/wp\/v2\/media?parent=765464"}],"wp:term":[{"taxonomy":"product_brand","embeddable":true,"href":"https:\/\/roveyayinevi.com.tr\/index.php\/wp-json\/wp\/v2\/product_brand?post=765464"},{"taxonomy":"product_cat","embeddable":true,"href":"https:\/\/roveyayinevi.com.tr\/index.php\/wp-json\/wp\/v2\/product_cat?post=765464"},{"taxonomy":"product_tag","embeddable":true,"href":"https:\/\/roveyayinevi.com.tr\/index.php\/wp-json\/wp\/v2\/product_tag?post=765464"}],"curies":[{"name":"wp","href":"https:\/\/api.w.org\/{rel}","templated":true}]}}