{"id":765463,"date":"2025-08-28T11:44:03","date_gmt":"2025-08-28T08:44:03","guid":{"rendered":"https:\/\/roveyayinevi.com.tr\/index.php\/urun\/batinin-guvenlik-doktrinleri\/"},"modified":"2026-04-15T03:31:27","modified_gmt":"2026-04-15T00:31:27","slug":"batinin-guvenlik-doktrinleri","status":"publish","type":"product","link":"https:\/\/roveyayinevi.com.tr\/index.php\/urun\/batinin-guvenlik-doktrinleri\/","title":{"rendered":"Bat\u0131n\u0131n G\u00fcvenlik Doktrinleri"},"content":{"rendered":"<p>Emekli B\u00fcy\u00fckel\u00e7i Dr. Ahmet B\u00fclent Meri\u00e7 40 y\u0131l s\u00fcren diplomasi kariyerinin b\u00fcy\u00fck b\u00f6l\u00fcm\u00fcn\u00fc g\u00fcvenlik, g\u00fcven ve g\u00fcvenlik art\u0131r\u0131c\u0131 \u00f6nlemler,savunma, silahlar\u0131n kontrol\u00fc, silahs\u0131zlanma konular\u0131nda \u00e7al\u0131\u015fmalar yaparak ge\u00e7irmi\u015ftir. Singapur,Ukrayna ve Japonya\u2019da B\u00fcy\u00fckel\u00e7ilik yapm\u0131\u015f bulunan Dr. Meri\u00e7, Japonya \u0130mparatoru taraf\u0131ndan Y\u00fckselen G\u00fcne\u015f ni\u015fan\u0131 ile onurland\u0131r\u0131lm\u0131\u015ft\u0131r. Emekli olduktan sonra akademik hayata y\u00f6nelen yazar\u0131n akademik makalelerinin yan\u0131 s\u0131ra, www.yurtseverlik.com internet gazetesindeki k\u00f6\u015fesinde g\u00fcncel d\u0131\u015f politika konular\u0131 \u00fczerinde yay\u0131mlanm\u0131\u015f \u00e7ok say\u0131da yaz\u0131s\u0131 bulunmaktad\u0131r. B\u00fcy\u00fckel\u00e7i (E) Meri\u00e7 edindi\u011fi birikimi ayr\u0131ca bir\u00e7ok televizyon program\u0131na kat\u0131larak kamuoyumuzla payla\u015fmaktad\u0131r.Yazar\u0131n Doktora tezinden kaynaklanan kitap g\u00fcncel bir konuya \u0131\u015f\u0131k tutmaktad\u0131r. K\u00fcreselle\u015fme ile birlikte uluslararas\u0131 sistemin yap\u0131s\u0131 de\u011fi\u015fmektedir. So\u011fuk Sava\u015ftan hegemon g\u00fc\u00e7 olarak \u00e7\u0131km\u0131\u015f bulunan ABD\u2019nin bu konumu Afganistan ve Irak sava\u015flar\u0131ndan sonra zay\u0131flam\u0131\u015ft\u0131r. \u00c7in ekonomik ve Rusya askeri g\u00fc\u00e7 projeksiyonlar\u0131yla ABD\u2019i s\u0131k\u0131\u015ft\u0131rmaktad\u0131r. Jeopolitik d\u00fczlemdeki de\u011fi\u015fim yeni So\u011fuk Sava\u015f ko\u015fullar\u0131n\u0131 getirmi\u015ftir. ABD art\u0131k, \u015fimdiye kadar edindi\u011fi n\u00fcfuz alan\u0131n\u0131 koruma aray\u0131\u015f\u0131 i\u00e7erisindedir. Avrupa da ABD merkezli bir d\u00fczeni muhafazay\u0131 tercih etmektedir. Buna g\u00f6re Bat\u0131\u2019n\u0131n g\u00fcvenlik doktrinleri de\u011fi\u015fmekte ve melez sava\u015f konsepti giderek hayat\u0131m\u0131za girmektedir. K\u0131saca ne bar\u0131\u015f\u0131n ne de sava\u015f\u0131n mevcut oldu\u011fu s\u00fcrekli kriz ortam\u0131 olarak tan\u0131mlanacak melez sava\u015f bug\u00fcn Suriye ve Ukrayna\u2019da ya\u015fanmaktad\u0131r.  Yazar\u0131n ilk eseri olan bu kitab\u0131n, \u00e7o\u011fu T\u00fcrkiye\u2019nin etraf\u0131nda cereyan eden \u00e7at\u0131\u015fma ekosisteminin daha iyi anla\u015f\u0131lmas\u0131na yard\u0131mc\u0131 olmas\u0131 umulmaktad\u0131r.<\/p>\n","protected":false},"excerpt":{"rendered":"<p>Emekli B\u00fcy\u00fckel\u00e7i Dr. Ahmet B\u00fclent Meri\u00e7 40 y\u0131l s\u00fcren diplomasi kariyerinin b\u00fcy\u00fck b\u00f6l\u00fcm\u00fcn\u00fc g\u00fcvenlik, g\u00fcven ve g\u00fcvenlik art\u0131r\u0131c\u0131 \u00f6nlemler,savunma, silahlar\u0131n kontrol\u00fc, silahs\u0131zlanma konular\u0131nda \u00e7al\u0131\u015fmalar yaparak ge\u00e7irmi\u015ftir.<span class=\"excerpt-hellip\"> [\u2026]<\/span><\/p>\n","protected":false},"featured_media":0,"template":"","meta":{"_monsterinsights_skip_tracking":false,"_monsterinsights_sitenote_active":false,"_monsterinsights_sitenote_note":"","_monsterinsights_sitenote_category":0},"product_brand":[],"product_cat":[13590,12337],"product_tag":[],"class_list":{"0":"post-765463","1":"product","2":"type-product","3":"status-publish","5":"product_cat-arastirma-inceleme-politika-siyaset","6":"product_cat-politika-siyaset","7":"pa_cilt-ciltsiz","8":"pa_tur-kitap","9":"pa_yayinevi-orion-kitabevi","10":"pa_yazar-bulent-meric","12":"first","13":"instock","14":"sale","15":"shipping-taxable","16":"purchasable","17":"product-type-simple"},"_links":{"self":[{"href":"https:\/\/roveyayinevi.com.tr\/index.php\/wp-json\/wp\/v2\/product\/765463","targetHints":{"allow":["GET"]}}],"collection":[{"href":"https:\/\/roveyayinevi.com.tr\/index.php\/wp-json\/wp\/v2\/product"}],"about":[{"href":"https:\/\/roveyayinevi.com.tr\/index.php\/wp-json\/wp\/v2\/types\/product"}],"wp:attachment":[{"href":"https:\/\/roveyayinevi.com.tr\/index.php\/wp-json\/wp\/v2\/media?parent=765463"}],"wp:term":[{"taxonomy":"product_brand","embeddable":true,"href":"https:\/\/roveyayinevi.com.tr\/index.php\/wp-json\/wp\/v2\/product_brand?post=765463"},{"taxonomy":"product_cat","embeddable":true,"href":"https:\/\/roveyayinevi.com.tr\/index.php\/wp-json\/wp\/v2\/product_cat?post=765463"},{"taxonomy":"product_tag","embeddable":true,"href":"https:\/\/roveyayinevi.com.tr\/index.php\/wp-json\/wp\/v2\/product_tag?post=765463"}],"curies":[{"name":"wp","href":"https:\/\/api.w.org\/{rel}","templated":true}]}}