{"id":765462,"date":"2025-08-28T11:44:02","date_gmt":"2025-08-28T08:44:02","guid":{"rendered":"https:\/\/roveyayinevi.com.tr\/index.php\/urun\/baris-sevgi-ozgurluk\/"},"modified":"2026-04-15T03:31:27","modified_gmt":"2026-04-15T00:31:27","slug":"baris-sevgi-ozgurluk","status":"publish","type":"product","link":"https:\/\/roveyayinevi.com.tr\/index.php\/urun\/baris-sevgi-ozgurluk\/","title":{"rendered":"Bar\u0131\u015f Sevgi \u00d6zg\u00fcrl\u00fck"},"content":{"rendered":"<p>E\u011fer konu &#8220;sava\u015f&#8221; ise, &#8220;karars\u0131z&#8221; olmak gibi bir ihtimal yoktur. E\u011fer sava\u015fa raz\u0131 de\u011filseniz, ona kar\u015f\u0131 olmak durumundas\u0131n\u0131z.Bu kitaptaki makaleler \u00f6zg\u00fcrl\u00fck\u00e7\u00fc bir perspektiften bar\u0131\u015f savunusu yapmaktad\u0131r. Bar\u0131\u015f\u0131n hem ahlaki hem de pratik meziyetlerini ortaya koymaktad\u0131r. Yazarlara g\u00f6re sava\u015f san\u0131ld\u0131\u011f\u0131 gibi insan do\u011fas\u0131n\u0131n k\u00f6t\u00fcl\u00fc\u011f\u00fcnden kaynaklanmaz. Sava\u015flar\u0131n esas kayna\u011f\u0131, bireylerin haklar\u0131n\u0131 ve \u00f6zg\u00fcrl\u00fc\u011f\u00fcn\u00fc s\u0131n\u0131rland\u0131ran otoritelerdir. \u0130nsanlar\u0131n \u00f6zg\u00fcrl\u00fc\u011f\u00fc artt\u0131k\u00e7a sava\u015flar\u0131n say\u0131s\u0131 ve me\u015fruiyeti azalacakt\u0131r. Nitekim bug\u00fcn insanl\u0131k, sahip oldugu \u00f6zg\u00fcrl\u00fck art\u0131\u015f\u0131na paralel olarak, sava\u015f\u0131n insan hayat\u0131nda en az yer i\u015fgal ettigi bir d\u00f6nemi ya\u015famaktad\u0131r.Bu kitap, bar\u0131\u015f\u0131n ve \u00f6zg\u00fcrl\u00fc\u011f\u00fcn siyasal, ekonomik, sosyal ve psikolojik ko\u015fullar\u0131n\u0131 ara\u015ft\u0131r\u0131yor. Yazarlar bu ko\u015fullar\u0131 ke\u015ffetmekle kalmay\u0131p, bu ko\u015fullar\u0131n tesis edilmesi i\u00e7in harekete ge\u00e7meyi sal\u0131k veriyor ve okuyucuya bir yol haritas\u0131 sunuyor.<\/p>\n","protected":false},"excerpt":{"rendered":"<p>E\u011fer konu &#8220;sava\u015f&#8221; ise, &#8220;karars\u0131z&#8221; olmak gibi bir ihtimal yoktur. E\u011fer sava\u015fa raz\u0131 de\u011filseniz, ona kar\u015f\u0131 olmak durumundas\u0131n\u0131z.Bu kitaptaki makaleler \u00f6zg\u00fcrl\u00fck\u00e7\u00fc bir perspektiften bar\u0131\u015f savunusu yapmaktad\u0131r.<span class=\"excerpt-hellip\"> [\u2026]<\/span><\/p>\n","protected":false},"featured_media":0,"template":"","meta":{"_monsterinsights_skip_tracking":false,"_monsterinsights_sitenote_active":false,"_monsterinsights_sitenote_note":"","_monsterinsights_sitenote_category":0},"product_brand":[],"product_cat":[12351,12324],"product_tag":[],"class_list":{"0":"post-765462","1":"product","2":"type-product","3":"status-publish","5":"product_cat-siyaset-sosyolojisi","6":"product_cat-sosyoloji","7":"pa_cilt-ciltsiz","8":"pa_tur-kitap","9":"pa_yayinevi-orion-kitabevi","10":"pa_yazar-kolektif","12":"first","13":"instock","14":"sale","15":"shipping-taxable","16":"purchasable","17":"product-type-simple"},"_links":{"self":[{"href":"https:\/\/roveyayinevi.com.tr\/index.php\/wp-json\/wp\/v2\/product\/765462","targetHints":{"allow":["GET"]}}],"collection":[{"href":"https:\/\/roveyayinevi.com.tr\/index.php\/wp-json\/wp\/v2\/product"}],"about":[{"href":"https:\/\/roveyayinevi.com.tr\/index.php\/wp-json\/wp\/v2\/types\/product"}],"wp:attachment":[{"href":"https:\/\/roveyayinevi.com.tr\/index.php\/wp-json\/wp\/v2\/media?parent=765462"}],"wp:term":[{"taxonomy":"product_brand","embeddable":true,"href":"https:\/\/roveyayinevi.com.tr\/index.php\/wp-json\/wp\/v2\/product_brand?post=765462"},{"taxonomy":"product_cat","embeddable":true,"href":"https:\/\/roveyayinevi.com.tr\/index.php\/wp-json\/wp\/v2\/product_cat?post=765462"},{"taxonomy":"product_tag","embeddable":true,"href":"https:\/\/roveyayinevi.com.tr\/index.php\/wp-json\/wp\/v2\/product_tag?post=765462"}],"curies":[{"name":"wp","href":"https:\/\/api.w.org\/{rel}","templated":true}]}}