{"id":765461,"date":"2025-08-28T11:44:00","date_gmt":"2025-08-28T08:44:00","guid":{"rendered":"https:\/\/roveyayinevi.com.tr\/index.php\/urun\/avrupa-birliginin-uluslararasi-iliskileri-ve-turkiye\/"},"modified":"2026-04-15T03:31:27","modified_gmt":"2026-04-15T00:31:27","slug":"avrupa-birliginin-uluslararasi-iliskileri-ve-turkiye","status":"publish","type":"product","link":"https:\/\/roveyayinevi.com.tr\/index.php\/urun\/avrupa-birliginin-uluslararasi-iliskileri-ve-turkiye\/","title":{"rendered":"Avrupa Birli\u011finin Uluslararas\u0131 \u0130li\u015fkileri ve T\u00fcrkiye"},"content":{"rendered":"<p>Bilindi\u011fi gibi, normal bir uluslararas\u0131 \u00f6rg\u00fct modelini a\u015farak kurucu antla\u015fmalar\u0131n verdi\u011fi yetkiler ba\u011flam\u0131nda organlar\u0131n\u0131n kararlar\u0131n\u0131n ulusal hukuk d\u00fczenine etki uyand\u0131rd\u0131\u011f\u0131 d\u00fcnyada kendisine m\u00fcnhas\u0131r tek bir ulus \u00fcst\u00fc \u00f6rg\u00fct \u00f6rne\u011fi niteli\u011findeki Avrupa Birli\u011fi, Avrupa&#8217;da ekonomik b\u00fct\u00fcnle\u015fme amac\u0131ndan yola \u00e7\u0131karak siyasal birli\u011fi hedefleyen bir yap\u0131lanma olarak kurulmu\u015ftur. \u0130ki y\u00fcz y\u0131l\u0131 a\u015fk\u0131n bir s\u00fcre\u00e7te T\u00fcrkiye&#8217;nin bat\u0131l\u0131la\u015fma ve modernle\u015fme projesi kapsam\u0131nda Avrupa Birli\u011fi i\u00e7inde yer alma hedefi, altm\u0131\u015f y\u0131ldan beri ini\u015fli \u00e7\u0131k\u0131\u015fl\u0131 d\u00f6nemlere ra\u011fmen g\u00fcncelli\u011fini korumaktad\u0131r. Avrupa Birli\u011fi&#8217;nin sadece ekonomik ve teknolojik kalk\u0131nma projesi olmay\u0131p, siyasal ve medeniyet projesi olmas\u0131 T\u00fcrkiye&#8217;nin bu yap\u0131lanmaya tam \u00fcyelik hedefinin sonu\u00e7lanmamas\u0131n\u0131 beraberinde getirmektedir. De\u011fi\u015fik \u00fcniversitelerden konular\u0131nda uzman olan birikimli akademisyenlerin bu konuda yapt\u0131klar\u0131 de\u011ferlendirmeleri i\u00e7eren \u00e7al\u0131\u015fmalar\u0131, farkl\u0131 perspektiften T\u00fcrkiye&#8217;nin AB ile ili\u015fkilerinin nas\u0131l g\u00f6r\u00fcnd\u00fc\u011f\u00fcyle ilgili genel bir resmi ortaya koymalar\u0131 a\u00e7\u0131s\u0131ndan alana olduk\u00e7a \u00f6nemli katk\u0131 sa\u011flayacakt\u0131r.<\/p>\n","protected":false},"excerpt":{"rendered":"<p>Bilindi\u011fi gibi, normal bir uluslararas\u0131 \u00f6rg\u00fct modelini a\u015farak kurucu antla\u015fmalar\u0131n verdi\u011fi yetkiler ba\u011flam\u0131nda organlar\u0131n\u0131n kararlar\u0131n\u0131n ulusal hukuk d\u00fczenine etki uyand\u0131rd\u0131\u011f\u0131 d\u00fcnyada kendisine m\u00fcnhas\u0131r tek bir ulus<span class=\"excerpt-hellip\"> [\u2026]<\/span><\/p>\n","protected":false},"featured_media":0,"template":"","meta":{"_monsterinsights_skip_tracking":false,"_monsterinsights_sitenote_active":false,"_monsterinsights_sitenote_note":"","_monsterinsights_sitenote_category":0},"product_brand":[],"product_cat":[13590,12337],"product_tag":[],"class_list":{"0":"post-765461","1":"product","2":"type-product","3":"status-publish","5":"product_cat-arastirma-inceleme-politika-siyaset","6":"product_cat-politika-siyaset","7":"pa_cilt-ciltsiz","8":"pa_tur-kitap","9":"pa_yayinevi-orion-kitabevi","10":"pa_yazar-ilhan-sagsen","12":"first","13":"instock","14":"sale","15":"shipping-taxable","16":"purchasable","17":"product-type-simple"},"_links":{"self":[{"href":"https:\/\/roveyayinevi.com.tr\/index.php\/wp-json\/wp\/v2\/product\/765461","targetHints":{"allow":["GET"]}}],"collection":[{"href":"https:\/\/roveyayinevi.com.tr\/index.php\/wp-json\/wp\/v2\/product"}],"about":[{"href":"https:\/\/roveyayinevi.com.tr\/index.php\/wp-json\/wp\/v2\/types\/product"}],"wp:attachment":[{"href":"https:\/\/roveyayinevi.com.tr\/index.php\/wp-json\/wp\/v2\/media?parent=765461"}],"wp:term":[{"taxonomy":"product_brand","embeddable":true,"href":"https:\/\/roveyayinevi.com.tr\/index.php\/wp-json\/wp\/v2\/product_brand?post=765461"},{"taxonomy":"product_cat","embeddable":true,"href":"https:\/\/roveyayinevi.com.tr\/index.php\/wp-json\/wp\/v2\/product_cat?post=765461"},{"taxonomy":"product_tag","embeddable":true,"href":"https:\/\/roveyayinevi.com.tr\/index.php\/wp-json\/wp\/v2\/product_tag?post=765461"}],"curies":[{"name":"wp","href":"https:\/\/api.w.org\/{rel}","templated":true}]}}