{"id":765460,"date":"2025-08-28T11:43:59","date_gmt":"2025-08-28T08:43:59","guid":{"rendered":"https:\/\/roveyayinevi.com.tr\/index.php\/urun\/anayasa-mahkemesine-bireysel-basvuruda-idari-davalara-bakan-yonuyle-kabul-edilebilirlik-kriterleri\/"},"modified":"2026-04-15T03:31:27","modified_gmt":"2026-04-15T00:31:27","slug":"anayasa-mahkemesine-bireysel-basvuruda-idari-davalara-bakan-yonuyle-kabul-edilebilirlik-kriterleri","status":"publish","type":"product","link":"https:\/\/roveyayinevi.com.tr\/index.php\/urun\/anayasa-mahkemesine-bireysel-basvuruda-idari-davalara-bakan-yonuyle-kabul-edilebilirlik-kriterleri\/","title":{"rendered":"Anayasa Mahkemesine Bireysel Ba\u015fvuruda \u0130dari Davalara Bakan Y\u00f6n\u00fcyle Kabul Edilebilirlik Kriterleri"},"content":{"rendered":"<p>Anayasa Mahkemesinin \u00f6n\u00fcne bireysel ba\u015fvuru yoluyla ta\u015f\u0131nan idare hukukuna ili\u015fkin temel hak ve \u00f6zg\u00fcrl\u00fck iddialar\u0131 a\u00e7\u0131s\u0131ndan kabul edilebilirlik kriterleri b\u00fcy\u00fck bir \u00f6neme sahiptir. Zira, idare hukukuna ili\u015fkin esasl\u0131 problemlerin nitelikli \u015fekilde ele al\u0131nabilmesi, esastan incelenmeyecek dosyalar\u0131n Mahkemenin \u00fczerinde olu\u015fturaca\u011f\u0131 bask\u0131y\u0131 engellemekle m\u00fcmk\u00fcn olabilecektir. Dolay\u0131s\u0131yla idari uyu\u015fmazl\u0131klara ili\u015fkin ba\u015fvurularda etkili bir kabul edilebilirlik incelemesi sisteminin kurulmas\u0131, esasl\u0131 dosyalar\u0131n Anayasa Mahkemesi taraf\u0131ndan bir an \u00f6nce \u00e7\u00f6z\u00fcme kavu\u015fturulmas\u0131na hizmet edecektir. Di\u011fer taraftan, temel hak ve \u00f6zg\u00fcrl\u00fcklerinin ihlal edildi\u011fini ileri s\u00fcren ba\u015fvurucular\u0131n ba\u015fvurusunu \u00f6zenli bir \u015fekilde yapma y\u00fck\u00fcml\u00fcl\u00fckleri bulunmaktad\u0131r. Bu do\u011frultuda ba\u015fvurucular, ba\u015fvurular\u0131n\u0131n esastan incelenebilmesi i\u00e7in gerekli kriterleri sa\u011flama konusunda dikkatli olmal\u0131d\u0131rlar. Aksi halde, yani bir ba\u015fvurunun kabul edilebilirlik ko\u015fullar\u0131n\u0131 sa\u011flama noktas\u0131nda yetersiz kalmas\u0131 durumunda ba\u015fvuru, daha komisyonlar nezdinde yap\u0131lan kabul edilebilirlik incelemesi a\u015famas\u0131nda kabul edilemez bulunacakt\u0131r. Bu \u00e7al\u0131\u015fmada, Anayasa Mahkemesine yap\u0131lan bireysel ba\u015fvurular\u0131n b\u00fcy\u00fck \u00e7o\u011funlu\u011fu hakk\u0131nda kabul edilemezlik karar\u0131 verildi\u011fi dikkate al\u0131narak, Mahkemenin temel hak ve \u00f6zg\u00fcrl\u00fck ihlali iddias\u0131 i\u00e7eren ve idari davalara ili\u015fkin olan i\u00e7tihatlar\u0131 ortaya konulup yorumlanmaya \u00e7al\u0131\u015f\u0131lm\u0131\u015f, idari davalara ili\u015fkin baz\u0131 \u00f6zel durumlar\u0131n bireysel ba\u015fvuru sistemi i\u00e7inde nas\u0131l de\u011ferlendirilebilece\u011fini ortaya \u00e7\u0131karmak ama\u00e7lanm\u0131\u015ft\u0131r. B\u00f6ylelikle idari yarg\u0131 mercileri \u00f6n\u00fcnde hukuki bir uyu\u015fmazl\u0131\u011f\u0131n taraf\u0131 olan bireylerin, Anayasa Mahkemesi nezdinde dile getirmek istedikleri bireysel hak ihlallerinin hangi \u015fartlar\u0131 ta\u015f\u0131mas\u0131 halinde esastan incelenebilece\u011fi, ba\u015fvuruda hangi hususlara dikkat edilmesi gerekti\u011fi ve idari uyu\u015fmazl\u0131klara ili\u015fkin Anayasa Mahkemesinin genel tavr\u0131 ortaya konulmaya \u00e7al\u0131\u015f\u0131lm\u0131\u015ft\u0131r.<\/p>\n","protected":false},"excerpt":{"rendered":"<p>Anayasa Mahkemesinin \u00f6n\u00fcne bireysel ba\u015fvuru yoluyla ta\u015f\u0131nan idare hukukuna ili\u015fkin temel hak ve \u00f6zg\u00fcrl\u00fck iddialar\u0131 a\u00e7\u0131s\u0131ndan kabul edilebilirlik kriterleri b\u00fcy\u00fck bir \u00f6neme sahiptir. Zira, idare hukukuna<span class=\"excerpt-hellip\"> [\u2026]<\/span><\/p>\n","protected":false},"featured_media":0,"template":"","meta":{"_monsterinsights_skip_tracking":false,"_monsterinsights_sitenote_active":false,"_monsterinsights_sitenote_note":"","_monsterinsights_sitenote_category":0},"product_brand":[],"product_cat":[15350,17602],"product_tag":[],"class_list":{"0":"post-765460","1":"product","2":"type-product","3":"status-publish","5":"product_cat-hukuk","6":"product_cat-hukuk-uzerine","7":"pa_cilt-ciltsiz","8":"pa_tur-kitap","9":"pa_yayinevi-orion-kitabevi","10":"pa_yazar-bulent-altinsoy","12":"first","13":"instock","14":"sale","15":"shipping-taxable","16":"purchasable","17":"product-type-simple"},"_links":{"self":[{"href":"https:\/\/roveyayinevi.com.tr\/index.php\/wp-json\/wp\/v2\/product\/765460","targetHints":{"allow":["GET"]}}],"collection":[{"href":"https:\/\/roveyayinevi.com.tr\/index.php\/wp-json\/wp\/v2\/product"}],"about":[{"href":"https:\/\/roveyayinevi.com.tr\/index.php\/wp-json\/wp\/v2\/types\/product"}],"wp:attachment":[{"href":"https:\/\/roveyayinevi.com.tr\/index.php\/wp-json\/wp\/v2\/media?parent=765460"}],"wp:term":[{"taxonomy":"product_brand","embeddable":true,"href":"https:\/\/roveyayinevi.com.tr\/index.php\/wp-json\/wp\/v2\/product_brand?post=765460"},{"taxonomy":"product_cat","embeddable":true,"href":"https:\/\/roveyayinevi.com.tr\/index.php\/wp-json\/wp\/v2\/product_cat?post=765460"},{"taxonomy":"product_tag","embeddable":true,"href":"https:\/\/roveyayinevi.com.tr\/index.php\/wp-json\/wp\/v2\/product_tag?post=765460"}],"curies":[{"name":"wp","href":"https:\/\/api.w.org\/{rel}","templated":true}]}}