{"id":765458,"date":"2025-08-28T11:43:57","date_gmt":"2025-08-28T08:43:57","guid":{"rendered":"https:\/\/roveyayinevi.com.tr\/index.php\/urun\/ak-partili-yillar\/"},"modified":"2026-04-15T03:31:27","modified_gmt":"2026-04-15T00:31:27","slug":"ak-partili-yillar","status":"publish","type":"product","link":"https:\/\/roveyayinevi.com.tr\/index.php\/urun\/ak-partili-yillar\/","title":{"rendered":"Ak Partili Y\u0131llar"},"content":{"rendered":"<p>Son y\u0131llarda T\u00fcrk d\u0131\u015f politikas\u0131n\u0131n yeniden yap\u0131lanmas\u0131nda iki temel geli\u015fme belirleyici bir rol oynad\u0131. Bunlardan birincisi, 1999 Helsinki Zirvesi&#8217;nde T\u00fcrkiye&#8217;ye aday \u00fclke stat\u00fcs\u00fcn\u00fcn verilmesidir. Helsinki sonras\u0131 s\u00fcre\u00e7 bir yandan T\u00fcrkiye&#8217;nin siyasal ve ekonomik yeniden yap\u0131lanmas\u0131n\u0131 tetiklerken, \u00f6te yandan da T\u00fcrk d\u0131\u015f politikas\u0131n\u0131n \u00f6nceliklerini, yap\u0131m s\u00fcrecini ve uygulamas\u0131n\u0131 demokrasi, insan haklar\u0131 ve hukuk devleti tesisi gibi i\u00e7 politik ko\u015fullar\u0131 yerine getirilmeye \u00e7al\u0131\u015f\u0131l\u0131rken, b\u00f6lgesel ve k\u00fcresel geli\u015fmelerde de T\u00fcrkiye&#8217;nin politikalar\u0131 AB ile uyumla\u015ft\u0131r\u0131lmaya \u00e7al\u0131\u015f\u0131ld\u0131..<\/p>\n","protected":false},"excerpt":{"rendered":"<p>Son y\u0131llarda T\u00fcrk d\u0131\u015f politikas\u0131n\u0131n yeniden yap\u0131lanmas\u0131nda iki temel geli\u015fme belirleyici bir rol oynad\u0131. Bunlardan birincisi, 1999 Helsinki Zirvesi&#8217;nde T\u00fcrkiye&#8217;ye aday \u00fclke stat\u00fcs\u00fcn\u00fcn verilmesidir. Helsinki sonras\u0131<span class=\"excerpt-hellip\"> [\u2026]<\/span><\/p>\n","protected":false},"featured_media":0,"template":"","meta":{"_monsterinsights_skip_tracking":false,"_monsterinsights_sitenote_active":false,"_monsterinsights_sitenote_note":"","_monsterinsights_sitenote_category":0},"product_brand":[],"product_cat":[12338,12337],"product_tag":[],"class_list":{"0":"post-765458","1":"product","2":"type-product","3":"status-publish","5":"product_cat-dunya-siyaseti-ve-politikasi","6":"product_cat-politika-siyaset","7":"pa_cilt-ciltsiz","8":"pa_tur-kitap","9":"pa_yayinevi-orion-kitabevi","10":"pa_yazar-kolektif","12":"first","13":"instock","14":"sale","15":"shipping-taxable","16":"purchasable","17":"product-type-simple"},"_links":{"self":[{"href":"https:\/\/roveyayinevi.com.tr\/index.php\/wp-json\/wp\/v2\/product\/765458","targetHints":{"allow":["GET"]}}],"collection":[{"href":"https:\/\/roveyayinevi.com.tr\/index.php\/wp-json\/wp\/v2\/product"}],"about":[{"href":"https:\/\/roveyayinevi.com.tr\/index.php\/wp-json\/wp\/v2\/types\/product"}],"wp:attachment":[{"href":"https:\/\/roveyayinevi.com.tr\/index.php\/wp-json\/wp\/v2\/media?parent=765458"}],"wp:term":[{"taxonomy":"product_brand","embeddable":true,"href":"https:\/\/roveyayinevi.com.tr\/index.php\/wp-json\/wp\/v2\/product_brand?post=765458"},{"taxonomy":"product_cat","embeddable":true,"href":"https:\/\/roveyayinevi.com.tr\/index.php\/wp-json\/wp\/v2\/product_cat?post=765458"},{"taxonomy":"product_tag","embeddable":true,"href":"https:\/\/roveyayinevi.com.tr\/index.php\/wp-json\/wp\/v2\/product_tag?post=765458"}],"curies":[{"name":"wp","href":"https:\/\/api.w.org\/{rel}","templated":true}]}}