{"id":765457,"date":"2025-08-28T11:43:56","date_gmt":"2025-08-28T08:43:56","guid":{"rendered":"https:\/\/roveyayinevi.com.tr\/index.php\/urun\/28-subat-gunlugu\/"},"modified":"2026-04-15T03:31:27","modified_gmt":"2026-04-15T00:31:27","slug":"28-subat-gunlugu","status":"publish","type":"product","link":"https:\/\/roveyayinevi.com.tr\/index.php\/urun\/28-subat-gunlugu\/","title":{"rendered":"28 \u015eubat G\u00fcnl\u00fc\u011f\u00fc"},"content":{"rendered":"<p>Mustafa Erdo\u011fan &#8220;28 \u015eubat S\u00fcreci&#8221;ni bu &#8220;post-modern&#8221; darbeye hem kalemi ve s\u00f6z\u00fcyle aktif olarak direnmi\u015f bir yurtta\u015f olarak, hem de o d\u00f6nemin bir ma\u011fduru olarak ya\u015fam\u0131\u015ft\u0131. Elinizdeki kitab\u0131n ilk bask\u0131s\u0131n\u0131 da, daha 1999 y\u0131l\u0131nda, tarihe not d\u00fc\u015fmek amac\u0131yla yay\u0131mlam\u0131\u015ft\u0131. Bundan dolay\u0131, o bask\u0131da yazar\u0131n 1997-1999 aras\u0131ndaki yakla\u015f\u0131k \u00fc\u00e7 y\u0131ll\u0131k d\u00f6nemde kaleme ald\u0131\u011f\u0131 g\u00fcncel yaz\u0131lar yer al\u0131yordu. Bu haliyle kitap bir darbe g\u00fcncesi \u00f6zelli\u011fi ta\u015f\u0131yordu; dolay\u0131s\u0131yla onu bir ar\u015fiv malzemesi gibi de g\u00f6rebilirsiniz. Erdo\u011fan bu yeni bask\u0131ya &#8220;28 \u015eubat S\u00fcreci&#8221; hakk\u0131nda daha sonraki y\u0131llarda kaleme ald\u0131\u011f\u0131 iki analiz yaz\u0131s\u0131yla birlikte, bu s\u00fcre\u00e7te ba\u015f\u0131ndan ge\u00e7enleri k\u0131saca hikaye etti\u011fi bir yaz\u0131y\u0131 ekledi.Bu kitab\u0131n 28 \u015eubat&#8217;\u0131n yarg\u0131land\u0131\u011f\u0131 bu g\u00fcnlerde &#8220;bir hat\u0131rlat\u0131c\u0131&#8221; olmas\u0131n\u0131 diliyorum. Malum, mahut darbeyi tahrik ve te\u015fvik etmi\u015f, ona adeta bir &#8220;Bayram co\u015fkusu&#8221; ya\u015fan\u0131rcas\u0131na destek vermi\u015f, zalimlere hedef g\u00f6stermi\u015f, ma\u011fduriyetleri alk\u0131\u015flam\u0131\u015f, \u015fu veya bu \u015fekilde &#8221; durumdan vazife \u00e7\u0131karm\u0131\u015f&#8221; olan niceleri \u015fimdilerde suret-i haktan g\u00f6r\u00fcnmeye veya kendilerini mazur g\u00f6stermeye \u00e7al\u0131\u015f\u0131yor. \u0130\u015fte bunun i\u00e7in, b\u00f6yle bir &#8220;hat\u0131rlat\u0131c\u0131&#8221;ya tam da bug\u00fcnlerde ihtiya\u00e7 oldu\u011fu konusunda, hi\u00e7 de\u011filse kitab\u0131 okuduktan sonra, yazara kat\u0131laca\u011f\u0131n\u0131z\u0131 umuyoruz.<\/p>\n","protected":false},"excerpt":{"rendered":"<p>Mustafa Erdo\u011fan &#8220;28 \u015eubat S\u00fcreci&#8221;ni bu &#8220;post-modern&#8221; darbeye hem kalemi ve s\u00f6z\u00fcyle aktif olarak direnmi\u015f bir yurtta\u015f olarak, hem de o d\u00f6nemin bir ma\u011fduru olarak ya\u015fam\u0131\u015ft\u0131.<span class=\"excerpt-hellip\"> [\u2026]<\/span><\/p>\n","protected":false},"featured_media":0,"template":"","meta":{"_monsterinsights_skip_tracking":false,"_monsterinsights_sitenote_active":false,"_monsterinsights_sitenote_note":"","_monsterinsights_sitenote_category":0},"product_brand":[],"product_cat":[12337],"product_tag":[],"class_list":{"0":"post-765457","1":"product","2":"type-product","3":"status-publish","5":"product_cat-politika-siyaset","6":"pa_cilt-ciltsiz","7":"pa_tur-kitap","8":"pa_yayinevi-orion-kitabevi","9":"pa_yazar-mustafa-erdogan","11":"first","12":"instock","13":"sale","14":"shipping-taxable","15":"purchasable","16":"product-type-simple"},"_links":{"self":[{"href":"https:\/\/roveyayinevi.com.tr\/index.php\/wp-json\/wp\/v2\/product\/765457","targetHints":{"allow":["GET"]}}],"collection":[{"href":"https:\/\/roveyayinevi.com.tr\/index.php\/wp-json\/wp\/v2\/product"}],"about":[{"href":"https:\/\/roveyayinevi.com.tr\/index.php\/wp-json\/wp\/v2\/types\/product"}],"wp:attachment":[{"href":"https:\/\/roveyayinevi.com.tr\/index.php\/wp-json\/wp\/v2\/media?parent=765457"}],"wp:term":[{"taxonomy":"product_brand","embeddable":true,"href":"https:\/\/roveyayinevi.com.tr\/index.php\/wp-json\/wp\/v2\/product_brand?post=765457"},{"taxonomy":"product_cat","embeddable":true,"href":"https:\/\/roveyayinevi.com.tr\/index.php\/wp-json\/wp\/v2\/product_cat?post=765457"},{"taxonomy":"product_tag","embeddable":true,"href":"https:\/\/roveyayinevi.com.tr\/index.php\/wp-json\/wp\/v2\/product_tag?post=765457"}],"curies":[{"name":"wp","href":"https:\/\/api.w.org\/{rel}","templated":true}]}}