{"id":765456,"date":"2025-08-28T11:43:54","date_gmt":"2025-08-28T08:43:54","guid":{"rendered":"https:\/\/roveyayinevi.com.tr\/index.php\/urun\/milli-mucadelemiz-istiklal-marsimiz\/"},"modified":"2026-04-15T03:31:27","modified_gmt":"2026-04-15T00:31:27","slug":"milli-mucadelemiz-istiklal-marsimiz","status":"publish","type":"product","link":"https:\/\/roveyayinevi.com.tr\/index.php\/urun\/milli-mucadelemiz-istiklal-marsimiz\/","title":{"rendered":"Milli M\u00fccadele&#8217;miz \u0130stiklal Mar\u015f\u0131&#8217;m\u0131z"},"content":{"rendered":"<p>T\u00fcrkiye Cumhuriyeti Devleti, \u00fc\u00e7 temel \u00fczerine kurulmu\u015f g\u00f6rkemli bir yap\u0131d\u0131r. Bu temelleri \u015f\u00f6yle s\u0131ralayabiliriz: 1) Mill\u00ee M\u00fccadele, 2) Osmanl\u0131 Miras\u0131, 3) Atat\u00fcrk Devrimleri. T\u00fcrkiye Cumhuriyeti Devleti&#8217;ni tan\u0131mak, sahiplenmek, onu daha ileri ve g\u00fczel bir duruma getirmek isteyen her gen\u00e7, bu temelleri yak\u0131ndan tan\u0131mak durumundad\u0131r.Bu temellerin ba\u015f\u0131nda Mill\u00ee M\u00fccadele gelir. Mill\u00ee M\u00fccadele, T\u00fcrk milleti&#8217;nin can\u0131n\u0131 di\u015fine takarak verdi\u011fi bir var olma ve bu topraklarda \u00f6zg\u00fcr olarak ya\u015fama iradesinin destans\u0131 bir m\u00fccadelesidir. Mill\u00ee M\u00fccadele zaferle sonu\u00e7land\u0131ktan sonrad\u0131r ki onu y\u00fcr\u00fctenler, T\u00fcrkiye&#8217;nin zengin tarihsel birikim ve deneyiminden yararlanarak yeni bir devlet kurmu\u015f ve ona \u00e7a\u011fda\u015f bir g\u00f6r\u00fcn\u00fcm kazand\u0131rm\u0131\u015flard\u0131r.\u0130stiklal Mar\u015f\u0131&#8217;m\u0131z, Mill\u00ee M\u00fccadele devam ederken onu y\u00fcr\u00fctenlerin iradesiyle ortaya konulmu\u015f bir metindir. O metni okur, yorumlar ve \u00e7\u00f6z\u00fcmlerken do\u011fdu\u011fu o tarihsel ba\u011flam\u0131 i\u00e7inde ele al\u0131p okumak, yorumlamak ve \u00e7\u00f6z\u00fcmlemek en sa\u011fl\u0131kl\u0131 y\u00f6ntemdir.Biz bu \u00e7al\u0131\u015fmam\u0131zda bu y\u00f6ntemi uygulamaya \u00e7al\u0131\u015ft\u0131k..<\/p>\n","protected":false},"excerpt":{"rendered":"<p>T\u00fcrkiye Cumhuriyeti Devleti, \u00fc\u00e7 temel \u00fczerine kurulmu\u015f g\u00f6rkemli bir yap\u0131d\u0131r. Bu temelleri \u015f\u00f6yle s\u0131ralayabiliriz: 1) Mill\u00ee M\u00fccadele, 2) Osmanl\u0131 Miras\u0131, 3) Atat\u00fcrk Devrimleri. T\u00fcrkiye Cumhuriyeti Devleti&#8217;ni<span class=\"excerpt-hellip\"> [\u2026]<\/span><\/p>\n","protected":false},"featured_media":0,"template":"","meta":{"_monsterinsights_skip_tracking":false,"_monsterinsights_sitenote_active":false,"_monsterinsights_sitenote_note":"","_monsterinsights_sitenote_category":0},"product_brand":[],"product_cat":[12370,12304],"product_tag":[],"class_list":{"0":"post-765456","1":"product","2":"type-product","3":"status-publish","5":"product_cat-arastirma-inceleme","6":"product_cat-tarih","7":"pa_cilt-ciltsiz","8":"pa_tur-kitap","9":"pa_yayinevi-akademik-kitaplar","10":"pa_yazar-recep-duymaz","12":"first","13":"instock","14":"sale","15":"shipping-taxable","16":"purchasable","17":"product-type-simple"},"_links":{"self":[{"href":"https:\/\/roveyayinevi.com.tr\/index.php\/wp-json\/wp\/v2\/product\/765456","targetHints":{"allow":["GET"]}}],"collection":[{"href":"https:\/\/roveyayinevi.com.tr\/index.php\/wp-json\/wp\/v2\/product"}],"about":[{"href":"https:\/\/roveyayinevi.com.tr\/index.php\/wp-json\/wp\/v2\/types\/product"}],"wp:attachment":[{"href":"https:\/\/roveyayinevi.com.tr\/index.php\/wp-json\/wp\/v2\/media?parent=765456"}],"wp:term":[{"taxonomy":"product_brand","embeddable":true,"href":"https:\/\/roveyayinevi.com.tr\/index.php\/wp-json\/wp\/v2\/product_brand?post=765456"},{"taxonomy":"product_cat","embeddable":true,"href":"https:\/\/roveyayinevi.com.tr\/index.php\/wp-json\/wp\/v2\/product_cat?post=765456"},{"taxonomy":"product_tag","embeddable":true,"href":"https:\/\/roveyayinevi.com.tr\/index.php\/wp-json\/wp\/v2\/product_tag?post=765456"}],"curies":[{"name":"wp","href":"https:\/\/api.w.org\/{rel}","templated":true}]}}