{"id":765454,"date":"2025-08-28T11:43:51","date_gmt":"2025-08-28T08:43:51","guid":{"rendered":"https:\/\/roveyayinevi.com.tr\/index.php\/urun\/yildizdan-kopmus-bir-sule\/"},"modified":"2026-04-15T03:31:27","modified_gmt":"2026-04-15T00:31:27","slug":"yildizdan-kopmus-bir-sule","status":"publish","type":"product","link":"https:\/\/roveyayinevi.com.tr\/index.php\/urun\/yildizdan-kopmus-bir-sule\/","title":{"rendered":"Y\u0131ld\u0131zdan Kopmu\u015f Bir \u015eule"},"content":{"rendered":"<p>Hayat\u0131 boyunca babas\u0131n\u0131n g\u00f6lgesinde kalan Ali Ekrem&#8217;in \u00f6l\u00fcm\u00fc dahi bu durumu de\u011fi\u015ftirememi\u015ftir. Onunla ilgili her yorum \u00f6n\u00fcnde sonunda Nam\u0131k Kemal&#8217;in o\u011flu olmas\u0131na gelip dayanmakta ve edeb\u00ee ki\u015fili\u011finin ya da eserlerinin objektif bir de\u011ferlendirmesini yapmak pek m\u00fcmk\u00fcn olamamaktad\u0131r. Bununla birlikte Hakk\u0131 S\u00fcha&#8217;n\u0131n \u015fu yorumuna kat\u0131lmamak da m\u00fcmk\u00fcn de\u011fildir: &#8220;Ali Ekrem, o adamlardand\u0131r ki, yazd\u0131\u011f\u0131 eserler kadar, hat\u0131ralar\u0131, mahfuzat\u0131, mektuplar\u0131, notlar\u0131 da edeb\u00ee tarih bak\u0131m\u0131ndan de\u011ferlidir. Bir devrin i\u00e7inden bu t\u00fcrl\u00fc insanlar, me\u015f&#8217;ale gibi etraf\u0131 ayd\u0131nlatarak ge\u00e7erler.&#8221;<\/p>\n","protected":false},"excerpt":{"rendered":"<p>Hayat\u0131 boyunca babas\u0131n\u0131n g\u00f6lgesinde kalan Ali Ekrem&#8217;in \u00f6l\u00fcm\u00fc dahi bu durumu de\u011fi\u015ftirememi\u015ftir. Onunla ilgili her yorum \u00f6n\u00fcnde sonunda Nam\u0131k Kemal&#8217;in o\u011flu olmas\u0131na gelip dayanmakta ve edeb\u00ee<span class=\"excerpt-hellip\"> [\u2026]<\/span><\/p>\n","protected":false},"featured_media":0,"template":"","meta":{"_monsterinsights_skip_tracking":false,"_monsterinsights_sitenote_active":false,"_monsterinsights_sitenote_note":"","_monsterinsights_sitenote_category":0},"product_brand":[],"product_cat":[12777,12291],"product_tag":[],"class_list":{"0":"post-765454","1":"product","2":"type-product","3":"status-publish","5":"product_cat-deneme","6":"product_cat-edebiyat","7":"pa_cilt-ciltsiz","8":"pa_tur-kitap","9":"pa_yayinevi-akademik-kitaplar","10":"pa_yazar-meral-demiryurek","12":"first","13":"instock","14":"sale","15":"shipping-taxable","16":"purchasable","17":"product-type-simple"},"_links":{"self":[{"href":"https:\/\/roveyayinevi.com.tr\/index.php\/wp-json\/wp\/v2\/product\/765454","targetHints":{"allow":["GET"]}}],"collection":[{"href":"https:\/\/roveyayinevi.com.tr\/index.php\/wp-json\/wp\/v2\/product"}],"about":[{"href":"https:\/\/roveyayinevi.com.tr\/index.php\/wp-json\/wp\/v2\/types\/product"}],"wp:attachment":[{"href":"https:\/\/roveyayinevi.com.tr\/index.php\/wp-json\/wp\/v2\/media?parent=765454"}],"wp:term":[{"taxonomy":"product_brand","embeddable":true,"href":"https:\/\/roveyayinevi.com.tr\/index.php\/wp-json\/wp\/v2\/product_brand?post=765454"},{"taxonomy":"product_cat","embeddable":true,"href":"https:\/\/roveyayinevi.com.tr\/index.php\/wp-json\/wp\/v2\/product_cat?post=765454"},{"taxonomy":"product_tag","embeddable":true,"href":"https:\/\/roveyayinevi.com.tr\/index.php\/wp-json\/wp\/v2\/product_tag?post=765454"}],"curies":[{"name":"wp","href":"https:\/\/api.w.org\/{rel}","templated":true}]}}