{"id":765453,"date":"2025-08-28T11:43:49","date_gmt":"2025-08-28T08:43:49","guid":{"rendered":"https:\/\/roveyayinevi.com.tr\/index.php\/urun\/yeni-edebiyat\/"},"modified":"2026-04-15T03:31:27","modified_gmt":"2026-04-15T00:31:27","slug":"yeni-edebiyat","status":"publish","type":"product","link":"https:\/\/roveyayinevi.com.tr\/index.php\/urun\/yeni-edebiyat\/","title":{"rendered":"Yeni edebiyat"},"content":{"rendered":"<p>Elinizdeki Yeni Edebiyat adl\u0131 bu eserin, Edebiyat Fak\u00fcltelerinin T\u00fcrk Dili ve Edebiyat\u0131, E\u011fitim Fak\u00fcltelerinin T\u00fcrk\u00e7e ve Edebiyat \u00d6\u011fretmenli\u011fi b\u00f6l\u00fcmlerinde okuyan \u00f6\u011frenciler ile T\u00fcrk\u00e7e ve edebiyat \u00f6\u011fretmenleri i\u00e7in yararl\u0131 ve sa\u011flam bir kaynak eser olaca\u011f\u0131n\u0131 d\u00fc\u015f\u00fcn\u00fcyoruz.Bunlar\u0131n yan\u0131nda edebiyat nedir? Sanat nedir? Edebiyat ile toplum ve ahlak aras\u0131nda nas\u0131l bir m\u00fcnasebet vard\u0131r?.. gibi bir bak\u0131ma edebiyat\u0131n felsefesi diyebilece\u011fimiz sanat nazariyesi \u00fczerinde \u00e7al\u0131\u015fan ara\u015ft\u0131rmac\u0131lar\u0131n da ihmal etmemeleri gereken bir eserdir. Bu d\u00fc\u015f\u00fcnceyle onu g\u00fcn\u00fcm\u00fcz alfabesiyle haz\u0131rlay\u0131p ilgililerin dikkatlerine sunuyoruz&#8230;<\/p>\n","protected":false},"excerpt":{"rendered":"<p>Elinizdeki Yeni Edebiyat adl\u0131 bu eserin, Edebiyat Fak\u00fcltelerinin T\u00fcrk Dili ve Edebiyat\u0131, E\u011fitim Fak\u00fcltelerinin T\u00fcrk\u00e7e ve Edebiyat \u00d6\u011fretmenli\u011fi b\u00f6l\u00fcmlerinde okuyan \u00f6\u011frenciler ile T\u00fcrk\u00e7e ve edebiyat \u00f6\u011fretmenleri<span class=\"excerpt-hellip\"> [\u2026]<\/span><\/p>\n","protected":false},"featured_media":0,"template":"","meta":{"_monsterinsights_skip_tracking":false,"_monsterinsights_sitenote_active":false,"_monsterinsights_sitenote_note":"","_monsterinsights_sitenote_category":0},"product_brand":[],"product_cat":[13072,12291],"product_tag":[],"class_list":{"0":"post-765453","1":"product","2":"type-product","3":"status-publish","5":"product_cat-arastirma-inceleme-referans","6":"product_cat-edebiyat","7":"pa_cilt-ciltsiz","8":"pa_tur-kitap","9":"pa_yayinevi-akademik-kitaplar","10":"pa_yazar-recep-duymaz","12":"first","13":"instock","14":"sale","15":"shipping-taxable","16":"purchasable","17":"product-type-simple"},"_links":{"self":[{"href":"https:\/\/roveyayinevi.com.tr\/index.php\/wp-json\/wp\/v2\/product\/765453","targetHints":{"allow":["GET"]}}],"collection":[{"href":"https:\/\/roveyayinevi.com.tr\/index.php\/wp-json\/wp\/v2\/product"}],"about":[{"href":"https:\/\/roveyayinevi.com.tr\/index.php\/wp-json\/wp\/v2\/types\/product"}],"wp:attachment":[{"href":"https:\/\/roveyayinevi.com.tr\/index.php\/wp-json\/wp\/v2\/media?parent=765453"}],"wp:term":[{"taxonomy":"product_brand","embeddable":true,"href":"https:\/\/roveyayinevi.com.tr\/index.php\/wp-json\/wp\/v2\/product_brand?post=765453"},{"taxonomy":"product_cat","embeddable":true,"href":"https:\/\/roveyayinevi.com.tr\/index.php\/wp-json\/wp\/v2\/product_cat?post=765453"},{"taxonomy":"product_tag","embeddable":true,"href":"https:\/\/roveyayinevi.com.tr\/index.php\/wp-json\/wp\/v2\/product_tag?post=765453"}],"curies":[{"name":"wp","href":"https:\/\/api.w.org\/{rel}","templated":true}]}}