{"id":765452,"date":"2025-08-28T11:43:48","date_gmt":"2025-08-28T08:43:48","guid":{"rendered":"https:\/\/roveyayinevi.com.tr\/index.php\/urun\/yeni-dunyaya-mukaddime\/"},"modified":"2026-04-06T13:38:02","modified_gmt":"2026-04-06T10:38:02","slug":"yeni-dunyaya-mukaddime","status":"publish","type":"product","link":"https:\/\/roveyayinevi.com.tr\/index.php\/urun\/yeni-dunyaya-mukaddime\/","title":{"rendered":"Yeni D\u00fcnyaya Mukaddime"},"content":{"rendered":"<p>Elinizdeki \u00e7al\u0131\u015fma; g\u00fcn\u00fcm\u00fczden yakla\u015f\u0131k bir as\u0131r \u00f6nce J.J.Rousseau&#8217;nun &#8220;do\u011fada e\u011fitim-do\u011fayla e\u011fitim&#8221; d\u00fcsturuna &#8220;\u00f6zg\u00fcn&#8221; prensipler eklemlenerek hayata ge\u00e7irilen m\u00fcnferit bir giri\u015fimin; New School [Yeni Okul] hareketinin, modern d\u00fcnyayayans\u0131malar\u0131n\u0131 konu almaktad\u0131r.\u0130lk Yeni Okul, 1889 y\u0131l\u0131nda \u0130ngiltere&#8217;de a\u00e7\u0131lan Abbotsholme New School&#8217;dur. Dr. Cecil Reddie&#8217;nin geli\u015ftirdi\u011fi bu okul modeli, \u00e7ok ge\u00e7meden onun okulunda g\u00f6rev yapm\u0131\u015f olan yenilik\u00e7i isimlerle Avrupa&#8217;n\u0131n di\u011fer \u00fclkelerine de ta\u015f\u0131nm\u0131\u015ft\u0131r. Y\u00fczy\u0131l ba\u015f\u0131nda say\u0131lar\u0131 gittik\u00e7e artan Yeni Okullar, k\u0131ta Avrupa&#8217;s\u0131n\u0131 a\u015farak ABD&#8217;ye kadar uzanm\u0131\u015f ve k\u0131sa zamanda Yeni Okul ak\u0131m\u0131 t\u00fcm d\u00fcnyay\u0131 etkisi alt\u0131na almaya ba\u015flam\u0131\u015ft\u0131r.Yeni Okul hareketi II. Me\u015frutiyet d\u00f6neminde, modernite taraftar\u0131 Osmanl\u0131 ayd\u0131nlar\u0131n\u0131 da etkilemi\u015ftir. Yeni Okul ilkeleri, numune mektepleri ve \u00f6zel \u0130slam okullar\u0131nda b\u00fcy\u00fck reva\u00e7 bulmu\u015ftur. Bu d\u00f6nemde Sat\u0131 Bey&#8217;in giri\u015fimi ile Yeni Mektep ad\u0131yla ilk New School a\u00e7\u0131lm\u0131\u015ft\u0131r.T\u00fcrkiye Cumhuriyeti&#8217;nin kurulu\u015f y\u0131llar\u0131nda ise Yeni Okullar, yeni formlar\u0131yla boy g\u00f6stermi\u015ftir. Milli E\u011fitim Bakan\u0131 Mustafa Necati d\u00f6neminde, Yeni Okul prensipleri devlet okullar\u0131nda ba\u015far\u0131yla hayata ge\u00e7irilmi\u015ftir..<\/p>\n","protected":false},"excerpt":{"rendered":"<p>Elinizdeki \u00e7al\u0131\u015fma; g\u00fcn\u00fcm\u00fczden yakla\u015f\u0131k bir as\u0131r \u00f6nce J.J.Rousseau&#8217;nun &#8220;do\u011fada e\u011fitim-do\u011fayla e\u011fitim&#8221; d\u00fcsturuna &#8220;\u00f6zg\u00fcn&#8221; prensipler eklemlenerek hayata ge\u00e7irilen m\u00fcnferit bir giri\u015fimin; New School [Yeni Okul] hareketinin, modern<span class=\"excerpt-hellip\"> [\u2026]<\/span><\/p>\n","protected":false},"featured_media":0,"template":"","meta":{"_monsterinsights_skip_tracking":false,"_monsterinsights_sitenote_active":false,"_monsterinsights_sitenote_note":"","_monsterinsights_sitenote_category":0},"product_brand":[],"product_cat":[12567,12566],"product_tag":[],"class_list":{"0":"post-765452","1":"product","2":"type-product","3":"status-publish","5":"product_cat-diger-egitim","6":"product_cat-egitim","7":"pa_cilt-ciltsiz","8":"pa_tur-kitap","9":"pa_yayinevi-akademik-kitaplar","10":"pa_yazar-sehbal-derya-acar","12":"first","13":"instock","14":"sale","15":"shipping-taxable","16":"purchasable","17":"product-type-simple"},"_links":{"self":[{"href":"https:\/\/roveyayinevi.com.tr\/index.php\/wp-json\/wp\/v2\/product\/765452","targetHints":{"allow":["GET"]}}],"collection":[{"href":"https:\/\/roveyayinevi.com.tr\/index.php\/wp-json\/wp\/v2\/product"}],"about":[{"href":"https:\/\/roveyayinevi.com.tr\/index.php\/wp-json\/wp\/v2\/types\/product"}],"wp:attachment":[{"href":"https:\/\/roveyayinevi.com.tr\/index.php\/wp-json\/wp\/v2\/media?parent=765452"}],"wp:term":[{"taxonomy":"product_brand","embeddable":true,"href":"https:\/\/roveyayinevi.com.tr\/index.php\/wp-json\/wp\/v2\/product_brand?post=765452"},{"taxonomy":"product_cat","embeddable":true,"href":"https:\/\/roveyayinevi.com.tr\/index.php\/wp-json\/wp\/v2\/product_cat?post=765452"},{"taxonomy":"product_tag","embeddable":true,"href":"https:\/\/roveyayinevi.com.tr\/index.php\/wp-json\/wp\/v2\/product_tag?post=765452"}],"curies":[{"name":"wp","href":"https:\/\/api.w.org\/{rel}","templated":true}]}}