{"id":765450,"date":"2025-08-28T11:43:45","date_gmt":"2025-08-28T08:43:45","guid":{"rendered":"https:\/\/roveyayinevi.com.tr\/index.php\/urun\/vergi-mantigi-gelir-vergisi-kanunu\/"},"modified":"2026-04-15T03:31:27","modified_gmt":"2026-04-15T00:31:27","slug":"vergi-mantigi-gelir-vergisi-kanunu","status":"publish","type":"product","link":"https:\/\/roveyayinevi.com.tr\/index.php\/urun\/vergi-mantigi-gelir-vergisi-kanunu\/","title":{"rendered":"Vergi Mant\u0131\u011f\u0131 Gelir Vergisi Kanunu"},"content":{"rendered":"<p>Bu \u00e7al\u0131\u015fmada Gelir Vergisi genel olarak anlat\u0131lm\u0131\u015f olup, her konunun sonunda yer alan &#8220;Dikkat Edilmesi Gereken Hususlar&#8221; b\u00f6l\u00fcmlerinde Gelir Vergisinin mant\u0131\u011f\u0131n\u0131n anla\u015f\u0131lmas\u0131 i\u00e7in ipu\u00e7lar\u0131 sunulmu\u015ftur.Baz\u0131 konular muhasebe uygulamalar\u0131 ile desteklenmi\u015ftir. Kitab\u0131n sonunda yer alan g\u00fcncel \u00f6zelgeler ise kitab\u0131n \u00e7izmek istedi\u011fi mant\u0131ksal \u00e7er\u00e7eveyi netle\u015ftirecektir.Bu kitap Serbest Muhasebeci Mali M\u00fc\u015favirler, Yeminli Mali M\u00fc\u015favirler, Meslek S\u0131navlar\u0131na haz\u0131rlananlar, profesyonel y\u00f6neticiler, i\u015fletme sahipleri, akademisyenler, \u00f6\u011frenciler, Vergi M\u00fcfetti\u015fleri i\u00e7in temel kaynak niteli\u011finde haz\u0131rlanm\u0131\u015ft\u0131r<\/p>\n","protected":false},"excerpt":{"rendered":"<p>Bu \u00e7al\u0131\u015fmada Gelir Vergisi genel olarak anlat\u0131lm\u0131\u015f olup, her konunun sonunda yer alan &#8220;Dikkat Edilmesi Gereken Hususlar&#8221; b\u00f6l\u00fcmlerinde Gelir Vergisinin mant\u0131\u011f\u0131n\u0131n anla\u015f\u0131lmas\u0131 i\u00e7in ipu\u00e7lar\u0131 sunulmu\u015ftur.Baz\u0131 konular<span class=\"excerpt-hellip\"> [\u2026]<\/span><\/p>\n","protected":false},"featured_media":0,"template":"","meta":{"_monsterinsights_skip_tracking":false,"_monsterinsights_sitenote_active":false,"_monsterinsights_sitenote_note":"","_monsterinsights_sitenote_category":0},"product_brand":[],"product_cat":[15350,17602],"product_tag":[],"class_list":{"0":"post-765450","1":"product","2":"type-product","3":"status-publish","5":"product_cat-hukuk","6":"product_cat-hukuk-uzerine","7":"pa_cilt-ciltsiz","8":"pa_tur-kitap","9":"pa_yayinevi-akademik-kitaplar","10":"pa_yazar-abdullak-akkus","12":"first","13":"instock","14":"sale","15":"shipping-taxable","16":"purchasable","17":"product-type-simple"},"_links":{"self":[{"href":"https:\/\/roveyayinevi.com.tr\/index.php\/wp-json\/wp\/v2\/product\/765450","targetHints":{"allow":["GET"]}}],"collection":[{"href":"https:\/\/roveyayinevi.com.tr\/index.php\/wp-json\/wp\/v2\/product"}],"about":[{"href":"https:\/\/roveyayinevi.com.tr\/index.php\/wp-json\/wp\/v2\/types\/product"}],"wp:attachment":[{"href":"https:\/\/roveyayinevi.com.tr\/index.php\/wp-json\/wp\/v2\/media?parent=765450"}],"wp:term":[{"taxonomy":"product_brand","embeddable":true,"href":"https:\/\/roveyayinevi.com.tr\/index.php\/wp-json\/wp\/v2\/product_brand?post=765450"},{"taxonomy":"product_cat","embeddable":true,"href":"https:\/\/roveyayinevi.com.tr\/index.php\/wp-json\/wp\/v2\/product_cat?post=765450"},{"taxonomy":"product_tag","embeddable":true,"href":"https:\/\/roveyayinevi.com.tr\/index.php\/wp-json\/wp\/v2\/product_tag?post=765450"}],"curies":[{"name":"wp","href":"https:\/\/api.w.org\/{rel}","templated":true}]}}