{"id":765449,"date":"2025-08-28T11:43:43","date_gmt":"2025-08-28T08:43:43","guid":{"rendered":"https:\/\/roveyayinevi.com.tr\/index.php\/urun\/universiteler-icin-turk-dili-kompozisyon-bilgileri\/"},"modified":"2026-04-15T03:31:27","modified_gmt":"2026-04-15T00:31:27","slug":"universiteler-icin-turk-dili-kompozisyon-bilgileri","status":"publish","type":"product","link":"https:\/\/roveyayinevi.com.tr\/index.php\/urun\/universiteler-icin-turk-dili-kompozisyon-bilgileri\/","title":{"rendered":"\u00dcniversiteler i\u00e7in t\u00fcrk dili kompozisyon bilgileri"},"content":{"rendered":"<p>T\u00fcrk Dili-I ve T\u00fcrk Dili-II derslerinin i\u00e7eriklerine bak\u0131ld\u0131\u011f\u0131nda as\u0131l amac\u0131n, \u00fcniversiteyi kazanm\u0131\u015f insan\u0131m\u0131z\u0131n, T\u00fcrk\u00e7e hakk\u0131ndaki bilgilerini tamamlamak ve peki\u015ftirmek, ayr\u0131ca da bir konu hakk\u0131nda d\u00fc\u015f\u00fcnce ve duygular\u0131n\u0131 ifade etme becerisini kazand\u0131rmakt\u0131r. Ders \u00e7er\u00e7evesinde yapt\u0131\u011f\u0131m\u0131z s\u0131navlar, verdi\u011fimiz \u00f6devler g\u00f6steriyor ki \u00fcniversite \u00e7a\u011f\u0131na gelmi\u015f \u00f6\u011frenciler, \u00e7o\u011fu kez okuduklar\u0131n\u0131 anlamaktalar fakat anlad\u0131klar\u0131n\u0131 anlatamamaktad\u0131rlar. Bunun i\u00e7in derslerde \u00f6\u011frencilerimize ifade yeteneklerini ortaya \u00e7\u0131karmak, anlat\u0131m kabiliyetlerini art\u0131rmak ve bu yolda gayret g\u00f6stermek i\u00e7in de f\u0131rsat vermesini sa\u011flayan bir kitap haz\u0131rlamaya \u00e7al\u0131\u015ft\u0131k.Bir insan\u0131n kulland\u0131\u011f\u0131 dil, ki\u015fili\u011finin \u00f6nemli bir g\u00f6stergesidir. Ancak kimi insanlar i\u00e7lerinde ta\u015f\u0131d\u0131klar\u0131 de\u011ferli bilgileri ve birikimlerini s\u00f6ylemeye ve yazmaya cesaret bulamazlar. Bu kitap bilgi ve birikimli olup s\u00f6ylemek ve yazmak istedi\u011fi duygu ve d\u00fc\u015f\u00fcncelerini ifade etmeleri i\u00e7in onlara cesaret verecek; dinleyerek, okuyarak ve izleyerek edindi\u011fimiz bilgi ve tecr\u00fcbeleri yaz\u0131l\u0131 ve s\u00f6zl\u00fc olarak anlatabilmeyi sa\u011flayacakt\u0131r.\u0130\u015fte bu \u00e7al\u0131\u015fmam\u0131zla &#8220;T\u00fcrk Dili-I, T\u00fcrk Dili-II, Yaz\u0131l\u0131 ve S\u00f6zl\u00fc Anlat\u0131m, Kompozisyon gibi derslerde; T\u00fcrk\u00e7e&#8217;nin imk\u00e2nlar\u0131n\u0131 \u00f6\u011frenmek ve edebiyat\u0131n g\u00fczel \u00f6rneklerini tan\u0131mak, ayn\u0131 zamanda \u00e7evresiyle sa\u011fl\u0131kl\u0131 ileti\u015fim kurabilme becerisine sahip olmas\u0131n\u0131 sa\u011flamak i\u00e7in bir &#8220;el kitab\u0131 ve rehber&#8221; haz\u0131rlamak amac\u0131n\u0131 ta\u015f\u0131maktay\u0131z. Her \u00fcniteden sonra, bilgileri peki\u015ftirici \u00f6rnek metinler, okuma metinleri ve ayr\u0131ca tahlil edilmi\u015f metinler konmu\u015ftur. B\u00f6ylece teorik olarak anlat\u0131lanlar\u0131n nas\u0131l uygulanaca\u011f\u0131 g\u00f6sterilmi\u015f, se\u00e7kin \u00f6rneklerle bilgiler peki\u015ftirilmeye \u00e7al\u0131\u015f\u0131lm\u0131\u015ft\u0131r.<\/p>\n","protected":false},"excerpt":{"rendered":"<p>T\u00fcrk Dili-I ve T\u00fcrk Dili-II derslerinin i\u00e7eriklerine bak\u0131ld\u0131\u011f\u0131nda as\u0131l amac\u0131n, \u00fcniversiteyi kazanm\u0131\u015f insan\u0131m\u0131z\u0131n, T\u00fcrk\u00e7e hakk\u0131ndaki bilgilerini tamamlamak ve peki\u015ftirmek, ayr\u0131ca da bir konu hakk\u0131nda d\u00fc\u015f\u00fcnce ve<span class=\"excerpt-hellip\"> [\u2026]<\/span><\/p>\n","protected":false},"featured_media":0,"template":"","meta":{"_monsterinsights_skip_tracking":false,"_monsterinsights_sitenote_active":false,"_monsterinsights_sitenote_note":"","_monsterinsights_sitenote_category":0},"product_brand":[],"product_cat":[13072,12291],"product_tag":[],"class_list":{"0":"post-765449","1":"product","2":"type-product","3":"status-publish","5":"product_cat-arastirma-inceleme-referans","6":"product_cat-edebiyat","7":"pa_cilt-ciltsiz","8":"pa_tur-kitap","9":"pa_yayinevi-akademik-kitaplar","10":"pa_yazar-mahmut-babacan","12":"first","13":"instock","14":"sale","15":"shipping-taxable","16":"purchasable","17":"product-type-simple"},"_links":{"self":[{"href":"https:\/\/roveyayinevi.com.tr\/index.php\/wp-json\/wp\/v2\/product\/765449","targetHints":{"allow":["GET"]}}],"collection":[{"href":"https:\/\/roveyayinevi.com.tr\/index.php\/wp-json\/wp\/v2\/product"}],"about":[{"href":"https:\/\/roveyayinevi.com.tr\/index.php\/wp-json\/wp\/v2\/types\/product"}],"wp:attachment":[{"href":"https:\/\/roveyayinevi.com.tr\/index.php\/wp-json\/wp\/v2\/media?parent=765449"}],"wp:term":[{"taxonomy":"product_brand","embeddable":true,"href":"https:\/\/roveyayinevi.com.tr\/index.php\/wp-json\/wp\/v2\/product_brand?post=765449"},{"taxonomy":"product_cat","embeddable":true,"href":"https:\/\/roveyayinevi.com.tr\/index.php\/wp-json\/wp\/v2\/product_cat?post=765449"},{"taxonomy":"product_tag","embeddable":true,"href":"https:\/\/roveyayinevi.com.tr\/index.php\/wp-json\/wp\/v2\/product_tag?post=765449"}],"curies":[{"name":"wp","href":"https:\/\/api.w.org\/{rel}","templated":true}]}}