{"id":765446,"date":"2025-08-28T11:43:39","date_gmt":"2025-08-28T08:43:39","guid":{"rendered":"https:\/\/roveyayinevi.com.tr\/index.php\/urun\/turk-edebiyat-tarihinde-milli-edebiyat-donemi-1911-1923\/"},"modified":"2026-04-15T03:31:27","modified_gmt":"2026-04-15T00:31:27","slug":"turk-edebiyat-tarihinde-milli-edebiyat-donemi-1911-1923","status":"publish","type":"product","link":"https:\/\/roveyayinevi.com.tr\/index.php\/urun\/turk-edebiyat-tarihinde-milli-edebiyat-donemi-1911-1923\/","title":{"rendered":"T\u00fcrk Edebiyat Tarihinde Milli Edebiyat D\u00f6nemi (1911 &#8211; 1923)"},"content":{"rendered":"<p>Bu kitap, edebiyat fak\u00fclteleri, fen edebiyat fak\u00fcltelerinin T\u00fcrk dili ve edebiyat\u0131 programlar\u0131ndaki Milli edebiyat d\u00f6nemine ait konular\u0131n i\u015flenmesine yard\u0131mc\u0131 olmak ve onlar\u0131 kolayla\u015ft\u0131rmak amac\u0131yla haz\u0131rlanm\u0131\u015ft\u0131r.Bunun yan\u0131nda sosyal bilimcilerimizin dikkatlerini, modern bir kavram olan milliyet\u00e7ilik \u00fczerine son y\u0131llarda artan \u00e7al\u0131\u015fmalar\u0131nda ihmal ettiklerini g\u00f6rd\u00fc\u011f\u00fcm\u00fcz temel metinlere dikkatlerini \u00e7ekmek de ama\u00e7lar\u0131m\u0131z aras\u0131ndad\u0131r.Se\u00e7ilen edebiyat metinleri ile kuramsal yaz\u0131lar\u0131n ilk ne\u015fir yerlerinin zaman dizinsel olarak g\u00f6sterilmi\u015f olmas\u0131n\u0131n, \u00e7al\u0131\u015fman\u0131n g\u00fcvenirlili\u011fini ve kullan\u0131lmaya elveri\u015flili\u011fini artt\u0131raca\u011f\u0131n\u0131 umuyoruz&#8230;Edebiyat eserleri, v\u00fccuda geldikleri tarihsel ve toplumsal ba\u011flamlar\u0131nda \u00e7\u00f6z\u00fcmlenmelidir, g\u00f6r\u00fc\u015f\u00fcnden hareketle haz\u0131rlanan bu \u00e7al\u0131\u015fma, edebiyat\u0131m\u0131z\u0131n geli\u015fmesiyle ilgilenen b\u00fct\u00fcn edebiyat severlere de hitap etmektedir.<\/p>\n","protected":false},"excerpt":{"rendered":"<p>Bu kitap, edebiyat fak\u00fclteleri, fen edebiyat fak\u00fcltelerinin T\u00fcrk dili ve edebiyat\u0131 programlar\u0131ndaki Milli edebiyat d\u00f6nemine ait konular\u0131n i\u015flenmesine yard\u0131mc\u0131 olmak ve onlar\u0131 kolayla\u015ft\u0131rmak amac\u0131yla haz\u0131rlanm\u0131\u015ft\u0131r.Bunun yan\u0131nda<span class=\"excerpt-hellip\"> [\u2026]<\/span><\/p>\n","protected":false},"featured_media":0,"template":"","meta":{"_monsterinsights_skip_tracking":false,"_monsterinsights_sitenote_active":false,"_monsterinsights_sitenote_note":"","_monsterinsights_sitenote_category":0},"product_brand":[],"product_cat":[13072,12291],"product_tag":[],"class_list":{"0":"post-765446","1":"product","2":"type-product","3":"status-publish","5":"product_cat-arastirma-inceleme-referans","6":"product_cat-edebiyat","7":"pa_cilt-ciltsiz","8":"pa_tur-kitap","9":"pa_yayinevi-akademik-kitaplar","10":"pa_yazar-recep-duymaz","12":"first","13":"instock","14":"sale","15":"shipping-taxable","16":"purchasable","17":"product-type-simple"},"_links":{"self":[{"href":"https:\/\/roveyayinevi.com.tr\/index.php\/wp-json\/wp\/v2\/product\/765446","targetHints":{"allow":["GET"]}}],"collection":[{"href":"https:\/\/roveyayinevi.com.tr\/index.php\/wp-json\/wp\/v2\/product"}],"about":[{"href":"https:\/\/roveyayinevi.com.tr\/index.php\/wp-json\/wp\/v2\/types\/product"}],"wp:attachment":[{"href":"https:\/\/roveyayinevi.com.tr\/index.php\/wp-json\/wp\/v2\/media?parent=765446"}],"wp:term":[{"taxonomy":"product_brand","embeddable":true,"href":"https:\/\/roveyayinevi.com.tr\/index.php\/wp-json\/wp\/v2\/product_brand?post=765446"},{"taxonomy":"product_cat","embeddable":true,"href":"https:\/\/roveyayinevi.com.tr\/index.php\/wp-json\/wp\/v2\/product_cat?post=765446"},{"taxonomy":"product_tag","embeddable":true,"href":"https:\/\/roveyayinevi.com.tr\/index.php\/wp-json\/wp\/v2\/product_tag?post=765446"}],"curies":[{"name":"wp","href":"https:\/\/api.w.org\/{rel}","templated":true}]}}