{"id":765445,"date":"2025-08-28T11:43:37","date_gmt":"2025-08-28T08:43:37","guid":{"rendered":"https:\/\/roveyayinevi.com.tr\/index.php\/urun\/turk-dilinin-tarihsel-seruveni\/"},"modified":"2026-04-15T03:31:27","modified_gmt":"2026-04-15T00:31:27","slug":"turk-dilinin-tarihsel-seruveni","status":"publish","type":"product","link":"https:\/\/roveyayinevi.com.tr\/index.php\/urun\/turk-dilinin-tarihsel-seruveni\/","title":{"rendered":"T\u00fcrk dilinin tarihsel ser\u00fcveni"},"content":{"rendered":"<p>Tarihi olaylar\u0131n, olgular\u0131n; insanl\u0131k tarihinin ba\u015flang\u0131c\u0131ndan g\u00fcn\u00fcm\u00fcze de\u011fin her dilimi; \u00e7ok grift, her an\u0131nda farkl\u0131la\u015fan, d\u00f6n\u00fc\u015fen, de\u011fi\u015fen bir tarihsellik ta\u015f\u0131r. Siyasal, toplumsal, etnik ve co\u011frafi bir\u00e7ok farkl\u0131 dinami\u011fi olan tarihi olaylar\u0131 incelerken her tarihsel olay\u0131 kendi y\u00fczy\u0131l\u0131 i\u00e7inde ve ortaya \u00e7\u0131k\u0131\u015f ko\u015fullar\u0131n\u0131 dikkate alarak incelemek gerekir. Tarihin belirli bir d\u00f6neminde telif edilen ya da dile getirilen bilgilerin, hukuki ve ahlaki yapt\u0131r\u0131mlar\u0131n o d\u00f6nemin \u00fcr\u00fcn\u00fc olmas\u0131 y\u00f6n\u00fcyle s\u00f6z konusu d\u00f6nemin \u00f6zelliklerini yans\u0131tmas\u0131 ka\u00e7\u0131n\u0131lmazd\u0131r. Dolay\u0131s\u0131yla ele al\u0131nan \u00e7a\u011fa, d\u00f6neme ait olaylar\u0131, olgular\u0131, g\u00fcn\u00fcm\u00fcz de\u011ferler \u00f6l\u00e7\u00fct\u00fc ile yarg\u0131lay\u0131p \u00e7\u00f6z\u00fcmlemeler yoluna gitmek bilim d\u0131\u015f\u0131l\u0131kt\u0131r. Siyasal yakla\u015f\u0131mlarla T\u00fcrk dili tarihinin ya da genel T\u00fcrk tarihinin bir b\u00f6l\u00fcm\u00fcne b\u00fcy\u00fcte\u00e7 tutup buradan se\u00e7ilen bir kesiti XXI. Y\u00fczy\u0131l \u00f6l\u00e7\u00fctleri ile tan\u0131mlamak b\u00fct\u00fcn\u00fcyle siyasal bir aray\u0131\u015ft\u0131r.G\u00f6kt\u00fcrk, Karahanl\u0131, Sel\u00e7uklu ya da Osmanl\u0131 D\u00f6nemi kendi \u00e7a\u011f\u0131n\u0131n ko\u015fullar\u0131 g\u00f6z \u00f6n\u00fcnde tutularak yorumlanmal\u0131d\u0131r. T\u00fcrk dili tarihinin d\u00f6nemleri ile ilgili bir veri, sorgulanamaz do\u011fru ve mutlak ger\u00e7ek de\u011fildir. Buna kar\u015f\u0131n bireyler, y\u00fczy\u0131llar \u00f6nce farkl\u0131 zorunluluklarla \u00e7ok farkl\u0131 ko\u015fullarda olu\u015fmu\u015f olaylar\u0131 yeterince anlama olana\u011f\u0131ndan yoksundurlar. \u00c7\u00fcnk\u00fc insanlar, ya\u015fad\u0131klar\u0131 d\u00f6nemin toplumsal ve siyasal bak\u0131\u015f a\u00e7\u0131lar\u0131 ile s\u0131n\u0131fland\u0131r\u0131lm\u0131\u015flard\u0131r.<\/p>\n","protected":false},"excerpt":{"rendered":"<p>Tarihi olaylar\u0131n, olgular\u0131n; insanl\u0131k tarihinin ba\u015flang\u0131c\u0131ndan g\u00fcn\u00fcm\u00fcze de\u011fin her dilimi; \u00e7ok grift, her an\u0131nda farkl\u0131la\u015fan, d\u00f6n\u00fc\u015fen, de\u011fi\u015fen bir tarihsellik ta\u015f\u0131r. Siyasal, toplumsal, etnik ve co\u011frafi bir\u00e7ok<span class=\"excerpt-hellip\"> [\u2026]<\/span><\/p>\n","protected":false},"featured_media":0,"template":"","meta":{"_monsterinsights_skip_tracking":false,"_monsterinsights_sitenote_active":false,"_monsterinsights_sitenote_note":"","_monsterinsights_sitenote_category":0},"product_brand":[],"product_cat":[13072,12291],"product_tag":[],"class_list":{"0":"post-765445","1":"product","2":"type-product","3":"status-publish","5":"product_cat-arastirma-inceleme-referans","6":"product_cat-edebiyat","7":"pa_cilt-ciltsiz","8":"pa_tur-kitap","9":"pa_yayinevi-akademik-kitaplar","10":"pa_yazar-salim-yalcin","12":"first","13":"instock","14":"sale","15":"shipping-taxable","16":"purchasable","17":"product-type-simple"},"_links":{"self":[{"href":"https:\/\/roveyayinevi.com.tr\/index.php\/wp-json\/wp\/v2\/product\/765445","targetHints":{"allow":["GET"]}}],"collection":[{"href":"https:\/\/roveyayinevi.com.tr\/index.php\/wp-json\/wp\/v2\/product"}],"about":[{"href":"https:\/\/roveyayinevi.com.tr\/index.php\/wp-json\/wp\/v2\/types\/product"}],"wp:attachment":[{"href":"https:\/\/roveyayinevi.com.tr\/index.php\/wp-json\/wp\/v2\/media?parent=765445"}],"wp:term":[{"taxonomy":"product_brand","embeddable":true,"href":"https:\/\/roveyayinevi.com.tr\/index.php\/wp-json\/wp\/v2\/product_brand?post=765445"},{"taxonomy":"product_cat","embeddable":true,"href":"https:\/\/roveyayinevi.com.tr\/index.php\/wp-json\/wp\/v2\/product_cat?post=765445"},{"taxonomy":"product_tag","embeddable":true,"href":"https:\/\/roveyayinevi.com.tr\/index.php\/wp-json\/wp\/v2\/product_tag?post=765445"}],"curies":[{"name":"wp","href":"https:\/\/api.w.org\/{rel}","templated":true}]}}