{"id":765442,"date":"2025-08-28T11:43:32","date_gmt":"2025-08-28T08:43:32","guid":{"rendered":"https:\/\/roveyayinevi.com.tr\/index.php\/urun\/seker-tadinda-istanbul\/"},"modified":"2026-04-15T03:31:27","modified_gmt":"2026-04-15T00:31:27","slug":"seker-tadinda-istanbul","status":"publish","type":"product","link":"https:\/\/roveyayinevi.com.tr\/index.php\/urun\/seker-tadinda-istanbul\/","title":{"rendered":"\u015eeker Tad\u0131nda \u0130stanbul"},"content":{"rendered":"<p>\u0130stanbul&#8217;u anlatan bir kitap yazmak i\u00e7in niyet etti\u011fimizde ortada sadece bir iskelet vard\u0131. Bir de isim. &#8220;\u015eeker Tad\u0131nda \u0130stanbul&#8221;. Bizi belki de bu \u00e7al\u0131\u015fmada en \u00e7ok motive eden unsur kitab\u0131m\u0131z\u0131n ismi oldu. \u015eeker Tad\u0131nda koyulduk yola.\u00c7ocuklu\u011fumuzda s\u00f6yledi\u011fimiz bir tekerleme vard\u0131:Araban\u0131n tekeri\u0130stanbul&#8217;un \u015fekeriHop hop alt\u0131n topBundan ba\u015fka oyun yokHer kentin, o kentle b\u00fct\u00fcnle\u015fmi\u015f me\u015fhur bir \u00fcr\u00fcn\u00fc vard\u0131r. \u0130zmir&#8217;in \u00fcz\u00fcm\u00fc, Bursa&#8217;n\u0131n \u015feftalisi, Antalya&#8217;n\u0131n portakal\u0131, Amasya&#8217;n\u0131n elmas\u0131. \u0130stanbul&#8217;un da \u015fekeri me\u015fhur olmu\u015ftu taa Osmanl\u0131&#8217;dan beri. Tekerlemelere bile ge\u00e7en \u015fekerlemeler \u0130stanbul&#8217;u tatl\u0131 tatl\u0131 hat\u0131rlat\u0131rken istedik ki, tan\u0131ma amac\u0131yla \u00e7\u0131kt\u0131\u011f\u0131m\u0131z bu yolculukta elimizde \u0130stanbul&#8217;un \u00fcnl\u00fc akide \u015fekeri, \u00f6n\u00fcm\u00fczde rehberimiz Seyfi \u00c7elebi, dere tepe, Yedi Tepe \u0130stanbul&#8217;u tepe tepe dola\u015fal\u0131m.Siz de kat\u0131lmaz m\u0131s\u0131n\u0131z bu yolculu\u011fa?<\/p>\n","protected":false},"excerpt":{"rendered":"<p>\u0130stanbul&#8217;u anlatan bir kitap yazmak i\u00e7in niyet etti\u011fimizde ortada sadece bir iskelet vard\u0131. Bir de isim. &#8220;\u015eeker Tad\u0131nda \u0130stanbul&#8221;. Bizi belki de bu \u00e7al\u0131\u015fmada en \u00e7ok<span class=\"excerpt-hellip\"> [\u2026]<\/span><\/p>\n","protected":false},"featured_media":0,"template":"","meta":{"_monsterinsights_skip_tracking":false,"_monsterinsights_sitenote_active":false,"_monsterinsights_sitenote_note":"","_monsterinsights_sitenote_category":0},"product_brand":[],"product_cat":[13054],"product_tag":[],"class_list":{"0":"post-765442","1":"product","2":"type-product","3":"status-publish","5":"product_cat-gezi-ve-rehber-kitaplari","6":"pa_cilt-ciltsiz","7":"pa_tur-kitap","8":"pa_yayinevi-akademik-kitaplar","9":"pa_yazar-fatih-kahya","11":"first","12":"instock","13":"sale","14":"shipping-taxable","15":"purchasable","16":"product-type-simple"},"_links":{"self":[{"href":"https:\/\/roveyayinevi.com.tr\/index.php\/wp-json\/wp\/v2\/product\/765442","targetHints":{"allow":["GET"]}}],"collection":[{"href":"https:\/\/roveyayinevi.com.tr\/index.php\/wp-json\/wp\/v2\/product"}],"about":[{"href":"https:\/\/roveyayinevi.com.tr\/index.php\/wp-json\/wp\/v2\/types\/product"}],"wp:attachment":[{"href":"https:\/\/roveyayinevi.com.tr\/index.php\/wp-json\/wp\/v2\/media?parent=765442"}],"wp:term":[{"taxonomy":"product_brand","embeddable":true,"href":"https:\/\/roveyayinevi.com.tr\/index.php\/wp-json\/wp\/v2\/product_brand?post=765442"},{"taxonomy":"product_cat","embeddable":true,"href":"https:\/\/roveyayinevi.com.tr\/index.php\/wp-json\/wp\/v2\/product_cat?post=765442"},{"taxonomy":"product_tag","embeddable":true,"href":"https:\/\/roveyayinevi.com.tr\/index.php\/wp-json\/wp\/v2\/product_tag?post=765442"}],"curies":[{"name":"wp","href":"https:\/\/api.w.org\/{rel}","templated":true}]}}