{"id":765439,"date":"2025-08-28T11:43:27","date_gmt":"2025-08-28T08:43:27","guid":{"rendered":"https:\/\/roveyayinevi.com.tr\/index.php\/urun\/safahatta-konusma-dili\/"},"modified":"2026-04-15T03:31:02","modified_gmt":"2026-04-15T00:31:02","slug":"safahatta-konusma-dili","status":"publish","type":"product","link":"https:\/\/roveyayinevi.com.tr\/index.php\/urun\/safahatta-konusma-dili\/","title":{"rendered":"Safahat&#8217;ta Konu\u015fma Dili"},"content":{"rendered":"<p>Safahat Mehmet Akif&#8217;in yedi kitaptan meydana gelen \u015fiir k\u00fclliyat\u0131d\u0131r. Bu k\u00fclliyat i\u00e7erisinde Hasta, K\u00fcfe, Has\u0131r, Meyhane, Mahalle Kahvesi, Seyfi Baba, Bayram, Kocakar\u0131 ile \u00d6mer, \u00c2min Alay\u0131, K\u00f6r Neyzen gibi manzumelerde Akif, toplumdaki sosyal sefaleti dile getirir. Bu \u015fiirlerde toplumun alt tabaks\u0131na ait insanlar\u0131n hastal\u0131k, \u00f6l\u00fcm, fakirlik vb. durumlar kar\u015f\u0131s\u0131ndaki tutumlar\u0131 ve \u00e7aresizlikleri b\u00fct\u00fcn \u00e7\u0131plakl\u0131\u011f\u0131 ile ortaya konur. Akif bu \u015fiirlerde kar\u015f\u0131l\u0131kl\u0131 konu\u015fma \u015fekline dayanan anlat\u0131m \u015fekillerini tercih etmi\u015ftir. O bak\u0131mdan bu manzumelere tamamen konu\u015fma \u00fcsl\u00fbbu h\u00e2kimdir.Akif&#8217;in \u015fiirlerinde kulland\u0131\u011f\u0131 dil, do\u011frudan do\u011fruya halk\u0131n konu\u015ftu\u011fu dildir. Bu dilin i\u00e7inde halk\u0131m\u0131z\u0131n inan\u00e7lar\u0131, \u00e2detleri, gelenekleri, atas\u00f6zleri, deyimleri, folkloru, k\u0131saca bug\u00fcnk\u00fc hayat\u0131m\u0131zdan epey gerilerde kalm\u0131\u015f toplum ya\u015fam\u0131m\u0131z\u0131n yans\u0131malar\u0131 bulunmaktad\u0131r. Onun \u015fiirlerinde, halk\u0131n i\u00e7inde yeti\u015fmi\u015f, halk\u0131n de\u011ferlerini bizzat halk\u0131yla birlikte ya\u015fam\u0131\u015f bir insan\u0131n samimi ve kat\u0131ks\u0131z dili vard\u0131r. Bu dilin i\u00e7inde halk aras\u0131nda canl\u0131 olarak kullan\u0131lan halk a\u011fz\u0131, kaba konu\u015fma, k\u00fcf\u00fcr s\u00f6zleri, argo s\u00f6zler gibi pek \u00e7ok konu\u015fma diline \u00f6zg\u00fc dil unsurlar\u0131 mevcuttur. Akif bu dil unsurlar\u0131ndan, deyim ve kal\u0131p s\u00f6zlerden geni\u015f \u00f6l\u00e7\u00fcde yararlanm\u0131\u015ft\u0131r. \u0130\u015fte elinizdeki kitapta Safahat&#8217;ta konu\u015fma diline \u00f6zg\u00fc bu kullan\u0131mlar konu edilmi\u015ftir.<\/p>\n","protected":false},"excerpt":{"rendered":"<p>Safahat Mehmet Akif&#8217;in yedi kitaptan meydana gelen \u015fiir k\u00fclliyat\u0131d\u0131r. Bu k\u00fclliyat i\u00e7erisinde Hasta, K\u00fcfe, Has\u0131r, Meyhane, Mahalle Kahvesi, Seyfi Baba, Bayram, Kocakar\u0131 ile \u00d6mer, \u00c2min Alay\u0131,<span class=\"excerpt-hellip\"> [\u2026]<\/span><\/p>\n","protected":false},"featured_media":0,"template":"","meta":{"_monsterinsights_skip_tracking":false,"_monsterinsights_sitenote_active":false,"_monsterinsights_sitenote_note":"","_monsterinsights_sitenote_category":0},"product_brand":[],"product_cat":[13072,12291],"product_tag":[],"class_list":{"0":"post-765439","1":"product","2":"type-product","3":"status-publish","5":"product_cat-arastirma-inceleme-referans","6":"product_cat-edebiyat","7":"pa_cilt-ciltsiz","8":"pa_tur-kitap","9":"pa_yayinevi-akademik-kitaplar","10":"pa_yazar-mustafa-ozkan","12":"first","13":"instock","14":"sale","15":"shipping-taxable","16":"purchasable","17":"product-type-simple"},"_links":{"self":[{"href":"https:\/\/roveyayinevi.com.tr\/index.php\/wp-json\/wp\/v2\/product\/765439","targetHints":{"allow":["GET"]}}],"collection":[{"href":"https:\/\/roveyayinevi.com.tr\/index.php\/wp-json\/wp\/v2\/product"}],"about":[{"href":"https:\/\/roveyayinevi.com.tr\/index.php\/wp-json\/wp\/v2\/types\/product"}],"wp:attachment":[{"href":"https:\/\/roveyayinevi.com.tr\/index.php\/wp-json\/wp\/v2\/media?parent=765439"}],"wp:term":[{"taxonomy":"product_brand","embeddable":true,"href":"https:\/\/roveyayinevi.com.tr\/index.php\/wp-json\/wp\/v2\/product_brand?post=765439"},{"taxonomy":"product_cat","embeddable":true,"href":"https:\/\/roveyayinevi.com.tr\/index.php\/wp-json\/wp\/v2\/product_cat?post=765439"},{"taxonomy":"product_tag","embeddable":true,"href":"https:\/\/roveyayinevi.com.tr\/index.php\/wp-json\/wp\/v2\/product_tag?post=765439"}],"curies":[{"name":"wp","href":"https:\/\/api.w.org\/{rel}","templated":true}]}}