{"id":765438,"date":"2025-08-28T11:43:25","date_gmt":"2025-08-28T08:43:25","guid":{"rendered":"https:\/\/roveyayinevi.com.tr\/index.php\/urun\/resimli-ay-sistematik-indeks\/"},"modified":"2026-04-15T03:31:02","modified_gmt":"2026-04-15T00:31:02","slug":"resimli-ay-sistematik-indeks","status":"publish","type":"product","link":"https:\/\/roveyayinevi.com.tr\/index.php\/urun\/resimli-ay-sistematik-indeks\/","title":{"rendered":"Resimli Ay Sistematik \u0130ndeks"},"content":{"rendered":"<p>\u015eubat 1340 (1924)- \u0130lk Kanun 1938 tarihleri aras\u0131nda kesintili de olsa 10 y\u0131l boyunca 109 say\u0131 yay\u0131mlanan; sayfalar\u0131nda i\u00e7timai, ruhi, din\u00ee, fenni meselelere; \u015fiir, hikaye, roman, tiyatro gibi edeb\u00ee nevilere yer vererek devrin \u00f6zellikle sosyal hayat\u0131n\u0131 yans\u0131tma, cumhuriyetin niteli\u011fi, demokrasi, insan haklar\u0131 (bilhassa kad\u0131n ve \u00e7ocuk haklar\u0131), e\u011fitim sistemi \u00fczerinde d\u00fc\u015f\u00fcnme, d\u00fc\u015f\u00fcnd\u00fcrme, halka ula\u015fma \u00e7abalar\u0131yla T\u00fcrk matbuat\u0131n\u0131n uzun s\u00fcre ne\u015fredilen mecmualar\u0131ndan biri olan Resimli Ay&#8217;\u0131n sistematik indeksini hem o d\u00f6nemin fikir hayat\u0131n\u0131 ve sanat anlay\u0131\u015f\u0131n\u0131 g\u00fcn \u0131\u015f\u0131\u011f\u0131na \u00e7\u0131karmak hem de akademik \u00e7al\u0131\u015fmalara kolayl\u0131k sa\u011flamak maksad\u0131yla yay\u0131ml\u0131yoruz..<\/p>\n","protected":false},"excerpt":{"rendered":"<p>\u015eubat 1340 (1924)- \u0130lk Kanun 1938 tarihleri aras\u0131nda kesintili de olsa 10 y\u0131l boyunca 109 say\u0131 yay\u0131mlanan; sayfalar\u0131nda i\u00e7timai, ruhi, din\u00ee, fenni meselelere; \u015fiir, hikaye, roman,<span class=\"excerpt-hellip\"> [\u2026]<\/span><\/p>\n","protected":false},"featured_media":0,"template":"","meta":{"_monsterinsights_skip_tracking":false,"_monsterinsights_sitenote_active":false,"_monsterinsights_sitenote_note":"","_monsterinsights_sitenote_category":0},"product_brand":[],"product_cat":[13072,12291],"product_tag":[],"class_list":{"0":"post-765438","1":"product","2":"type-product","3":"status-publish","5":"product_cat-arastirma-inceleme-referans","6":"product_cat-edebiyat","7":"pa_cilt-ciltsiz","8":"pa_tur-kitap","9":"pa_yayinevi-akademik-kitaplar","10":"pa_yazar-nuran-ozluk","12":"first","13":"instock","14":"sale","15":"shipping-taxable","16":"purchasable","17":"product-type-simple"},"_links":{"self":[{"href":"https:\/\/roveyayinevi.com.tr\/index.php\/wp-json\/wp\/v2\/product\/765438","targetHints":{"allow":["GET"]}}],"collection":[{"href":"https:\/\/roveyayinevi.com.tr\/index.php\/wp-json\/wp\/v2\/product"}],"about":[{"href":"https:\/\/roveyayinevi.com.tr\/index.php\/wp-json\/wp\/v2\/types\/product"}],"wp:attachment":[{"href":"https:\/\/roveyayinevi.com.tr\/index.php\/wp-json\/wp\/v2\/media?parent=765438"}],"wp:term":[{"taxonomy":"product_brand","embeddable":true,"href":"https:\/\/roveyayinevi.com.tr\/index.php\/wp-json\/wp\/v2\/product_brand?post=765438"},{"taxonomy":"product_cat","embeddable":true,"href":"https:\/\/roveyayinevi.com.tr\/index.php\/wp-json\/wp\/v2\/product_cat?post=765438"},{"taxonomy":"product_tag","embeddable":true,"href":"https:\/\/roveyayinevi.com.tr\/index.php\/wp-json\/wp\/v2\/product_tag?post=765438"}],"curies":[{"name":"wp","href":"https:\/\/api.w.org\/{rel}","templated":true}]}}