{"id":765437,"date":"2025-08-28T11:43:23","date_gmt":"2025-08-28T08:43:23","guid":{"rendered":"https:\/\/roveyayinevi.com.tr\/index.php\/urun\/postmodern-zamanin-metal-sairi\/"},"modified":"2026-04-15T03:31:02","modified_gmt":"2026-04-15T00:31:02","slug":"postmodern-zamanin-metal-sairi","status":"publish","type":"product","link":"https:\/\/roveyayinevi.com.tr\/index.php\/urun\/postmodern-zamanin-metal-sairi\/","title":{"rendered":"Postmodern zaman\u0131n metal \u015fairi"},"content":{"rendered":"<p>T\u00fcrk edebiyat\u0131nda Murathan Mungan gibi de\u011fi\u015fik t\u00fcrden eser yazan, farkl\u0131 sanat alanlar\u0131 ile ilgilenen isimlerin say\u0131s\u0131 \u00e7ok de\u011fildir. \u015eair ve yazar Murathan Mungan, 1970\u2019lerin ortalar\u0131nda ba\u015flad\u0131\u011f\u0131 yaz\u0131 maceras\u0131na seksene yak\u0131n kitap s\u0131\u011fd\u0131rm\u0131\u015f, sinema senaryosundan \u00f6yk\u00fcye, tiyatro oyunundan romana kadar bir\u00e7ok eser kaleme alm\u0131\u015ft\u0131r. Eserlerinde divan, halk ve Bat\u0131 edebiyat\u0131n\u0131n zengin malzemesini kulland\u0131\u011f\u0131 gibi psikoloji, felsefe, tarih ve sinemadan da yararlan\u0131r. Mungan\u2019\u0131n gerek kulland\u0131\u011f\u0131 dil gerek temas etti\u011fi konular geni\u015f bir okuyucu kitlesine ula\u015fmas\u0131n\u0131 sa\u011flam\u0131\u015f ve her y\u0131l farkl\u0131 t\u00fcrde yay\u0131mlad\u0131\u011f\u0131 eserler sayesinde uzun y\u0131llar g\u00fcndemde kalmay\u0131 ba\u015farm\u0131\u015ft\u0131r.Murathan Mungan\u2019\u0131n \u00e7ok okunmas\u0131nda i\u015fledi\u011fi konular\u0131n yan\u0131nda dili kullanmas\u0131ndaki maharetinin etkisi vard\u0131r. Bu \u00e7al\u0131\u015fma her ne kadar postmodernizm konusuna e\u011filse de Mungan\u2019\u0131n \u015fiir sanat\u0131ndaki de\u011ferini de ortaya \u00e7\u0131karmaya gayret etmektedir. \u00c7al\u0131\u015fman\u0131n amac\u0131na ula\u015f\u0131p ula\u015fmad\u0131\u011f\u0131 okuyucular\u0131n takdirine b\u0131rak\u0131lm\u0131\u015ft\u0131r. \u00c7al\u0131\u015fman\u0131n Mungan\u2019\u0131n \u015fairli\u011fine a\u00e7\u0131kl\u0131k getirmeye yard\u0131mc\u0131 olaca\u011f\u0131n\u0131 d\u00fc\u015f\u00fcn\u00fcyoruz. Fakat yeni tart\u0131\u015fmalar do\u011furup do\u011furmayaca\u011f\u0131n\u0131 zaman g\u00f6sterecektir.<\/p>\n","protected":false},"excerpt":{"rendered":"<p>T\u00fcrk edebiyat\u0131nda Murathan Mungan gibi de\u011fi\u015fik t\u00fcrden eser yazan, farkl\u0131 sanat alanlar\u0131 ile ilgilenen isimlerin say\u0131s\u0131 \u00e7ok de\u011fildir. \u015eair ve yazar Murathan Mungan, 1970\u2019lerin ortalar\u0131nda ba\u015flad\u0131\u011f\u0131<span class=\"excerpt-hellip\"> [\u2026]<\/span><\/p>\n","protected":false},"featured_media":0,"template":"","meta":{"_monsterinsights_skip_tracking":false,"_monsterinsights_sitenote_active":false,"_monsterinsights_sitenote_note":"","_monsterinsights_sitenote_category":0},"product_brand":[],"product_cat":[13072,12291],"product_tag":[],"class_list":{"0":"post-765437","1":"product","2":"type-product","3":"status-publish","5":"product_cat-arastirma-inceleme-referans","6":"product_cat-edebiyat","7":"pa_cilt-ciltsiz","8":"pa_tur-kitap","9":"pa_yayinevi-akademik-kitaplar","10":"pa_yazar-ulas-bingol","12":"first","13":"instock","14":"sale","15":"shipping-taxable","16":"purchasable","17":"product-type-simple"},"_links":{"self":[{"href":"https:\/\/roveyayinevi.com.tr\/index.php\/wp-json\/wp\/v2\/product\/765437","targetHints":{"allow":["GET"]}}],"collection":[{"href":"https:\/\/roveyayinevi.com.tr\/index.php\/wp-json\/wp\/v2\/product"}],"about":[{"href":"https:\/\/roveyayinevi.com.tr\/index.php\/wp-json\/wp\/v2\/types\/product"}],"wp:attachment":[{"href":"https:\/\/roveyayinevi.com.tr\/index.php\/wp-json\/wp\/v2\/media?parent=765437"}],"wp:term":[{"taxonomy":"product_brand","embeddable":true,"href":"https:\/\/roveyayinevi.com.tr\/index.php\/wp-json\/wp\/v2\/product_brand?post=765437"},{"taxonomy":"product_cat","embeddable":true,"href":"https:\/\/roveyayinevi.com.tr\/index.php\/wp-json\/wp\/v2\/product_cat?post=765437"},{"taxonomy":"product_tag","embeddable":true,"href":"https:\/\/roveyayinevi.com.tr\/index.php\/wp-json\/wp\/v2\/product_tag?post=765437"}],"curies":[{"name":"wp","href":"https:\/\/api.w.org\/{rel}","templated":true}]}}