{"id":765434,"date":"2025-08-28T11:43:19","date_gmt":"2025-08-28T08:43:19","guid":{"rendered":"https:\/\/roveyayinevi.com.tr\/index.php\/urun\/osmanli-turkcesi-2-2\/"},"modified":"2026-04-15T03:31:02","modified_gmt":"2026-04-15T00:31:02","slug":"osmanli-turkcesi-2-2","status":"publish","type":"product","link":"https:\/\/roveyayinevi.com.tr\/index.php\/urun\/osmanli-turkcesi-2-2\/","title":{"rendered":"Osmanl\u0131 T\u00fcrk\u00e7esi 2"},"content":{"rendered":"<p>Osmanl\u0131 t\u00fcrk\u00e7esi, T\u00fcrkiye T\u00fcrk\u00e7esinin geli\u015fme s\u00fcrecinde Eski Anadolu T\u00fcrk\u00e7esi diye adland\u0131r\u0131lan ilk devresini de i\u00e7ine alarak, 14. y\u00fczy\u0131ldan ba\u015flay\u0131p 20. y\u00fczy\u0131l\u0131n ba\u015flar\u0131na kadar devam eden devredir. Osmanl\u0131 T\u00fcrk\u00e7esini bug\u00fcnk\u00fc T\u00fcrk\u00e7enin d\u0131\u015f\u0131nda ve ondan ayr\u0131 d\u00fc\u015f\u00fcnmek do\u011fru de\u011fildir. Bug\u00fcnk\u00fc T\u00fcrkiye T\u00fcrk\u00e7esi Osmal\u0131 t\u00fcrk\u00e7esinin bir devam\u0131d\u0131r. T\u00fcrk\u00e7enin b\u00f6yle de\u011fi\u015fik adlarla an\u0131lmas\u0131, T\u00fcrk milletinin dilinin uzun bir tarih i\u00e7erisinde geni\u015f bir co\u011frafi alana yay\u0131larak \u00e7e\u015fitli leh\u00e7elere ayr\u0131lmas\u0131 dolay\u0131s\u0131ylad\u0131r.Dilin bu \u015fekilde bir geli\u015fme g\u00f6stermesini, biraz da T\u00fcrk\u00e7enin, ihtiya\u00e7 duydu\u011fu dil malzemesini kendi i\u00e7inde bulamay\u0131nca, onu ayn\u0131 k\u00fclt\u00fcr diresi i\u00e7inde bulunan \u00f6teki dillerden temin etme ve \u00fc\u00e7 dilin imkanlar\u0131ndan yararlanma yolunun bir sonucu olarak de\u011ferlendirmek gerekir. Bu bak\u0131mdan Osmanl\u0131 T\u00fcrk\u00e7esi, ortak \u0130slam uygarl\u0131\u011f\u0131na ait birtak\u0131m kelime ve terkipleri T\u00fcrk\u00e7enin do\u011fal kelime ve terkipleri gibi kullanm\u0131\u015f ve bunlar\u0131n bir\u00e7o\u011funu T\u00fcrk\u00e7ele\u015ftirmi\u015ftir.K\u00fclt\u00fcr ve medeniyetler k\u0131sa zamanda olgun bir seviyeye ula\u015fmazlar. Bir millet \u00e7e\u015fitli medeniyet safhalar\u0131n\u0131 a\u015fa a\u015fa ilerler. \u0130leri medeniyet safhas\u0131n\u0131 ayd\u0131nlatan da daha \u00f6nceki safhalard\u0131r Bu bak\u0131mdan Osmanl\u0131 T\u00fcrk\u00e7esinin arkas\u0131nda be\u015f y\u00fcz y\u0131l y\u0131l ya\u015fam\u0131\u015f bir medeniyet vard\u0131r. T\u00fcrk\u00e7eye girmi\u015f olan her yabanc\u0131 kelime, atalar\u0131m\u0131z\u0131n kutsal bir de\u011fer verdikleri y\u00fczlerce kitaptan aktar\u0131lm\u0131\u015ft\u0131r. Bu bak\u0131mdan be\u015f y\u00fcz y\u0131ll\u0131k ge\u00e7mi\u015fini bilmek ve k\u00fclt\u00fcr\u00fcm\u00fcz\u00fcn derinliklerine inerek onu daha yak\u0131ndan tan\u0131mak isteyen herkesin Osmanl\u0131 T\u00fcrk\u00e7esini bilmeye ihtiyac\u0131 vard\u0131r. Bu dili ve k\u00fclt\u00fcr\u00fc bilmeden ortaya konmu\u015f eserleri okuyup anlam\u0131 imk\u00e2n\u0131 yoktur.<\/p>\n","protected":false},"excerpt":{"rendered":"<p>Osmanl\u0131 t\u00fcrk\u00e7esi, T\u00fcrkiye T\u00fcrk\u00e7esinin geli\u015fme s\u00fcrecinde Eski Anadolu T\u00fcrk\u00e7esi diye adland\u0131r\u0131lan ilk devresini de i\u00e7ine alarak, 14. y\u00fczy\u0131ldan ba\u015flay\u0131p 20. y\u00fczy\u0131l\u0131n ba\u015flar\u0131na kadar devam eden devredir.<span class=\"excerpt-hellip\"> [\u2026]<\/span><\/p>\n","protected":false},"featured_media":0,"template":"","meta":{"_monsterinsights_skip_tracking":false,"_monsterinsights_sitenote_active":false,"_monsterinsights_sitenote_note":"","_monsterinsights_sitenote_category":0},"product_brand":[],"product_cat":[12573,12566],"product_tag":[],"class_list":{"0":"post-765434","1":"product","2":"type-product","3":"status-publish","5":"product_cat-akademik-kitaplar","6":"product_cat-egitim","7":"pa_cilt-ciltsiz","8":"pa_tur-kitap","9":"pa_yayinevi-akademik-kitaplar","10":"pa_yazar-mustafa-ozkan","12":"first","13":"instock","14":"sale","15":"shipping-taxable","16":"purchasable","17":"product-type-simple"},"_links":{"self":[{"href":"https:\/\/roveyayinevi.com.tr\/index.php\/wp-json\/wp\/v2\/product\/765434","targetHints":{"allow":["GET"]}}],"collection":[{"href":"https:\/\/roveyayinevi.com.tr\/index.php\/wp-json\/wp\/v2\/product"}],"about":[{"href":"https:\/\/roveyayinevi.com.tr\/index.php\/wp-json\/wp\/v2\/types\/product"}],"wp:attachment":[{"href":"https:\/\/roveyayinevi.com.tr\/index.php\/wp-json\/wp\/v2\/media?parent=765434"}],"wp:term":[{"taxonomy":"product_brand","embeddable":true,"href":"https:\/\/roveyayinevi.com.tr\/index.php\/wp-json\/wp\/v2\/product_brand?post=765434"},{"taxonomy":"product_cat","embeddable":true,"href":"https:\/\/roveyayinevi.com.tr\/index.php\/wp-json\/wp\/v2\/product_cat?post=765434"},{"taxonomy":"product_tag","embeddable":true,"href":"https:\/\/roveyayinevi.com.tr\/index.php\/wp-json\/wp\/v2\/product_tag?post=765434"}],"curies":[{"name":"wp","href":"https:\/\/api.w.org\/{rel}","templated":true}]}}