{"id":765432,"date":"2025-08-28T11:43:15","date_gmt":"2025-08-28T08:43:15","guid":{"rendered":"https:\/\/roveyayinevi.com.tr\/index.php\/urun\/orhan-hancerlioglu-hikayeden-ote-romandan-beri\/"},"modified":"2026-04-15T03:31:02","modified_gmt":"2026-04-15T00:31:02","slug":"orhan-hancerlioglu-hikayeden-ote-romandan-beri","status":"publish","type":"product","link":"https:\/\/roveyayinevi.com.tr\/index.php\/urun\/orhan-hancerlioglu-hikayeden-ote-romandan-beri\/","title":{"rendered":"Orhan Han\u00e7erlio\u011flu &#8211; Hikayeden \u00d6te Romandan Beri"},"content":{"rendered":"<p>&#8220;Ya\u015fayan her \u015fey \u00f6lecektir, ama ya\u015fam asla t\u00fckenmeyecek ve sonsuzca s\u00fcr\u00fcp gidecektir. \u0130nsan da ki\u015fi olarak \u00f6lecektir, ama ya\u015fama kazand\u0131rd\u0131klar\u0131yla sonsuzca ya\u015famakta devam edecektir. Ya\u015fam\u0131n\u0131n nedenini bilen insan \u00f6l\u00fcm\u00fcn\u00fcn de nedenini bilir ve \u00f6l\u00fcmden korkmaz&#8221; diyen Orhan Han\u00e7erlio\u011flu, T\u00fcrk d\u00fc\u015f\u00fcnce d\u00fcnyas\u0131nda \u00f6zellikle edebiyat ve felsefe alanlar\u0131ndaki \u00e7al\u0131\u015fmalar\u0131yla \u00f6nemli bir yere sahiptir. \u015eiirlerinin yay\u0131mland\u0131\u011f\u0131 1936 y\u0131l\u0131 ile &#8220;Oyun&#8221; adl\u0131 roman\u0131nda de\u011fi\u015fiklikler yaparak yay\u0131mlad\u0131\u011f\u0131 1962 y\u0131l\u0131 aras\u0131nda ge\u00e7en s\u00fcre dikkate al\u0131nd\u0131\u011f\u0131nda onun edeb\u00ee hayat\u0131n\u0131n yakla\u015f\u0131k yirmi alt\u0131 y\u0131l s\u00fcrd\u00fc\u011f\u00fc s\u00f6ylenebilir. O, 1950&#8217;li y\u0131llarda yay\u0131mlanan edebiyat dergilerinin \u00e7ok okunan yazarlar listesinde s\u00fcrekli ad\u0131na rastlanan, devrin gazetecileri taraf\u0131ndan kendisiyle s\u0131k s\u0131k r\u00f6portajlar yap\u0131lan, eserleri hakk\u0131nda inceleme yaz\u0131lar\u0131 yay\u0131mlanan ve fikirlerine de\u011fer verildi\u011fi i\u00e7in bir\u00e7ok yar\u0131\u015fmada j\u00fcri \u00fcyesi olarak yer alan ba\u015far\u0131l\u0131 bir yazard\u0131r.Orhan Han\u00e7erlio\u011flu&#8217;nun T\u00fcrk edebiyat\u0131ndaki yerini ortaya koymay\u0131 ama\u00e7layan \u00e7al\u0131\u015fmam\u0131z\u0131n ilk b\u00f6l\u00fcm\u00fcn\u00fc olu\u015fturan elinizdeki bu kitap, yazar\u0131n hayat hik\u00e2yesini ve romanlar\u0131n\u0131 ele almaktad\u0131r.<\/p>\n","protected":false},"excerpt":{"rendered":"<p>&#8220;Ya\u015fayan her \u015fey \u00f6lecektir, ama ya\u015fam asla t\u00fckenmeyecek ve sonsuzca s\u00fcr\u00fcp gidecektir. \u0130nsan da ki\u015fi olarak \u00f6lecektir, ama ya\u015fama kazand\u0131rd\u0131klar\u0131yla sonsuzca ya\u015famakta devam edecektir. Ya\u015fam\u0131n\u0131n nedenini<span class=\"excerpt-hellip\"> [\u2026]<\/span><\/p>\n","protected":false},"featured_media":0,"template":"","meta":{"_monsterinsights_skip_tracking":false,"_monsterinsights_sitenote_active":false,"_monsterinsights_sitenote_note":"","_monsterinsights_sitenote_category":0},"product_brand":[],"product_cat":[12777,12291],"product_tag":[],"class_list":{"0":"post-765432","1":"product","2":"type-product","3":"status-publish","5":"product_cat-deneme","6":"product_cat-edebiyat","7":"pa_cilt-ciltsiz","8":"pa_tur-kitap","9":"pa_yayinevi-akademik-kitaplar","10":"pa_yazar-meral-demiryurek","12":"first","13":"instock","14":"sale","15":"shipping-taxable","16":"purchasable","17":"product-type-simple"},"_links":{"self":[{"href":"https:\/\/roveyayinevi.com.tr\/index.php\/wp-json\/wp\/v2\/product\/765432","targetHints":{"allow":["GET"]}}],"collection":[{"href":"https:\/\/roveyayinevi.com.tr\/index.php\/wp-json\/wp\/v2\/product"}],"about":[{"href":"https:\/\/roveyayinevi.com.tr\/index.php\/wp-json\/wp\/v2\/types\/product"}],"wp:attachment":[{"href":"https:\/\/roveyayinevi.com.tr\/index.php\/wp-json\/wp\/v2\/media?parent=765432"}],"wp:term":[{"taxonomy":"product_brand","embeddable":true,"href":"https:\/\/roveyayinevi.com.tr\/index.php\/wp-json\/wp\/v2\/product_brand?post=765432"},{"taxonomy":"product_cat","embeddable":true,"href":"https:\/\/roveyayinevi.com.tr\/index.php\/wp-json\/wp\/v2\/product_cat?post=765432"},{"taxonomy":"product_tag","embeddable":true,"href":"https:\/\/roveyayinevi.com.tr\/index.php\/wp-json\/wp\/v2\/product_tag?post=765432"}],"curies":[{"name":"wp","href":"https:\/\/api.w.org\/{rel}","templated":true}]}}