{"id":765431,"date":"2025-08-28T11:43:14","date_gmt":"2025-08-28T08:43:14","guid":{"rendered":"https:\/\/roveyayinevi.com.tr\/index.php\/urun\/nizam-i-cedidden-ii-mesrutiyete-osmanli-reform-surecinde-kibris\/"},"modified":"2026-04-15T03:31:02","modified_gmt":"2026-04-15T00:31:02","slug":"nizam-i-cedidden-ii-mesrutiyete-osmanli-reform-surecinde-kibris","status":"publish","type":"product","link":"https:\/\/roveyayinevi.com.tr\/index.php\/urun\/nizam-i-cedidden-ii-mesrutiyete-osmanli-reform-surecinde-kibris\/","title":{"rendered":"Nizam-\u0131 Cedid\u2019den II. Me\u015frutiyet\u2019e Osmanl\u0131 Reform S\u00fcrecinde K\u0131br\u0131s"},"content":{"rendered":"<p>Niz\u00e2m-\u0131 Ced\u00eed, Tanzimat Ferman\u0131, Kanun-\u0131 Es\u00e2si ve H\u00fcrriyet&#8217;in \u0130l\u00e2n\u0131 hi\u00e7 \u015f\u00fcphesiz Osmanl\u0131 reform s\u00fcrecinin \u00f6nemli d\u00f6n\u00fcm noktalar\u0131yd\u0131. Hepsinde de temel ama\u00e7 &#8220;Bu devlet nas\u0131l kurtulur?&#8221; sorusuna anlaml\u0131 ve ya\u015fayabilir bir cevap bulmakt\u0131. \u0130stanbul merkezli olarak ger\u00e7ekle\u015ftirilen s\u00f6z konusu reformlar\u0131n bir ta\u015fra sanca\u011f\u0131 olan K\u0131br\u0131s&#8217;taki yans\u0131malar\u0131 neler olmu\u015ftu? Yani Niz\u00e2m-\u0131 Ced\u00eed bir ta\u015fra sanca\u011f\u0131 olan K\u0131br\u0131s&#8217;ta ya\u015fayanlar i\u00e7in ne anlam ifade etmi\u015fti? Tanzimat Ferman\u0131 veya G\u00fclhane Hatt-\u0131 H\u00fcm\u00e2y\u00fbn&#8217;u K\u0131br\u0131s&#8217;ta nas\u0131l uygulanm\u0131\u015ft\u0131? 1876 y\u0131l\u0131nda Kanun-\u0131 Es\u00e2si ilan edildi\u011fi zaman K\u0131br\u0131s&#8217;ta nas\u0131l kar\u015f\u0131lanm\u0131\u015ft\u0131? 1908 y\u0131l\u0131ndaki H\u00fcrriyet&#8217;in \u0130lan\u0131 idar\u00ee olarak \u0130ngiliz y\u00f6netiminde, hukuk\u00ee olarak ise Osmanl\u0131 egemenli\u011finde bulunan K\u0131br\u0131s&#8217;a nas\u0131l yans\u0131m\u0131\u015f, K\u0131br\u0131s&#8217;ta nas\u0131l de\u011ferlendirilmi\u015fti?<\/p>\n","protected":false},"excerpt":{"rendered":"<p>Niz\u00e2m-\u0131 Ced\u00eed, Tanzimat Ferman\u0131, Kanun-\u0131 Es\u00e2si ve H\u00fcrriyet&#8217;in \u0130l\u00e2n\u0131 hi\u00e7 \u015f\u00fcphesiz Osmanl\u0131 reform s\u00fcrecinin \u00f6nemli d\u00f6n\u00fcm noktalar\u0131yd\u0131. Hepsinde de temel ama\u00e7 &#8220;Bu devlet nas\u0131l kurtulur?&#8221; sorusuna<span class=\"excerpt-hellip\"> [\u2026]<\/span><\/p>\n","protected":false},"featured_media":0,"template":"","meta":{"_monsterinsights_skip_tracking":false,"_monsterinsights_sitenote_active":false,"_monsterinsights_sitenote_note":"","_monsterinsights_sitenote_category":0},"product_brand":[],"product_cat":[12370,12304],"product_tag":[],"class_list":{"0":"post-765431","1":"product","2":"type-product","3":"status-publish","5":"product_cat-arastirma-inceleme","6":"product_cat-tarih","7":"pa_cilt-ciltsiz","8":"pa_tur-kitap","9":"pa_yayinevi-akademik-kitaplar","10":"pa_yazar-mehmet-demiryurek","12":"first","13":"instock","14":"sale","15":"shipping-taxable","16":"purchasable","17":"product-type-simple"},"_links":{"self":[{"href":"https:\/\/roveyayinevi.com.tr\/index.php\/wp-json\/wp\/v2\/product\/765431","targetHints":{"allow":["GET"]}}],"collection":[{"href":"https:\/\/roveyayinevi.com.tr\/index.php\/wp-json\/wp\/v2\/product"}],"about":[{"href":"https:\/\/roveyayinevi.com.tr\/index.php\/wp-json\/wp\/v2\/types\/product"}],"wp:attachment":[{"href":"https:\/\/roveyayinevi.com.tr\/index.php\/wp-json\/wp\/v2\/media?parent=765431"}],"wp:term":[{"taxonomy":"product_brand","embeddable":true,"href":"https:\/\/roveyayinevi.com.tr\/index.php\/wp-json\/wp\/v2\/product_brand?post=765431"},{"taxonomy":"product_cat","embeddable":true,"href":"https:\/\/roveyayinevi.com.tr\/index.php\/wp-json\/wp\/v2\/product_cat?post=765431"},{"taxonomy":"product_tag","embeddable":true,"href":"https:\/\/roveyayinevi.com.tr\/index.php\/wp-json\/wp\/v2\/product_tag?post=765431"}],"curies":[{"name":"wp","href":"https:\/\/api.w.org\/{rel}","templated":true}]}}