{"id":765430,"date":"2025-08-28T11:43:11","date_gmt":"2025-08-28T08:43:11","guid":{"rendered":"https:\/\/roveyayinevi.com.tr\/index.php\/urun\/muhayyelat-uzerine-bir-inceleme\/"},"modified":"2026-04-15T03:31:02","modified_gmt":"2026-04-15T00:31:02","slug":"muhayyelat-uzerine-bir-inceleme","status":"publish","type":"product","link":"https:\/\/roveyayinevi.com.tr\/index.php\/urun\/muhayyelat-uzerine-bir-inceleme\/","title":{"rendered":"Muhayyelat \u00dczerine Bir \u0130nceleme"},"content":{"rendered":"<p>\u015eimdi Giritli Aziz Efendi\u2019nin r\u00fbhuBerlin \u0130sl\u00e2m mezarl\u0131\u011f\u0131ndan,Der ki: Her T\u00fcrk Benim kitab\u0131mdan bir Cevat\u2019t\u0131r.\u00c7\u00fcnk\u00fc, her T\u00fcrk kendi y\u00fcre\u011fineAc\u0131lar dokuyan bir tezg\u00e2ht\u0131r.Bizler birer Sadullah Pa\u015fa\u2019y\u0131z yurtd\u0131\u015f\u0131nda\u2026(\u2026)H\u00fcsrev HatemiBir yan\u0131yla kl\u00e2sik hik\u00e2ye gelene\u011fini devam ettiren, bir yan\u0131yla da modern hik\u00e2ye ve romanc\u0131l\u0131\u011f\u0131m\u0131z\u0131n ba\u015flang\u0131\u00e7 noktas\u0131nda duran Muhayyel\u00e2t, bug\u00fcn bile zevkle okunan bir eserdir.Be\u015fir Ayvazo\u011flu(Ahmet Midhat Efendi\u2019nin) \u00c7engi roman\u0131nda dil ve anlat\u0131m olarak Giritli Aziz Efendi\u2019nin yazd\u0131\u011f\u0131 ve son devir Osmanl\u0131 ayd\u0131nlar\u0131n\u0131n \u00e7ok okudu\u011fu Muhayyel\u00e2t\u2019tan yola \u00e7\u0131k\u0131lm\u0131\u015ft\u0131r.Mustafa Miyaso\u011flu(Muhayyel\u00e2t), Tanzimat devrinde oldu\u011fu gibi sonraki devirlerde de sanatk\u00e2rlar\u0131m\u0131za \u201cilham kayna\u011f\u0131\u201d olmaya devam etmi\u015ftir.\u0130skender Pala<\/p>\n","protected":false},"excerpt":{"rendered":"<p>\u015eimdi Giritli Aziz Efendi\u2019nin r\u00fbhuBerlin \u0130sl\u00e2m mezarl\u0131\u011f\u0131ndan,Der ki: Her T\u00fcrk Benim kitab\u0131mdan bir Cevat\u2019t\u0131r.\u00c7\u00fcnk\u00fc, her T\u00fcrk kendi y\u00fcre\u011fineAc\u0131lar dokuyan bir tezg\u00e2ht\u0131r.Bizler birer Sadullah Pa\u015fa\u2019y\u0131z yurtd\u0131\u015f\u0131nda\u2026(\u2026)H\u00fcsrev HatemiBir<span class=\"excerpt-hellip\"> [\u2026]<\/span><\/p>\n","protected":false},"featured_media":0,"template":"","meta":{"_monsterinsights_skip_tracking":false,"_monsterinsights_sitenote_active":false,"_monsterinsights_sitenote_note":"","_monsterinsights_sitenote_category":0},"product_brand":[],"product_cat":[12777,12291],"product_tag":[],"class_list":{"0":"post-765430","1":"product","2":"type-product","3":"status-publish","5":"product_cat-deneme","6":"product_cat-edebiyat","7":"pa_cilt-ciltsiz","8":"pa_tur-kitap","9":"pa_yayinevi-akademik-kitaplar","10":"pa_yazar-recep-duymaz","12":"first","13":"instock","14":"sale","15":"shipping-taxable","16":"purchasable","17":"product-type-simple"},"_links":{"self":[{"href":"https:\/\/roveyayinevi.com.tr\/index.php\/wp-json\/wp\/v2\/product\/765430","targetHints":{"allow":["GET"]}}],"collection":[{"href":"https:\/\/roveyayinevi.com.tr\/index.php\/wp-json\/wp\/v2\/product"}],"about":[{"href":"https:\/\/roveyayinevi.com.tr\/index.php\/wp-json\/wp\/v2\/types\/product"}],"wp:attachment":[{"href":"https:\/\/roveyayinevi.com.tr\/index.php\/wp-json\/wp\/v2\/media?parent=765430"}],"wp:term":[{"taxonomy":"product_brand","embeddable":true,"href":"https:\/\/roveyayinevi.com.tr\/index.php\/wp-json\/wp\/v2\/product_brand?post=765430"},{"taxonomy":"product_cat","embeddable":true,"href":"https:\/\/roveyayinevi.com.tr\/index.php\/wp-json\/wp\/v2\/product_cat?post=765430"},{"taxonomy":"product_tag","embeddable":true,"href":"https:\/\/roveyayinevi.com.tr\/index.php\/wp-json\/wp\/v2\/product_tag?post=765430"}],"curies":[{"name":"wp","href":"https:\/\/api.w.org\/{rel}","templated":true}]}}