{"id":765429,"date":"2025-08-28T11:43:01","date_gmt":"2025-08-28T08:43:01","guid":{"rendered":"https:\/\/roveyayinevi.com.tr\/index.php\/urun\/milli-edebiyata-dogru\/"},"modified":"2026-04-15T03:31:02","modified_gmt":"2026-04-15T00:31:02","slug":"milli-edebiyata-dogru","status":"publish","type":"product","link":"https:\/\/roveyayinevi.com.tr\/index.php\/urun\/milli-edebiyata-dogru\/","title":{"rendered":"Milli Edebiyata Do\u011fru"},"content":{"rendered":"<p>Milli edebiyat, T\u00fcrk edebiyat\u0131 tarihinin en canl\u0131 hareketli d\u00f6nemidir. Bu d\u00f6nemde hem Milli edebiyat anlay\u0131\u015f\u0131na uygun edebiyat eserleri, hem bu eserlerden yola \u00e7\u0131k\u0131larak Milli edebiyat\u0131n ne oldu\u011funa dair kurumsal metinler yaz\u0131lm\u0131\u015ft\u0131r. Milli edebiyat\u0131n ne oldu\u011funu ancak bu iki kaynaktan gelen eserler do\u011frulukla ortaya koyabilir.N\u00fczhet Ha\u015fim\u2019in elinizdeki Milli Edebiyata Do\u011fru adl\u0131 eseri, bu iki kaynaktan beslenen bir \u00e7al\u0131\u015fmad\u0131r. Buradaki edebiyat metinleri ile kurumsal yaz\u0131lar, Milli edebiyat\u0131 kendi tarihsel ve toplumsal ba\u011flam\u0131 i\u00e7inde bize tan\u0131tan metinlerdir.<\/p>\n","protected":false},"excerpt":{"rendered":"<p>Milli edebiyat, T\u00fcrk edebiyat\u0131 tarihinin en canl\u0131 hareketli d\u00f6nemidir. Bu d\u00f6nemde hem Milli edebiyat anlay\u0131\u015f\u0131na uygun edebiyat eserleri, hem bu eserlerden yola \u00e7\u0131k\u0131larak Milli edebiyat\u0131n ne<span class=\"excerpt-hellip\"> [\u2026]<\/span><\/p>\n","protected":false},"featured_media":0,"template":"","meta":{"_monsterinsights_skip_tracking":false,"_monsterinsights_sitenote_active":false,"_monsterinsights_sitenote_note":"","_monsterinsights_sitenote_category":0},"product_brand":[],"product_cat":[13072,12291],"product_tag":[],"class_list":{"0":"post-765429","1":"product","2":"type-product","3":"status-publish","5":"product_cat-arastirma-inceleme-referans","6":"product_cat-edebiyat","7":"pa_cilt-ciltsiz","8":"pa_tur-kitap","9":"pa_yayinevi-akademik-kitaplar","10":"pa_yazar-nuzhet-hasim","12":"first","13":"instock","14":"sale","15":"shipping-taxable","16":"purchasable","17":"product-type-simple"},"_links":{"self":[{"href":"https:\/\/roveyayinevi.com.tr\/index.php\/wp-json\/wp\/v2\/product\/765429","targetHints":{"allow":["GET"]}}],"collection":[{"href":"https:\/\/roveyayinevi.com.tr\/index.php\/wp-json\/wp\/v2\/product"}],"about":[{"href":"https:\/\/roveyayinevi.com.tr\/index.php\/wp-json\/wp\/v2\/types\/product"}],"wp:attachment":[{"href":"https:\/\/roveyayinevi.com.tr\/index.php\/wp-json\/wp\/v2\/media?parent=765429"}],"wp:term":[{"taxonomy":"product_brand","embeddable":true,"href":"https:\/\/roveyayinevi.com.tr\/index.php\/wp-json\/wp\/v2\/product_brand?post=765429"},{"taxonomy":"product_cat","embeddable":true,"href":"https:\/\/roveyayinevi.com.tr\/index.php\/wp-json\/wp\/v2\/product_cat?post=765429"},{"taxonomy":"product_tag","embeddable":true,"href":"https:\/\/roveyayinevi.com.tr\/index.php\/wp-json\/wp\/v2\/product_tag?post=765429"}],"curies":[{"name":"wp","href":"https:\/\/api.w.org\/{rel}","templated":true}]}}