{"id":765428,"date":"2025-08-28T11:42:58","date_gmt":"2025-08-28T08:42:58","guid":{"rendered":"https:\/\/roveyayinevi.com.tr\/index.php\/urun\/memleketi-istanbula-tasimak\/"},"modified":"2026-04-15T03:31:02","modified_gmt":"2026-04-15T00:31:02","slug":"memleketi-istanbula-tasimak","status":"publish","type":"product","link":"https:\/\/roveyayinevi.com.tr\/index.php\/urun\/memleketi-istanbula-tasimak\/","title":{"rendered":"Memleketi \u0130stanbul&#8217;a ta\u015f\u0131mak"},"content":{"rendered":"<p>\u0130stanbul, \u00f6zellikle 1950&#8217;li y\u0131llardan sonra T\u00fcrkiye i\u00e7in en \u00f6nemli olgulardan biri olan &#8220;i\u00e7g\u00f6\u00e7&#8221; \u00fcn simge \u015fehirlerinden biri olmu\u015ftur. Anadolu insan\u0131 \u00e7e\u015fitli sebeplerle &#8220;ta\u015f\u0131n\u0131&#8221; ve &#8220;topra\u011f\u0131n\u0131&#8221; bile de\u011ferli g\u00f6rerek yollar\u0131na d\u00fc\u015ft\u00fc\u011f\u00fc \u0130stanbul&#8217;a g\u00f6\u00e7 etmekle kalm\u0131yor &#8220;memleketlerini&#8221; de buraya ta\u015f\u0131yordu. G\u00f6\u00e7, sadece bir yer de\u011fi\u015ftirme ve g\u00f6\u00e7\u00fclen mek\u00e2nlara s\u0131\u011f\u0131nmak de\u011fil ayn\u0131 zamanda g\u00f6\u00e7 edilen co\u011frafyaya kendinden bir \u015feyler ekleyerek oray\u0131 benimsemek ve k\u00f6k salmakt\u0131r da&#8230; \u0130\u015fte elinizdeki bu \u00e7al\u0131\u015fmada, toplumun de\u011fi\u015fim ve d\u00f6n\u00fc\u015f\u00fcm\u00fcnde etkili k\u0131r\u0131lma noktalar\u0131n\u0131 g\u00f6zlemlemeye uygun t\u00fcr olan romanlar \u00fczerinden 1950-1980 y\u0131llar\u0131nda yay\u0131nlanm\u0131\u015f T\u00fcrk romanlar\u0131nda ele al\u0131nan g\u00f6\u00e7 olgusu oda\u011fa al\u0131nm\u0131\u015f, roman kahraman\u0131 g\u00f6\u00e7menlerin g\u00f6\u00e7 yoluna d\u00fc\u015fme sebepleri, bu u\u011furda ya\u015fad\u0131klar\u0131 ve nihayetinde \u0130stanbul&#8217;a ad\u0131m atmalar\u0131ylahem kendilerinde hem de \u0130stanbul&#8217;da ba\u015flayan de\u011fi\u015fim, d\u00f6n\u00fc\u015f\u00fcm akademik bir y\u00f6ntemle irdelenmi\u015ftir.<\/p>\n","protected":false},"excerpt":{"rendered":"<p>\u0130stanbul, \u00f6zellikle 1950&#8217;li y\u0131llardan sonra T\u00fcrkiye i\u00e7in en \u00f6nemli olgulardan biri olan &#8220;i\u00e7g\u00f6\u00e7&#8221; \u00fcn simge \u015fehirlerinden biri olmu\u015ftur. Anadolu insan\u0131 \u00e7e\u015fitli sebeplerle &#8220;ta\u015f\u0131n\u0131&#8221; ve &#8220;topra\u011f\u0131n\u0131&#8221; bile<span class=\"excerpt-hellip\"> [\u2026]<\/span><\/p>\n","protected":false},"featured_media":0,"template":"","meta":{"_monsterinsights_skip_tracking":false,"_monsterinsights_sitenote_active":false,"_monsterinsights_sitenote_note":"","_monsterinsights_sitenote_category":0},"product_brand":[],"product_cat":[13072,12291],"product_tag":[],"class_list":{"0":"post-765428","1":"product","2":"type-product","3":"status-publish","5":"product_cat-arastirma-inceleme-referans","6":"product_cat-edebiyat","7":"pa_cilt-ciltsiz","8":"pa_tur-kitap","9":"pa_yayinevi-akademik-kitaplar","10":"pa_yazar-ali-kurt","12":"first","13":"instock","14":"sale","15":"shipping-taxable","16":"purchasable","17":"product-type-simple"},"_links":{"self":[{"href":"https:\/\/roveyayinevi.com.tr\/index.php\/wp-json\/wp\/v2\/product\/765428","targetHints":{"allow":["GET"]}}],"collection":[{"href":"https:\/\/roveyayinevi.com.tr\/index.php\/wp-json\/wp\/v2\/product"}],"about":[{"href":"https:\/\/roveyayinevi.com.tr\/index.php\/wp-json\/wp\/v2\/types\/product"}],"wp:attachment":[{"href":"https:\/\/roveyayinevi.com.tr\/index.php\/wp-json\/wp\/v2\/media?parent=765428"}],"wp:term":[{"taxonomy":"product_brand","embeddable":true,"href":"https:\/\/roveyayinevi.com.tr\/index.php\/wp-json\/wp\/v2\/product_brand?post=765428"},{"taxonomy":"product_cat","embeddable":true,"href":"https:\/\/roveyayinevi.com.tr\/index.php\/wp-json\/wp\/v2\/product_cat?post=765428"},{"taxonomy":"product_tag","embeddable":true,"href":"https:\/\/roveyayinevi.com.tr\/index.php\/wp-json\/wp\/v2\/product_tag?post=765428"}],"curies":[{"name":"wp","href":"https:\/\/api.w.org\/{rel}","templated":true}]}}