{"id":765427,"date":"2025-08-28T11:42:57","date_gmt":"2025-08-28T08:42:57","guid":{"rendered":"https:\/\/roveyayinevi.com.tr\/index.php\/urun\/mechule-yolculuk-turk-romaninda-surgun\/"},"modified":"2026-04-15T03:31:02","modified_gmt":"2026-04-15T00:31:02","slug":"mechule-yolculuk-turk-romaninda-surgun","status":"publish","type":"product","link":"https:\/\/roveyayinevi.com.tr\/index.php\/urun\/mechule-yolculuk-turk-romaninda-surgun\/","title":{"rendered":"Me\u00e7hule Yolculuk T\u00fcrk Roman\u0131nda S\u00fcrg\u00fcn"},"content":{"rendered":"<p>\u0130lk insandan g\u00fcn\u00fcm\u00fcze kadar bir\u00e7ok yazar, ayd\u0131n, gazeteci, politikac\u0131, toplumun her kesiminden insanlar farkl\u0131 sebeplerle s\u00fcrg\u00fcn ya\u015fam\u0131\u015ft\u0131r. S\u00fcrg\u00fcn kavram\u0131na y\u00fcklenen anlam ise, ki\u015filerin bak\u0131\u015f a\u00e7\u0131s\u0131na g\u00f6re de\u011fi\u015fmi\u015ftir. Tarih\u00ee s\u00fcre\u00e7te, topluca yapt\u0131r\u0131lan g\u00f6\u00e7lerin bir k\u0131sm\u0131 da s\u00fcrg\u00fcn olarak kabul edilmi\u015ftir.Toplu olan s\u00fcrg\u00fcnlerin d\u0131\u015f\u0131nda d\u00fcnya tarihinde bir\u00e7ok d\u00fc\u015f\u00fcn\u00fcr de bireysel s\u00fcrg\u00fcn ya\u015fam\u0131\u015ft\u0131r. D\u00fcnya tarihine genel olarak bak\u0131ld\u0131\u011f\u0131nda hemen hemen b\u00fct\u00fcn milletlerde s\u00fcrg\u00fcn edilen ayd\u0131nlarla kar\u015f\u0131la\u015f\u0131r\u0131z. S\u00fcrg\u00fcn cezas\u0131 uygulamayan tek bir millet ve devlet yok gibidir.Uzun tarih\u00ee s\u00fcre\u00e7te bunlar ya\u015fan\u0131p tarih kitaplar\u0131nda yerlerini ald\u0131\u011f\u0131 gibi, insan hayat\u0131n\u0131n aynas\u0131 ve yans\u0131mas\u0131 olarak bilinen romanlarda da ayn\u0131 konular dile getirilmi\u015ftir.Bu \u00e7al\u0131\u015fmada T\u00fcrk roman\u0131nda s\u00fcrg\u00fcn temas\u0131 \u00fczerinde durulmu\u015ftur. T\u00fcrk roman\u0131nda s\u00fcrg\u00fcne g\u00f6nderme nedenleri aras\u0131nda siyasi su\u00e7lar, kanunlar\u0131 ihlal ve itaatsizlik, saray entrikalar\u0131, padi\u015faha veya y\u00f6netime muhalefet, hafiyelerin suiistimalleri, s\u00fcrg\u00fcne g\u00f6nderilenlerin rakiplerince k\u0131skan\u0131lmas\u0131, gayr\u0131 ahlaki tutum ve davran\u0131\u015flar yer bulur.Ayr\u0131ca kendini s\u00fcrg\u00fcn kabul edenlerin ruh halleri, s\u00fcrg\u00fcn yap\u0131lan yerler, s\u00fcrg\u00fcn \u00f6ncesinde, s\u0131ras\u0131nda ve sonras\u0131nda ya\u015fananlar, yak\u0131nlar\u0131 s\u00fcrg\u00fcn edilenler ve bizzat s\u00fcrg\u00fcn edilenlerin ya\u015fad\u0131klar\u0131, yolcu edenlerin tepkileri, s\u00fcrg\u00fcn yolculu\u011fu s\u0131ras\u0131nda ya\u015fananlar, s\u00fcrg\u00fcnlerin gittikleri yerlerdeki ya\u015famlar\u0131, a\u015fklar\u0131, tan\u0131\u015ft\u0131klar\u0131 insanlar, s\u00fcrg\u00fcnden d\u00f6nenler, s\u00fcrg\u00fcnden d\u00f6nenlerin kar\u015f\u0131lanmas\u0131 gibi s\u00fcrg\u00fcne dair bir\u00e7ok a\u015fama T\u00fcrk roman\u0131ndan hareketle ele al\u0131nm\u0131\u015ft\u0131r.<\/p>\n","protected":false},"excerpt":{"rendered":"<p>\u0130lk insandan g\u00fcn\u00fcm\u00fcze kadar bir\u00e7ok yazar, ayd\u0131n, gazeteci, politikac\u0131, toplumun her kesiminden insanlar farkl\u0131 sebeplerle s\u00fcrg\u00fcn ya\u015fam\u0131\u015ft\u0131r. S\u00fcrg\u00fcn kavram\u0131na y\u00fcklenen anlam ise, ki\u015filerin bak\u0131\u015f a\u00e7\u0131s\u0131na g\u00f6re<span class=\"excerpt-hellip\"> [\u2026]<\/span><\/p>\n","protected":false},"featured_media":0,"template":"","meta":{"_monsterinsights_skip_tracking":false,"_monsterinsights_sitenote_active":false,"_monsterinsights_sitenote_note":"","_monsterinsights_sitenote_category":0},"product_brand":[],"product_cat":[12370,12304],"product_tag":[],"class_list":{"0":"post-765427","1":"product","2":"type-product","3":"status-publish","5":"product_cat-arastirma-inceleme","6":"product_cat-tarih","7":"pa_cilt-ciltsiz","8":"pa_tur-kitap","9":"pa_yayinevi-akademik-kitaplar","10":"pa_yazar-kemal-timur","12":"first","13":"instock","14":"sale","15":"shipping-taxable","16":"purchasable","17":"product-type-simple"},"_links":{"self":[{"href":"https:\/\/roveyayinevi.com.tr\/index.php\/wp-json\/wp\/v2\/product\/765427","targetHints":{"allow":["GET"]}}],"collection":[{"href":"https:\/\/roveyayinevi.com.tr\/index.php\/wp-json\/wp\/v2\/product"}],"about":[{"href":"https:\/\/roveyayinevi.com.tr\/index.php\/wp-json\/wp\/v2\/types\/product"}],"wp:attachment":[{"href":"https:\/\/roveyayinevi.com.tr\/index.php\/wp-json\/wp\/v2\/media?parent=765427"}],"wp:term":[{"taxonomy":"product_brand","embeddable":true,"href":"https:\/\/roveyayinevi.com.tr\/index.php\/wp-json\/wp\/v2\/product_brand?post=765427"},{"taxonomy":"product_cat","embeddable":true,"href":"https:\/\/roveyayinevi.com.tr\/index.php\/wp-json\/wp\/v2\/product_cat?post=765427"},{"taxonomy":"product_tag","embeddable":true,"href":"https:\/\/roveyayinevi.com.tr\/index.php\/wp-json\/wp\/v2\/product_tag?post=765427"}],"curies":[{"name":"wp","href":"https:\/\/api.w.org\/{rel}","templated":true}]}}