{"id":765426,"date":"2025-08-28T11:42:54","date_gmt":"2025-08-28T08:42:54","guid":{"rendered":"https:\/\/roveyayinevi.com.tr\/index.php\/urun\/makber-2\/"},"modified":"2026-04-15T03:31:02","modified_gmt":"2026-04-15T00:31:02","slug":"makber-2","status":"publish","type":"product","link":"https:\/\/roveyayinevi.com.tr\/index.php\/urun\/makber-2\/","title":{"rendered":"Makber"},"content":{"rendered":"<p>Makber, Abd\u00fclhak Hamid Tarhan&#8217;\u0131n, \u00e7ok sevdi\u011fi e\u015fi Fatma Han\u0131m&#8217;\u0131n \u00f6l\u00fcm\u00fc \u00fczerine yazd\u0131\u011f\u0131, en tan\u0131nm\u0131\u015f eseridir. Fatma Han\u0131m, Hamid&#8217;le 11 senelik evli iken 24 ya\u015f\u0131nda vereme yakalanm\u0131\u015ft\u0131r. O zaman\u0131n \u015fartlar\u0131yla b\u00fct\u00fcn y\u00f6ntemler denenmi\u015f fakat hastal\u0131k tedavi edilemeyerek Fatma Han\u0131m iki sene sonra vefat etmi\u015ftir. Hamid, onun vefat\u0131ndan \u00e7ok etkilenmi\u015f, \u00e7\u0131ld\u0131rma derecesine gelecek kadar b\u00fcy\u00fck bir \u00fcz\u00fcnt\u00fc duymu\u015ftur.Fatma Han\u0131m\u0131n \u00f6l\u00fcm\u00fc, Hamid&#8217;in sanat\u0131n\u0131 da etkilemi\u015ftir. Hamid, Makber, Hacle ve \u00d6l\u00fc adl\u0131 eserlerini yazm\u0131\u015ft\u0131r. BunlardanMakber, T\u00fcrk edebiyat\u0131nda b\u00fcy\u00fck ses getirmi\u015f, bu eserle Hamid, kendisinin ilk en b\u00fcy\u00fck eserini vermi\u015f, T\u00fcrk edebiyat\u0131na kendisini bu eserle kabul ettirmi\u015ftir.Bu \u00e7al\u0131\u015fmayla, T\u00fcrk edebiyat\u0131n\u0131n \u00f6zellikle yeni T\u00fcrk edebiyat\u0131 alan\u0131n\u0131n en \u00f6nemli eserlerinden biri olan Makber, g\u00fcn\u00fcm\u00fcz T\u00fcrk\u00e7esine aktar\u0131ld\u0131. B\u00f6ylelikle eserin anla\u015f\u0131lmas\u0131 ve okunmas\u0131 \u00f6n\u00fcnde en b\u00fcy\u00fck bir engel olarak duran dil problemi ortadan kald\u0131r\u0131lmaya \u00e7al\u0131\u015f\u0131ld\u0131.<\/p>\n","protected":false},"excerpt":{"rendered":"<p>Makber, Abd\u00fclhak Hamid Tarhan&#8217;\u0131n, \u00e7ok sevdi\u011fi e\u015fi Fatma Han\u0131m&#8217;\u0131n \u00f6l\u00fcm\u00fc \u00fczerine yazd\u0131\u011f\u0131, en tan\u0131nm\u0131\u015f eseridir. Fatma Han\u0131m, Hamid&#8217;le 11 senelik evli iken 24 ya\u015f\u0131nda vereme yakalanm\u0131\u015ft\u0131r.<span class=\"excerpt-hellip\"> [\u2026]<\/span><\/p>\n","protected":false},"featured_media":0,"template":"","meta":{"_monsterinsights_skip_tracking":false,"_monsterinsights_sitenote_active":false,"_monsterinsights_sitenote_note":"","_monsterinsights_sitenote_category":0},"product_brand":[],"product_cat":[13072,12291],"product_tag":[],"class_list":{"0":"post-765426","1":"product","2":"type-product","3":"status-publish","5":"product_cat-arastirma-inceleme-referans","6":"product_cat-edebiyat","7":"pa_cilt-ciltsiz","8":"pa_tur-kitap","9":"pa_yayinevi-akademik-kitaplar","10":"pa_yazar-ihsan-safi","12":"first","13":"instock","14":"sale","15":"shipping-taxable","16":"purchasable","17":"product-type-simple"},"_links":{"self":[{"href":"https:\/\/roveyayinevi.com.tr\/index.php\/wp-json\/wp\/v2\/product\/765426","targetHints":{"allow":["GET"]}}],"collection":[{"href":"https:\/\/roveyayinevi.com.tr\/index.php\/wp-json\/wp\/v2\/product"}],"about":[{"href":"https:\/\/roveyayinevi.com.tr\/index.php\/wp-json\/wp\/v2\/types\/product"}],"wp:attachment":[{"href":"https:\/\/roveyayinevi.com.tr\/index.php\/wp-json\/wp\/v2\/media?parent=765426"}],"wp:term":[{"taxonomy":"product_brand","embeddable":true,"href":"https:\/\/roveyayinevi.com.tr\/index.php\/wp-json\/wp\/v2\/product_brand?post=765426"},{"taxonomy":"product_cat","embeddable":true,"href":"https:\/\/roveyayinevi.com.tr\/index.php\/wp-json\/wp\/v2\/product_cat?post=765426"},{"taxonomy":"product_tag","embeddable":true,"href":"https:\/\/roveyayinevi.com.tr\/index.php\/wp-json\/wp\/v2\/product_tag?post=765426"}],"curies":[{"name":"wp","href":"https:\/\/api.w.org\/{rel}","templated":true}]}}