{"id":765425,"date":"2025-08-28T11:42:53","date_gmt":"2025-08-28T08:42:53","guid":{"rendered":"https:\/\/roveyayinevi.com.tr\/index.php\/urun\/mahtumkulu-divani\/"},"modified":"2026-04-15T03:31:02","modified_gmt":"2026-04-15T00:31:02","slug":"mahtumkulu-divani","status":"publish","type":"product","link":"https:\/\/roveyayinevi.com.tr\/index.php\/urun\/mahtumkulu-divani\/","title":{"rendered":"Mahtumkulu Divan\u0131"},"content":{"rendered":"<p>Devletmehmet Azad\u0131 (1700-1760), 18. Y\u00fczy\u0131lda ya\u015fam\u0131\u015f bir T\u00fcrkmen bilginidir. O, T\u00fcrkmenlerin G\u00f6klen buyondan gelmektedir. G\u00f6klenlerin \u00e7o\u011fu bu g\u00fcn T\u00fcrkmenistan&#8217;\u0131n G\u00fcneybat\u0131s\u0131nda yer alan Garr\u0131gala il\u00e7esinde (T\u00fcrkmenistan Ba\u011f\u0131ms\u0131zl\u0131\u011f\u0131ndan sonra il\u00e7enin ad\u0131 Mahtumkulu il\u00e7esi olarak de\u011fi\u015ftirilmi\u015ftir) ya\u015f\u0131maktad\u0131rlar. Onun ismi bu g\u00fcne kadar T\u00fcrk d\u00fcnyas\u0131nda pek bilinmiyor. Veya o\u011flu Mahtumkulu ile birlikte an\u0131l\u0131yor. O, halk aras\u0131nda &#8220;Garr\u0131mola&#8221; ve &#8220;Devletmehmet Mola&#8221; gibi isimlerle an\u0131lmaktad\u0131r.Mahtumkulu Fikari (1733-1797) T\u00fcrkmen \u015fair, mutasavvuf ve bilgegesidir. Hoca Ahmed-i Yesevi, Yunus Emre yolunun takip\u00e7ilerinden kurucular\u0131 aras\u0131nda g\u00f6sterilebilir. T\u00fcrkmenleri d\u00fcnyaya tan\u0131tabilecek \u015fah\u0131slardan biri olarak tarihte silinemeyecek bir iz b\u0131rakm\u0131\u015f olan Mahtumkulu Firaki, g\u00fcn\u00fcm\u00fczde ismi T\u00fcrkmen devlet \u00fcniversitesinde, T\u00fcrkmenistan&#8217;\u0131n bilim ve teknikle ilgili uluslararas\u0131 \u00f6d\u00fcllerinde, \u015fairin ya\u015fad\u0131\u011f\u0131 ve b\u00fcy\u00fcd\u00fc\u011f\u00fc il\u00e7esinde ebedile\u015fmi\u015f, eserleri T\u00fcrk d\u00fcnyas\u0131 halklar\u0131n\u0131n dillerine ve yabanc\u0131 dillere defalarca \u00e7evrilmi\u015f ve yay\u0131mlanm\u0131\u015f, T\u00fcrkmenistan&#8217;dan ba\u015fka da bir\u00e7ok kom\u015fu ve yabanc\u0131 \u00fclkelerde heykeli dikilmi\u015ftir.Bu \u00e7al\u0131\u015fmada Devletmehmet Azadi ve o\u011flu Mahtumkulu Firaki ilgili \u00e7e\u015fitli yaz\u0131lar bir araya getirilmi\u015ftir.<\/p>\n","protected":false},"excerpt":{"rendered":"<p>Devletmehmet Azad\u0131 (1700-1760), 18. Y\u00fczy\u0131lda ya\u015fam\u0131\u015f bir T\u00fcrkmen bilginidir. O, T\u00fcrkmenlerin G\u00f6klen buyondan gelmektedir. G\u00f6klenlerin \u00e7o\u011fu bu g\u00fcn T\u00fcrkmenistan&#8217;\u0131n G\u00fcneybat\u0131s\u0131nda yer alan Garr\u0131gala il\u00e7esinde (T\u00fcrkmenistan Ba\u011f\u0131ms\u0131zl\u0131\u011f\u0131ndan<span class=\"excerpt-hellip\"> [\u2026]<\/span><\/p>\n","protected":false},"featured_media":0,"template":"","meta":{"_monsterinsights_skip_tracking":false,"_monsterinsights_sitenote_active":false,"_monsterinsights_sitenote_note":"","_monsterinsights_sitenote_category":0},"product_brand":[],"product_cat":[26663],"product_tag":[],"class_list":{"0":"post-765425","1":"product","2":"type-product","3":"status-publish","5":"product_cat-undefined","6":"pa_cilt-ciltli","7":"pa_tur-kitap","8":"pa_yayinevi-akademik-kitaplar","9":"pa_yazar-abdurrahman-guzel","11":"first","12":"instock","13":"sale","14":"shipping-taxable","15":"purchasable","16":"product-type-simple"},"_links":{"self":[{"href":"https:\/\/roveyayinevi.com.tr\/index.php\/wp-json\/wp\/v2\/product\/765425","targetHints":{"allow":["GET"]}}],"collection":[{"href":"https:\/\/roveyayinevi.com.tr\/index.php\/wp-json\/wp\/v2\/product"}],"about":[{"href":"https:\/\/roveyayinevi.com.tr\/index.php\/wp-json\/wp\/v2\/types\/product"}],"wp:attachment":[{"href":"https:\/\/roveyayinevi.com.tr\/index.php\/wp-json\/wp\/v2\/media?parent=765425"}],"wp:term":[{"taxonomy":"product_brand","embeddable":true,"href":"https:\/\/roveyayinevi.com.tr\/index.php\/wp-json\/wp\/v2\/product_brand?post=765425"},{"taxonomy":"product_cat","embeddable":true,"href":"https:\/\/roveyayinevi.com.tr\/index.php\/wp-json\/wp\/v2\/product_cat?post=765425"},{"taxonomy":"product_tag","embeddable":true,"href":"https:\/\/roveyayinevi.com.tr\/index.php\/wp-json\/wp\/v2\/product_tag?post=765425"}],"curies":[{"name":"wp","href":"https:\/\/api.w.org\/{rel}","templated":true}]}}