{"id":765424,"date":"2025-08-28T11:42:51","date_gmt":"2025-08-28T08:42:51","guid":{"rendered":"https:\/\/roveyayinevi.com.tr\/index.php\/urun\/magdurin-hikayesi-2\/"},"modified":"2026-04-15T03:31:02","modified_gmt":"2026-04-15T00:31:02","slug":"magdurin-hikayesi-2","status":"publish","type":"product","link":"https:\/\/roveyayinevi.com.tr\/index.php\/urun\/magdurin-hikayesi-2\/","title":{"rendered":"Ma\u011fdurin hikayesi"},"content":{"rendered":"<p>Ne olduysa Bat\u0131 geldikten sonra oldu. Sezai Karako\u00e7 bu durumun ad\u0131n\u0131 da koyar: Bat\u0131 ma\u011fdurlar\u0131. O h\u00e2lde fazla s\u00f6ze ne h\u00e2cet! Konu ile ilgili olarak daha sonra T\u00fcrk\u00e7eye Sefiller ad\u0131yla \u00e7evrilen Victor Hugo\u2019nun Les Mis\u00e9rables\u2019in ilk \u00e7evirisini hat\u0131rlamak k\u00e2fi: Ma\u011fd\u00fbr\u00een hik\u00e2yesi. Hik\u00e2ye ma\u011fd\u00fbr\u00een hik\u00e2yesidir vessel\u00e2m\u2026<\/p>\n","protected":false},"excerpt":{"rendered":"<p>Ne olduysa Bat\u0131 geldikten sonra oldu. Sezai Karako\u00e7 bu durumun ad\u0131n\u0131 da koyar: Bat\u0131 ma\u011fdurlar\u0131. O h\u00e2lde fazla s\u00f6ze ne h\u00e2cet! Konu ile ilgili olarak daha<span class=\"excerpt-hellip\"> [\u2026]<\/span><\/p>\n","protected":false},"featured_media":0,"template":"","meta":{"_monsterinsights_skip_tracking":false,"_monsterinsights_sitenote_active":false,"_monsterinsights_sitenote_note":"","_monsterinsights_sitenote_category":0},"product_brand":[],"product_cat":[12291,12711],"product_tag":[],"class_list":{"0":"post-765424","1":"product","2":"type-product","3":"status-publish","5":"product_cat-edebiyat","6":"product_cat-roman-oyku","7":"pa_cilt-ciltsiz","8":"pa_tur-kitap","9":"pa_yayinevi-akademik-kitaplar","10":"pa_yazar-ahmet-cihan","12":"first","13":"instock","14":"sale","15":"shipping-taxable","16":"purchasable","17":"product-type-simple"},"_links":{"self":[{"href":"https:\/\/roveyayinevi.com.tr\/index.php\/wp-json\/wp\/v2\/product\/765424","targetHints":{"allow":["GET"]}}],"collection":[{"href":"https:\/\/roveyayinevi.com.tr\/index.php\/wp-json\/wp\/v2\/product"}],"about":[{"href":"https:\/\/roveyayinevi.com.tr\/index.php\/wp-json\/wp\/v2\/types\/product"}],"wp:attachment":[{"href":"https:\/\/roveyayinevi.com.tr\/index.php\/wp-json\/wp\/v2\/media?parent=765424"}],"wp:term":[{"taxonomy":"product_brand","embeddable":true,"href":"https:\/\/roveyayinevi.com.tr\/index.php\/wp-json\/wp\/v2\/product_brand?post=765424"},{"taxonomy":"product_cat","embeddable":true,"href":"https:\/\/roveyayinevi.com.tr\/index.php\/wp-json\/wp\/v2\/product_cat?post=765424"},{"taxonomy":"product_tag","embeddable":true,"href":"https:\/\/roveyayinevi.com.tr\/index.php\/wp-json\/wp\/v2\/product_tag?post=765424"}],"curies":[{"name":"wp","href":"https:\/\/api.w.org\/{rel}","templated":true}]}}