{"id":765420,"date":"2025-08-28T11:42:45","date_gmt":"2025-08-28T08:42:45","guid":{"rendered":"https:\/\/roveyayinevi.com.tr\/index.php\/urun\/kim-galip-gelecek-sinav-mi-sen-mi\/"},"modified":"2026-04-15T03:31:02","modified_gmt":"2026-04-15T00:31:02","slug":"kim-galip-gelecek-sinav-mi-sen-mi","status":"publish","type":"product","link":"https:\/\/roveyayinevi.com.tr\/index.php\/urun\/kim-galip-gelecek-sinav-mi-sen-mi\/","title":{"rendered":"Kim Galip Gelecek S\u0131nav m\u0131 Sen mi ?"},"content":{"rendered":"<p>Bug\u00fcn \u00fclkemizde milyonlarca \u00e7ocuk, gen\u00e7 ve yeti\u015fkin sonu &#8220;S&#8221; ile biten s\u0131navlarda ba\u015far\u0131l\u0131 olabilmek i\u00e7in \u00e7abalamaktad\u0131r. Adaylar\u0131 ile birlikte ailelerini de ele alacak olur isek, yap\u0131lmakta olan bu s\u0131navlar \u00fclkemiz insanlar\u0131n\u0131 bir y\u00f6n\u00fcyle ilgilendirmektedir. SBS,YGS, LYS,TUS, KPSS ve daha nice s\u0131navlar \u00fclkemizin temel g\u00fcndem maddelerinden birisi olmay\u0131 s\u00fcrd\u00fcrmektedir.\u00dclkemizde \u00e7ocu\u011fuyla, genciyle, yeti\u015fkini ve ya\u015fl\u0131s\u0131yla hemen herkesin bir y\u00f6n\u00fcyle g\u00fcndeminde olan s\u0131navlar hakk\u0131nda onlarca kitap yaz\u0131lm\u0131\u015ft\u0131r. Bu kitaplardan baz\u0131lar\u0131nda s\u0131navlarda nas\u0131l ba\u015far\u0131l\u0131 olunaca\u011f\u0131, ba\u015far\u0131l\u0131 olman\u0131n form\u00fclleri, s\u0131navlara haz\u0131rl\u0131kta nelerin dikkate al\u0131nmas\u0131 gerekti\u011fi gibi konular ele al\u0131nm\u0131\u015ft\u0131r.Kim Galip Gelecek S\u0131nav M\u0131 Sen Mi?&#8221; isimli bu eser; \u00f6ncelikle SBS, YGS, LYS, TUS, KPSS olmak \u00fczere t\u00fcm s\u0131navlar\u0131n adaylar\u0131na, bu adaylar\u0131n ailelerine ve ayn\u0131 zamanda da t\u00fcm e\u011fitimcilere y\u00f6nelik olarak haz\u0131rlanm\u0131\u015ft\u0131r.<\/p>\n","protected":false},"excerpt":{"rendered":"<p>Bug\u00fcn \u00fclkemizde milyonlarca \u00e7ocuk, gen\u00e7 ve yeti\u015fkin sonu &#8220;S&#8221; ile biten s\u0131navlarda ba\u015far\u0131l\u0131 olabilmek i\u00e7in \u00e7abalamaktad\u0131r. Adaylar\u0131 ile birlikte ailelerini de ele alacak olur isek, yap\u0131lmakta<span class=\"excerpt-hellip\"> [\u2026]<\/span><\/p>\n","protected":false},"featured_media":0,"template":"","meta":{"_monsterinsights_skip_tracking":false,"_monsterinsights_sitenote_active":false,"_monsterinsights_sitenote_note":"","_monsterinsights_sitenote_category":0},"product_brand":[],"product_cat":[12357],"product_tag":[],"class_list":{"0":"post-765420","1":"product","2":"type-product","3":"status-publish","5":"product_cat-psikoloji","6":"pa_cilt-ciltsiz","7":"pa_tur-kitap","8":"pa_yayinevi-akademik-kitaplar","9":"pa_yazar-huseyin-sahin","11":"first","12":"instock","13":"sale","14":"shipping-taxable","15":"purchasable","16":"product-type-simple"},"_links":{"self":[{"href":"https:\/\/roveyayinevi.com.tr\/index.php\/wp-json\/wp\/v2\/product\/765420","targetHints":{"allow":["GET"]}}],"collection":[{"href":"https:\/\/roveyayinevi.com.tr\/index.php\/wp-json\/wp\/v2\/product"}],"about":[{"href":"https:\/\/roveyayinevi.com.tr\/index.php\/wp-json\/wp\/v2\/types\/product"}],"wp:attachment":[{"href":"https:\/\/roveyayinevi.com.tr\/index.php\/wp-json\/wp\/v2\/media?parent=765420"}],"wp:term":[{"taxonomy":"product_brand","embeddable":true,"href":"https:\/\/roveyayinevi.com.tr\/index.php\/wp-json\/wp\/v2\/product_brand?post=765420"},{"taxonomy":"product_cat","embeddable":true,"href":"https:\/\/roveyayinevi.com.tr\/index.php\/wp-json\/wp\/v2\/product_cat?post=765420"},{"taxonomy":"product_tag","embeddable":true,"href":"https:\/\/roveyayinevi.com.tr\/index.php\/wp-json\/wp\/v2\/product_tag?post=765420"}],"curies":[{"name":"wp","href":"https:\/\/api.w.org\/{rel}","templated":true}]}}