{"id":765419,"date":"2025-08-28T11:42:42","date_gmt":"2025-08-28T08:42:42","guid":{"rendered":"https:\/\/roveyayinevi.com.tr\/index.php\/urun\/kendimi-kazdim\/"},"modified":"2026-04-15T03:31:02","modified_gmt":"2026-04-15T00:31:02","slug":"kendimi-kazdim","status":"publish","type":"product","link":"https:\/\/roveyayinevi.com.tr\/index.php\/urun\/kendimi-kazdim\/","title":{"rendered":"Kendimi Kazd\u0131m"},"content":{"rendered":"<p>G\u00fcn geldi Balkanlardan bir pencere daha a\u00e7\u0131ld\u0131 benli\u011fime. Bu sefer nasibim Bosna&#8217;n\u0131n ta\u015fras\u0131 Zenica&#8217;yd\u0131. Kuca\u011f\u0131n\u0131 a\u00e7t\u0131 bana ve h\u0131zland\u0131rd\u0131 kendime yapt\u0131\u011f\u0131m yolculu\u011fu bu m\u00fctevaz\u0131 Balkan kasabas\u0131. D\u00fc\u015fman \u00e7izmesine tahamm\u00fcl\u00fc olmayan fakir ama onurlu bir dosttu Zenica. Kendi halk\u0131na da kuca\u011f\u0131n\u0131 a\u00e7m\u0131\u015f,d\u00fc\u015fmana kar\u015f\u0131 topraktan, kayadan, a\u011fa\u00e7tan siper olmu\u015ftu bu g\u00f6steri\u015fsiz mekan.Yollar Balkan&#8217;dan Avrupa&#8217;ya meyletti \u00e7ok ge\u00e7meden. \u00dc\u00e7\u00fcnc\u00fc ku\u015fatmay\u0131 ya\u015fatt\u0131k Viyana&#8217;ya. Viyana Tuna ile bir ba\u015fka g\u00fczeldi, bir ba\u015fka ak\u0131yordu. Sonra Almanya&#8217;y\u0131 ve dahi Paris&#8217;i dahil ettik bu \u00e7emberin i\u00e7ine. Bu \u015fehirlerden ald\u0131\u011f\u0131m\u0131z ders niteli\u011fi ta\u015f\u0131yan ibretlere hikmet elbisesini giydirerek kar\u015f\u0131n\u0131za \u00e7\u0131kma cesareti g\u00f6sterdik.G\u00f6nl\u00fcm\u00fcz\u00fcn feryad\u0131na ses bulmaya \u00e7al\u0131\u015ft\u0131k. \u0130\u00e7imizde hi\u00e7 susmayan gurbeti, dinmeyen s\u0131z\u0131y\u0131 T\u00fcrk\u00e7e ile avutmay\u0131 denedik. Bu y\u00fczden bazen yaln\u0131zl\u0131\u011f\u0131n u\u011fultusu sindi imgelere, bazen ya\u011fmurun sesi, bazen de topra\u011f\u0131n kokusu. \u015e\u00fck\u00fcr ki hi\u00e7 eksilmedi \u00fczerimizdeki mavi g\u00f6k.<\/p>\n","protected":false},"excerpt":{"rendered":"<p>G\u00fcn geldi Balkanlardan bir pencere daha a\u00e7\u0131ld\u0131 benli\u011fime. Bu sefer nasibim Bosna&#8217;n\u0131n ta\u015fras\u0131 Zenica&#8217;yd\u0131. Kuca\u011f\u0131n\u0131 a\u00e7t\u0131 bana ve h\u0131zland\u0131rd\u0131 kendime yapt\u0131\u011f\u0131m yolculu\u011fu bu m\u00fctevaz\u0131 Balkan kasabas\u0131.<span class=\"excerpt-hellip\"> [\u2026]<\/span><\/p>\n","protected":false},"featured_media":0,"template":"","meta":{"_monsterinsights_skip_tracking":false,"_monsterinsights_sitenote_active":false,"_monsterinsights_sitenote_note":"","_monsterinsights_sitenote_category":0},"product_brand":[],"product_cat":[12777,12291],"product_tag":[],"class_list":{"0":"post-765419","1":"product","2":"type-product","3":"status-publish","5":"product_cat-deneme","6":"product_cat-edebiyat","7":"pa_cilt-ciltsiz","8":"pa_tur-kitap","9":"pa_yayinevi-akademik-kitaplar","10":"pa_yazar-muharrem-dayanc","12":"first","13":"instock","14":"sale","15":"shipping-taxable","16":"purchasable","17":"product-type-simple"},"_links":{"self":[{"href":"https:\/\/roveyayinevi.com.tr\/index.php\/wp-json\/wp\/v2\/product\/765419","targetHints":{"allow":["GET"]}}],"collection":[{"href":"https:\/\/roveyayinevi.com.tr\/index.php\/wp-json\/wp\/v2\/product"}],"about":[{"href":"https:\/\/roveyayinevi.com.tr\/index.php\/wp-json\/wp\/v2\/types\/product"}],"wp:attachment":[{"href":"https:\/\/roveyayinevi.com.tr\/index.php\/wp-json\/wp\/v2\/media?parent=765419"}],"wp:term":[{"taxonomy":"product_brand","embeddable":true,"href":"https:\/\/roveyayinevi.com.tr\/index.php\/wp-json\/wp\/v2\/product_brand?post=765419"},{"taxonomy":"product_cat","embeddable":true,"href":"https:\/\/roveyayinevi.com.tr\/index.php\/wp-json\/wp\/v2\/product_cat?post=765419"},{"taxonomy":"product_tag","embeddable":true,"href":"https:\/\/roveyayinevi.com.tr\/index.php\/wp-json\/wp\/v2\/product_tag?post=765419"}],"curies":[{"name":"wp","href":"https:\/\/api.w.org\/{rel}","templated":true}]}}