{"id":765416,"date":"2025-08-28T11:42:37","date_gmt":"2025-08-28T08:42:37","guid":{"rendered":"https:\/\/roveyayinevi.com.tr\/index.php\/urun\/faruk-kadri-timurtas-hayati-eserleri\/"},"modified":"2026-04-15T03:31:02","modified_gmt":"2026-04-15T00:31:02","slug":"faruk-kadri-timurtas-hayati-eserleri","status":"publish","type":"product","link":"https:\/\/roveyayinevi.com.tr\/index.php\/urun\/faruk-kadri-timurtas-hayati-eserleri\/","title":{"rendered":"Faruk kadri timurta\u015f hayat\u0131 &#8211; eserleri"},"content":{"rendered":"<p>\u00c7e\u015fitli alanlarda yeti\u015fmi\u015f millet b\u00fcy\u00fcklerini yak\u0131ndan tan\u0131man\u0131n pek \u00e7ok yararlar\u0131 vard\u0131r. Millet hayat\u0131nda b\u00fcy\u00fck insanlar\u0131n ortaya \u00e7\u0131kmas\u0131, daha \u00f6nce yeti\u015fmi\u015f olanlar\u0131n iyi tan\u0131nmas\u0131na ba\u011fl\u0131d\u0131r. Ge\u00e7mi\u015f b\u00fcy\u00fcklerin yeti\u015fme tarz\u0131n\u0131, d\u00fc\u015f\u00fcncelerini, eserlerini \u00f6\u011frenmek, gen\u00e7 ku\u015faklar\u0131n \u00f6n\u00fcne engin ufuklar a\u00e7ar. \u0130yi \u00f6rnekler tesirinde yeti\u015fen bir neslin ise b\u00fcy\u00fck \u015fahsiyetler ortaya \u00e7\u0131karmas\u0131 imk\u00e2n\u0131 daha \u00e7oktur.4 Temmuz 1982 tarihinde vefat eden Faruk K. Timurta\u015f, \u00fcst\u00fcn gayretli, \u00e7ok y\u00fcnl\u00fc vel\u00fbd bir ilim ve fikir insan\u0131 idi. Okuyup yazmad\u0131\u011f\u0131 g\u00fcn yoktu. 1946 y\u0131l\u0131nda ba\u015flayan yaz\u0131 hayat\u0131n\u0131 36 y\u0131l boyunca aral\u0131ks\u0131z devam ettirmi\u015f, bir \u00fcniversite hocas\u0131 ve yazar olarak T\u00fcrk k\u00fclt\u00fcr\u00fcn\u00fcn her alan\u0131nda, ba\u015fta dil olmak \u00fczere edebiyat, tarih, milliyet\u00e7ilik, e\u011fitim, sanat, musiki vb. gibi de\u011fi\u015fik konularda bir\u00e7ok ilm\u00ee eser yan\u0131nda y\u00fczlerce makale, ara\u015ft\u0131rma ve inceleme yaz\u0131s\u0131 ortaya koymu\u015ftur.Faruk K. Timurta\u015f, mill\u00ee, din\u00ee ve k\u00fclt\u00fcr de\u011ferlerimize ba\u011fl\u0131 bir insand\u0131. Mill\u00ee ve manev\u00ee de\u011ferlerimiz \u00fczerinde \u00e7al\u0131\u015fmay\u0131 ve mill\u00ee meseleleri herkese anlatmay\u0131 kendine \u00fclk\u00fc edinmi\u015fti. O bak\u0131mdan yapt\u0131\u011f\u0131 her i\u015f, yazd\u0131\u011f\u0131 her sat\u0131r bir hizmete yaram\u0131\u015f, bir hedefe ula\u015fm\u0131\u015ft\u0131r. Ortaya koydu\u011fu eserler, yazd\u0131\u011f\u0131 yaz\u0131lar, de\u011ferinden hi\u00e7bir \u015fey kaybetmeyecek derecede isabetli, de\u011ferli ve gelecek nesillere \u0131\u015f\u0131k tutan yaz\u0131lard\u0131r. Onun bu eserleri, ilim hayat\u0131m\u0131z\u0131n hazinesinde daima canl\u0131 kalacakt\u0131r.<\/p>\n","protected":false},"excerpt":{"rendered":"<p>\u00c7e\u015fitli alanlarda yeti\u015fmi\u015f millet b\u00fcy\u00fcklerini yak\u0131ndan tan\u0131man\u0131n pek \u00e7ok yararlar\u0131 vard\u0131r. Millet hayat\u0131nda b\u00fcy\u00fck insanlar\u0131n ortaya \u00e7\u0131kmas\u0131, daha \u00f6nce yeti\u015fmi\u015f olanlar\u0131n iyi tan\u0131nmas\u0131na ba\u011fl\u0131d\u0131r. Ge\u00e7mi\u015f b\u00fcy\u00fcklerin<span class=\"excerpt-hellip\"> [\u2026]<\/span><\/p>\n","protected":false},"featured_media":0,"template":"","meta":{"_monsterinsights_skip_tracking":false,"_monsterinsights_sitenote_active":false,"_monsterinsights_sitenote_note":"","_monsterinsights_sitenote_category":0},"product_brand":[],"product_cat":[14009,12291],"product_tag":[],"class_list":{"0":"post-765416","1":"product","2":"type-product","3":"status-publish","5":"product_cat-biyografi-otobiyografi-edebiyat","6":"product_cat-edebiyat","7":"pa_cilt-ciltsiz","8":"pa_tur-kitap","9":"pa_yayinevi-akademik-kitaplar","10":"pa_yazar-mustafa-ozkan","12":"first","13":"instock","14":"sale","15":"shipping-taxable","16":"purchasable","17":"product-type-simple"},"_links":{"self":[{"href":"https:\/\/roveyayinevi.com.tr\/index.php\/wp-json\/wp\/v2\/product\/765416","targetHints":{"allow":["GET"]}}],"collection":[{"href":"https:\/\/roveyayinevi.com.tr\/index.php\/wp-json\/wp\/v2\/product"}],"about":[{"href":"https:\/\/roveyayinevi.com.tr\/index.php\/wp-json\/wp\/v2\/types\/product"}],"wp:attachment":[{"href":"https:\/\/roveyayinevi.com.tr\/index.php\/wp-json\/wp\/v2\/media?parent=765416"}],"wp:term":[{"taxonomy":"product_brand","embeddable":true,"href":"https:\/\/roveyayinevi.com.tr\/index.php\/wp-json\/wp\/v2\/product_brand?post=765416"},{"taxonomy":"product_cat","embeddable":true,"href":"https:\/\/roveyayinevi.com.tr\/index.php\/wp-json\/wp\/v2\/product_cat?post=765416"},{"taxonomy":"product_tag","embeddable":true,"href":"https:\/\/roveyayinevi.com.tr\/index.php\/wp-json\/wp\/v2\/product_tag?post=765416"}],"curies":[{"name":"wp","href":"https:\/\/api.w.org\/{rel}","templated":true}]}}