{"id":765415,"date":"2025-08-28T11:42:36","date_gmt":"2025-08-28T08:42:36","guid":{"rendered":"https:\/\/roveyayinevi.com.tr\/index.php\/urun\/eski-anadolu-turkcesinde-arkaik-eski-ogeler\/"},"modified":"2026-04-15T03:31:02","modified_gmt":"2026-04-15T00:31:02","slug":"eski-anadolu-turkcesinde-arkaik-eski-ogeler","status":"publish","type":"product","link":"https:\/\/roveyayinevi.com.tr\/index.php\/urun\/eski-anadolu-turkcesinde-arkaik-eski-ogeler\/","title":{"rendered":"Eski Anadolu T\u00fcrk\u00e7esinde Arkaik (Eski) \u00d6\u011feler"},"content":{"rendered":"<p>&#8220;Eski Anadolu T\u00fcrk\u00e7esinde Arkaik (Eski) \u00d6\u011feler&#8221; adl\u0131 bu \u00e7al\u0131\u015fma, giri\u015f ve iki b\u00f6l\u00fcmden meydana gelmektedir. Giri\u015f b\u00f6l\u00fcm\u00fcnde Eski Anadolu T\u00fcrk\u00e7esi&#8217;nin T\u00fcrk dil tarihi i\u00e7indeki yeri, d\u00f6nemleri ve \u00f6nemi hakk\u0131nda k\u0131saca durulmu\u015ftur.Birinci b\u00f6l\u00fcmde anlambilim (semantik), arkaizm gibi gramer terimleri ele al\u0131nd\u0131. Devam\u0131nda bug\u00fcne kadar yap\u0131lan baz\u0131 arkaik incelemeler ve ara\u015ft\u0131rmac\u0131lar\u0131n konu hakk\u0131ndaki g\u00f6r\u00fc\u015flerine yer verilmi\u015ftir. Hangi kelimelerin incelemeye tabi tutulmas\u0131, arkaik say\u0131lmas\u0131 gerekti\u011fi, arkaizm hakk\u0131ndaki farkl\u0131 yorum ve g\u00f6r\u00fc\u015flere ba\u011fl\u0131 olarak bir neticeye ba\u011flanm\u0131\u015ft\u0131r. Eski Anadolu T\u00fcrk\u00e7esi&#8217;nin en \u00f6nemli meselelerden olan ve arkaik kelime ve \u015fekillerde belirleyici etken konumundaki &#8220;kar\u0131\u015f\u0131k dilli eserler&#8221; \u00fczerinde durulmu\u015ftur. &#8220;olga-bolga&#8221; sorunu olarak da bilinen &#8220;kar\u0131\u015f\u0131k dilli eserler&#8221; i\u00e7inde \u00e7al\u0131\u015fmam\u0131za \u0131\u015f\u0131k tutacak pek \u00e7ok eski (arkaik) \u00f6rnek bulunmaktad\u0131r. Bu nedenle s\u00f6z konusu eserler ve eserler hakk\u0131ndaki g\u00f6r\u00fc\u015flere de bu b\u00f6l\u00fcmde yer verilmi\u015ftir.\u0130kinci b\u00f6l\u00fcmde incelemeye d\u00e2hil edilen XIII-XIV ve XV. y\u00fczy\u0131l Eski Anadolu T\u00fcrk\u00e7esi eserleri, bu eserler hakk\u0131nda k\u0131sa bilgiler, s\u00f6z konusu eserlerin se\u00e7ilme nedenleri ve eserlerde tespit edilen eski (arkaik) kelimelerin incelemesine yer verilmi\u015ftir. Bu b\u00f6l\u00fcmde \u00f6ncelikli olarak alfabetik s\u0131raya g\u00f6re \u00f6nceden belirlenmi\u015f arkaik kelimenin yine \u00f6nceden belirlenmi\u015f Eski Anadolu T\u00fcrk\u00e7esi metinlerinde ge\u00e7en \u015fekilleri verilmi\u015ftir. Her bir eserdeki anlam yap\u0131s\u0131 \u00fczerinde durulmu\u015f daha sonra bu kelimenin Eski T\u00fcrk\u00e7e (K\u00f6kt\u00fcrk-Uygur)-Orta T\u00fcrk\u00e7e (Karahanl\u0131-Harezm-K\u0131p\u00e7ak) eserlerindeki kullan\u0131m \u015fekli ve anlamlar\u0131na de\u011finilmi\u015ftir. Bu esnada konunun ak\u0131\u015f\u0131 ve ihtiyaca binaen belli ba\u015fl\u0131 etimoloji s\u00f6zl\u00fcklerinden de istifade edilmi\u015ftir. \u00c7al\u0131\u015fman\u0131n sonuna eski (arkaik) kelimelerin alfabetik dizini, ayr\u0131ca okurlar\u0131n eserden daha kolay yararlanmas\u0131 i\u00e7in genel dizin eklenmi\u015ftir.<\/p>\n","protected":false},"excerpt":{"rendered":"<p>&#8220;Eski Anadolu T\u00fcrk\u00e7esinde Arkaik (Eski) \u00d6\u011feler&#8221; adl\u0131 bu \u00e7al\u0131\u015fma, giri\u015f ve iki b\u00f6l\u00fcmden meydana gelmektedir. Giri\u015f b\u00f6l\u00fcm\u00fcnde Eski Anadolu T\u00fcrk\u00e7esi&#8217;nin T\u00fcrk dil tarihi i\u00e7indeki yeri, d\u00f6nemleri<span class=\"excerpt-hellip\"> [\u2026]<\/span><\/p>\n","protected":false},"featured_media":0,"template":"","meta":{"_monsterinsights_skip_tracking":false,"_monsterinsights_sitenote_active":false,"_monsterinsights_sitenote_note":"","_monsterinsights_sitenote_category":0},"product_brand":[],"product_cat":[12364],"product_tag":[],"class_list":{"0":"post-765415","1":"product","2":"type-product","3":"status-publish","5":"product_cat-genel-konular","6":"pa_cilt-ciltsiz","7":"pa_tur-kitap","8":"pa_yayinevi-akademik-kitaplar","9":"pa_yazar-erdem-ucar","11":"first","12":"instock","13":"sale","14":"shipping-taxable","15":"purchasable","16":"product-type-simple"},"_links":{"self":[{"href":"https:\/\/roveyayinevi.com.tr\/index.php\/wp-json\/wp\/v2\/product\/765415","targetHints":{"allow":["GET"]}}],"collection":[{"href":"https:\/\/roveyayinevi.com.tr\/index.php\/wp-json\/wp\/v2\/product"}],"about":[{"href":"https:\/\/roveyayinevi.com.tr\/index.php\/wp-json\/wp\/v2\/types\/product"}],"wp:attachment":[{"href":"https:\/\/roveyayinevi.com.tr\/index.php\/wp-json\/wp\/v2\/media?parent=765415"}],"wp:term":[{"taxonomy":"product_brand","embeddable":true,"href":"https:\/\/roveyayinevi.com.tr\/index.php\/wp-json\/wp\/v2\/product_brand?post=765415"},{"taxonomy":"product_cat","embeddable":true,"href":"https:\/\/roveyayinevi.com.tr\/index.php\/wp-json\/wp\/v2\/product_cat?post=765415"},{"taxonomy":"product_tag","embeddable":true,"href":"https:\/\/roveyayinevi.com.tr\/index.php\/wp-json\/wp\/v2\/product_tag?post=765415"}],"curies":[{"name":"wp","href":"https:\/\/api.w.org\/{rel}","templated":true}]}}