{"id":765413,"date":"2025-08-28T11:42:32","date_gmt":"2025-08-28T08:42:32","guid":{"rendered":"https:\/\/roveyayinevi.com.tr\/index.php\/urun\/emsal\/"},"modified":"2026-04-15T03:31:02","modified_gmt":"2026-04-15T00:31:02","slug":"emsal","status":"publish","type":"product","link":"https:\/\/roveyayinevi.com.tr\/index.php\/urun\/emsal\/","title":{"rendered":"Emsal"},"content":{"rendered":"<p>y\u0131l gibi k\u0131sa say\u0131labilecek bir \u00f6m\u00fcr s\u00fcrmesine ra\u011fmen, k\u00fclt\u00fcr hayat\u0131m\u0131zda derin izler b\u0131rakacak nitelikte dev\u00e2s\u00e2 eserler kaleme alm\u0131\u015f olan \u015eemseddin Sami (1850-1904), roman, tiyatro yazar\u0131, dilbilimci, gazeteci ve ansiklopedist kimlikleriyle de edebiyat d\u00fcnyam\u0131z\u0131n en vel\u00fbd kalemlerinden ve en de\u011ferli dilcilerindendir.Zengin bilgi ve birikimiyle T\u00fcrk irfan ve edebiyat\u0131na son derece \u00f6nemli hizmetlerde bulunmu\u015f olan bu \u00e7ok y\u00f6nl\u00fc yazar, 1879&#8217;da Terc\u00fcman-\u0131 \u015eark gazetesinin kapanmas\u0131ndan sonra, Mihran Efendi ile &#8220;Ceb K\u00fct\u00fcphanesi&#8221;ni kurmu\u015f ve bu seri ad\u0131 alt\u0131nda G\u00f6k, Yer, \u0130nsan, Medeniyet-i \u0130slamiyye, Kad\u0131nlar, Esatir gibi \u00e7e\u015fitli ilm\u00ee konularda 11 eserlik 15 cilt kitap ne\u015fretmi\u015ftir. Ansiklopedik nitelikteki bu k\u00fc\u00e7\u00fck kitaplar, Bat\u0131&#8217;da &#8220;pocket book&#8221; denilen ne\u015friyat \u00e7e\u015fidinin bizdeki ilk \u00f6rne\u011fidir. \u015eemseddin Sami, Ems\u00e2l&#8217;den \u00f6nce Sabah gazetesinin &#8220;\u015eundan -Bundan&#8221; k\u00f6\u015fesinde yay\u0131mlad\u0131\u011f\u0131 \u00f6zl\u00fc s\u00f6zleri, gazeteden ayr\u0131ld\u0131ktan sonra Ceb K\u00fct\u00fcphanesi serisinden \u00e7\u0131kan, yay\u0131ma haz\u0131rlad\u0131\u011f\u0131m\u0131z, Ems\u00e2l adl\u0131 bu d\u00f6rt ciltlik eserinde toplam\u0131\u015ft\u0131r.B\u00fcy\u00fck hikmetler k\u0131sa s\u00f6zlerde bulunur.&#8221; \u00f6zdeyi\u015fiyle ba\u015flayan ve i\u00e7inde 2918 \u00f6zl\u00fc s\u00f6z\u00fcn bulundu\u011fu bu k\u0131ymetli eser, edebiyat\u0131m\u0131z\u0131n \u00f6zdeyi\u015f ve \u00f6zl\u00fc s\u00f6zler t\u00fcr\u00fcndeki ilk eseri olmas\u0131n\u0131n yan\u0131nda, Do\u011fu ve Bat\u0131&#8217;n\u0131n hikmet dolu s\u00f6zlerini g\u00fcn\u00fcm\u00fcze ula\u015ft\u0131ran \u00e7ok de\u011ferli bir hazinedir. \u0130lk defa g\u00fcn\u00fcm\u00fcz T\u00fcrk\u00e7esine aktar\u0131lan bu k\u0131ymetli eserle, y\u00fczy\u0131llar\u0131n s\u00f6z vadisindeki birikimine ve hikmetli s\u00f6zlerine \u015fahit olacaks\u0131n\u0131z.<\/p>\n","protected":false},"excerpt":{"rendered":"<p>y\u0131l gibi k\u0131sa say\u0131labilecek bir \u00f6m\u00fcr s\u00fcrmesine ra\u011fmen, k\u00fclt\u00fcr hayat\u0131m\u0131zda derin izler b\u0131rakacak nitelikte dev\u00e2s\u00e2 eserler kaleme alm\u0131\u015f olan \u015eemseddin Sami (1850-1904), roman, tiyatro yazar\u0131, dilbilimci,<span class=\"excerpt-hellip\"> [\u2026]<\/span><\/p>\n","protected":false},"featured_media":0,"template":"","meta":{"_monsterinsights_skip_tracking":false,"_monsterinsights_sitenote_active":false,"_monsterinsights_sitenote_note":"","_monsterinsights_sitenote_category":0},"product_brand":[],"product_cat":[12291,12711],"product_tag":[],"class_list":{"0":"post-765413","1":"product","2":"type-product","3":"status-publish","5":"product_cat-edebiyat","6":"product_cat-roman-oyku","7":"pa_cilt-ciltsiz","8":"pa_tur-kitap","9":"pa_yayinevi-akademik-kitaplar","10":"pa_yazar-ibrahim-ozturkcu","12":"first","13":"instock","14":"sale","15":"shipping-taxable","16":"purchasable","17":"product-type-simple"},"_links":{"self":[{"href":"https:\/\/roveyayinevi.com.tr\/index.php\/wp-json\/wp\/v2\/product\/765413","targetHints":{"allow":["GET"]}}],"collection":[{"href":"https:\/\/roveyayinevi.com.tr\/index.php\/wp-json\/wp\/v2\/product"}],"about":[{"href":"https:\/\/roveyayinevi.com.tr\/index.php\/wp-json\/wp\/v2\/types\/product"}],"wp:attachment":[{"href":"https:\/\/roveyayinevi.com.tr\/index.php\/wp-json\/wp\/v2\/media?parent=765413"}],"wp:term":[{"taxonomy":"product_brand","embeddable":true,"href":"https:\/\/roveyayinevi.com.tr\/index.php\/wp-json\/wp\/v2\/product_brand?post=765413"},{"taxonomy":"product_cat","embeddable":true,"href":"https:\/\/roveyayinevi.com.tr\/index.php\/wp-json\/wp\/v2\/product_cat?post=765413"},{"taxonomy":"product_tag","embeddable":true,"href":"https:\/\/roveyayinevi.com.tr\/index.php\/wp-json\/wp\/v2\/product_tag?post=765413"}],"curies":[{"name":"wp","href":"https:\/\/api.w.org\/{rel}","templated":true}]}}