{"id":765411,"date":"2025-08-28T11:42:29","date_gmt":"2025-08-28T08:42:29","guid":{"rendered":"https:\/\/roveyayinevi.com.tr\/index.php\/urun\/egitimde-bir-ustad-sati-beyi-tanimak\/"},"modified":"2026-04-15T03:31:02","modified_gmt":"2026-04-15T00:31:02","slug":"egitimde-bir-ustad-sati-beyi-tanimak","status":"publish","type":"product","link":"https:\/\/roveyayinevi.com.tr\/index.php\/urun\/egitimde-bir-ustad-sati-beyi-tanimak\/","title":{"rendered":"E\u011fitimde Bir \u00dcstad Sat\u0131 Bey\u2019i Tan\u0131mak"},"content":{"rendered":"<p>Elinizdeki \u00e7al\u0131\u015fma size; II. Me\u015frutiyet D\u00f6nemi&#8217;nde \u00fcstlendi\u011fi y\u00f6neticilik ve e\u011fitimcilik g\u00f6revleriyle dikkat \u00e7eken Sat\u0131 Bey&#8217;i, yaln\u0131zca bu vas\u0131flar\u0131yla de\u011fil; g\u00fc\u00e7l\u00fc bir hatip ve fikir adam\u0131 olmas\u0131 y\u00f6n\u00fcyle de tan\u0131ma olana\u011f\u0131 sunacakt\u0131r.Osmanl\u0131 okullar\u0131ndan se\u00e7ilmi\u015f dikkat \u00e7ekici foto\u011fraflarla da zenginle\u015ftirilen kitap, T\u00fcrk e\u011fitim tarihinde \u00e7\u0131\u011f\u0131r a\u00e7m\u0131\u015f olan bir m\u00fctefekkirin, \u00e7a\u011f\u0131m\u0131za tutulan bir aynas\u0131 gibidir.&#8221;\u0130yi okullar, iyi cemiyetler gibi iyi ananelere sahip olan, d\u00fczenleri ka\u011f\u0131tlar \u00fcst\u00fcnde ve dudaklar aras\u0131nda de\u011fil; \u00e7evrede, hayatta ve ruhta bulunan okullard\u0131r.&#8221; diyen Sat\u0131 Bey; T\u00fcrk e\u011fitim d\u00fcnyas\u0131na ve T\u00fcrk fikir hayat\u0131na dahil ettikleriyle, ebediyen kalplerimizde ya\u015fayacakt\u0131r.<\/p>\n","protected":false},"excerpt":{"rendered":"<p>Elinizdeki \u00e7al\u0131\u015fma size; II. Me\u015frutiyet D\u00f6nemi&#8217;nde \u00fcstlendi\u011fi y\u00f6neticilik ve e\u011fitimcilik g\u00f6revleriyle dikkat \u00e7eken Sat\u0131 Bey&#8217;i, yaln\u0131zca bu vas\u0131flar\u0131yla de\u011fil; g\u00fc\u00e7l\u00fc bir hatip ve fikir adam\u0131 olmas\u0131<span class=\"excerpt-hellip\"> [\u2026]<\/span><\/p>\n","protected":false},"featured_media":0,"template":"","meta":{"_monsterinsights_skip_tracking":false,"_monsterinsights_sitenote_active":false,"_monsterinsights_sitenote_note":"","_monsterinsights_sitenote_category":0},"product_brand":[],"product_cat":[14009,12291],"product_tag":[],"class_list":{"0":"post-765411","1":"product","2":"type-product","3":"status-publish","5":"product_cat-biyografi-otobiyografi-edebiyat","6":"product_cat-edebiyat","7":"pa_cilt-ciltsiz","8":"pa_tur-kitap","9":"pa_yayinevi-akademik-kitaplar","10":"pa_yazar-sehbal-derya-acar","12":"first","13":"instock","14":"sale","15":"shipping-taxable","16":"purchasable","17":"product-type-simple"},"_links":{"self":[{"href":"https:\/\/roveyayinevi.com.tr\/index.php\/wp-json\/wp\/v2\/product\/765411","targetHints":{"allow":["GET"]}}],"collection":[{"href":"https:\/\/roveyayinevi.com.tr\/index.php\/wp-json\/wp\/v2\/product"}],"about":[{"href":"https:\/\/roveyayinevi.com.tr\/index.php\/wp-json\/wp\/v2\/types\/product"}],"wp:attachment":[{"href":"https:\/\/roveyayinevi.com.tr\/index.php\/wp-json\/wp\/v2\/media?parent=765411"}],"wp:term":[{"taxonomy":"product_brand","embeddable":true,"href":"https:\/\/roveyayinevi.com.tr\/index.php\/wp-json\/wp\/v2\/product_brand?post=765411"},{"taxonomy":"product_cat","embeddable":true,"href":"https:\/\/roveyayinevi.com.tr\/index.php\/wp-json\/wp\/v2\/product_cat?post=765411"},{"taxonomy":"product_tag","embeddable":true,"href":"https:\/\/roveyayinevi.com.tr\/index.php\/wp-json\/wp\/v2\/product_tag?post=765411"}],"curies":[{"name":"wp","href":"https:\/\/api.w.org\/{rel}","templated":true}]}}