{"id":765409,"date":"2025-08-28T11:42:26","date_gmt":"2025-08-28T08:42:26","guid":{"rendered":"https:\/\/roveyayinevi.com.tr\/index.php\/urun\/edebiyat-hayati-hayat-i-edebiye\/"},"modified":"2026-04-15T03:31:02","modified_gmt":"2026-04-15T00:31:02","slug":"edebiyat-hayati-hayat-i-edebiye","status":"publish","type":"product","link":"https:\/\/roveyayinevi.com.tr\/index.php\/urun\/edebiyat-hayati-hayat-i-edebiye\/","title":{"rendered":"Edebiyat Hayat\u0131 (Hayat-\u0131 Edebiye)"},"content":{"rendered":"<p>Mill\u00ee edebiyat d\u00f6neminde edebiyat nazariyesi\/kuram\u0131 \u00e7al\u0131\u015fmalar\u0131 yapan edebiyat\u00e7\u0131lar\u0131m\u0131zdan birisi de Raif Necdet Kestellidir. Raif Necdet, Resimli Kitap dergisinde (1908 1913, 51 say\u0131) yazd\u0131\u011f\u0131 edebiyat mus\u00e2habelerinde, d\u00f6nemin edebiyat olaylar\u0131n\u0131 s\u0131ca\u011f\u0131 s\u0131ca\u011f\u0131na anlatm\u0131\u015ft\u0131r. Sanat toplum i\u00e7indir, g\u00f6r\u00fc\u015f\u00fcn\u00fc benimsemesi, Fecr-i \u00c2t\u00ee toplulu\u011funun edebiyat ve sanat anlay\u0131\u015f\u0131n\u0131 ele\u015ftirmesi, Mill\u00ee edebiyat hareketi i\u00e7inde ideolojinin yan\u0131nda, esteti\u011fin de ihmal edilmemesi gerekti\u011fi d\u00fc\u015f\u00fcncesini \u0131srarla \u00f6ne \u00e7\u0131karmas\u0131, d\u00fc\u015f\u00fcncelerinin tart\u0131\u015f\u0131lmas\u0131n\u0131 ve giderek yayg\u0131nl\u0131k kazanmas\u0131n\u0131 sa\u011flam\u0131\u015ft\u0131r. Mehmet Fuat K\u00f6pr\u00fcl\u00fc, Yakup Kadri Karaosmano\u011flu ve Mithat Cemal Kuntay ile giri\u015fti\u011fi edebiyat tart\u0131\u015fmalar\u0131, d\u00f6nemin tenkit tarihini zenginle\u015ftiren d\u00fc\u015f\u00fcncelerin ortaya \u00e7\u0131kmas\u0131na sebep olmu\u015ftur.Hayat-\u0131 Edebiye, onun Resimli Kitap dergisindeki edebiyat mus\u00e2habeleri ile daha sonra kaleme ald\u0131\u011f\u0131 baz\u0131 yaz\u0131lar\u0131n\u0131 kitap \u015fekline getirip bast\u0131rd\u0131\u011f\u0131 bir eseridir.<\/p>\n","protected":false},"excerpt":{"rendered":"<p>Mill\u00ee edebiyat d\u00f6neminde edebiyat nazariyesi\/kuram\u0131 \u00e7al\u0131\u015fmalar\u0131 yapan edebiyat\u00e7\u0131lar\u0131m\u0131zdan birisi de Raif Necdet Kestellidir. Raif Necdet, Resimli Kitap dergisinde (1908 1913, 51 say\u0131) yazd\u0131\u011f\u0131 edebiyat mus\u00e2habelerinde, d\u00f6nemin<span class=\"excerpt-hellip\"> [\u2026]<\/span><\/p>\n","protected":false},"featured_media":0,"template":"","meta":{"_monsterinsights_skip_tracking":false,"_monsterinsights_sitenote_active":false,"_monsterinsights_sitenote_note":"","_monsterinsights_sitenote_category":0},"product_brand":[],"product_cat":[12777,12291],"product_tag":[],"class_list":{"0":"post-765409","1":"product","2":"type-product","3":"status-publish","5":"product_cat-deneme","6":"product_cat-edebiyat","7":"pa_cilt-ciltsiz","8":"pa_tur-kitap","9":"pa_yayinevi-akademik-kitaplar","10":"pa_yazar-recep-duymaz","12":"first","13":"instock","14":"sale","15":"shipping-taxable","16":"purchasable","17":"product-type-simple"},"_links":{"self":[{"href":"https:\/\/roveyayinevi.com.tr\/index.php\/wp-json\/wp\/v2\/product\/765409","targetHints":{"allow":["GET"]}}],"collection":[{"href":"https:\/\/roveyayinevi.com.tr\/index.php\/wp-json\/wp\/v2\/product"}],"about":[{"href":"https:\/\/roveyayinevi.com.tr\/index.php\/wp-json\/wp\/v2\/types\/product"}],"wp:attachment":[{"href":"https:\/\/roveyayinevi.com.tr\/index.php\/wp-json\/wp\/v2\/media?parent=765409"}],"wp:term":[{"taxonomy":"product_brand","embeddable":true,"href":"https:\/\/roveyayinevi.com.tr\/index.php\/wp-json\/wp\/v2\/product_brand?post=765409"},{"taxonomy":"product_cat","embeddable":true,"href":"https:\/\/roveyayinevi.com.tr\/index.php\/wp-json\/wp\/v2\/product_cat?post=765409"},{"taxonomy":"product_tag","embeddable":true,"href":"https:\/\/roveyayinevi.com.tr\/index.php\/wp-json\/wp\/v2\/product_tag?post=765409"}],"curies":[{"name":"wp","href":"https:\/\/api.w.org\/{rel}","templated":true}]}}