{"id":765408,"date":"2025-08-28T11:42:24","date_gmt":"2025-08-28T08:42:24","guid":{"rendered":"https:\/\/roveyayinevi.com.tr\/index.php\/urun\/ebruli-kitap-farkli-yuzler-ve-renkler-kenti-diyarbakir\/"},"modified":"2026-04-15T03:31:02","modified_gmt":"2026-04-15T00:31:02","slug":"ebruli-kitap-farkli-yuzler-ve-renkler-kenti-diyarbakir","status":"publish","type":"product","link":"https:\/\/roveyayinevi.com.tr\/index.php\/urun\/ebruli-kitap-farkli-yuzler-ve-renkler-kenti-diyarbakir\/","title":{"rendered":"Ebruli Kitap Farkl\u0131 Y\u00fczler ve Renkler Kenti Diyarbak\u0131r"},"content":{"rendered":"<p>Bu \u00e7al\u0131\u015fma, geleneksel olandan modern olana evrilirken, di\u011fer bir ifadeyle Osmanl\u0131\u2019dan Cumhuriyet\u2019e ge\u00e7i\u015f s\u00fcrecinde ebruli bir dokunun mozaik metaforuna d\u00f6n\u00fc\u015ft\u00fcr\u00fclme \u00e7abas\u0131 i\u00e7inde ortaya \u00e7\u0131kan farkl\u0131 ya\u015fam \u00f6yk\u00fclerini ihtiva etmektedir.Bu kitap kurgulanmam\u0131\u015ft\u0131r; aksine ger\u00e7ek \u00f6yk\u00fclere dayanmaktad\u0131r. Yine bu kitap; Diyarbak\u0131r\u2019da akademik \u00e7al\u0131\u015fma y\u00fcr\u00fct\u00fcl\u00fcrken, \u00f6yk\u00fclere tan\u0131kl\u0131k eden veya o d\u00f6nemi ya\u015fayan, ortam\u0131 payla\u015fan onlarca ki\u015fiyle g\u00f6r\u00fc\u015f\u00fclerek y\u00fczlerce an\u0131 dinlenip, olay\u0131n ge\u00e7ti\u011fi fiziki mekanlar gezildikten sonra kaleme al\u0131nm\u0131\u015ft\u0131r.<\/p>\n","protected":false},"excerpt":{"rendered":"<p>Bu \u00e7al\u0131\u015fma, geleneksel olandan modern olana evrilirken, di\u011fer bir ifadeyle Osmanl\u0131\u2019dan Cumhuriyet\u2019e ge\u00e7i\u015f s\u00fcrecinde ebruli bir dokunun mozaik metaforuna d\u00f6n\u00fc\u015ft\u00fcr\u00fclme \u00e7abas\u0131 i\u00e7inde ortaya \u00e7\u0131kan farkl\u0131 ya\u015fam<span class=\"excerpt-hellip\"> [\u2026]<\/span><\/p>\n","protected":false},"featured_media":0,"template":"","meta":{"_monsterinsights_skip_tracking":false,"_monsterinsights_sitenote_active":false,"_monsterinsights_sitenote_note":"","_monsterinsights_sitenote_category":0},"product_brand":[],"product_cat":[12291,18202],"product_tag":[],"class_list":{"0":"post-765408","1":"product","2":"type-product","3":"status-publish","5":"product_cat-edebiyat","6":"product_cat-hikaye","7":"pa_cilt-ciltsiz","8":"pa_tur-kitap","9":"pa_yayinevi-akademik-kitaplar","10":"pa_yazar-ahmet-cihan","12":"first","13":"instock","14":"sale","15":"shipping-taxable","16":"purchasable","17":"product-type-simple"},"_links":{"self":[{"href":"https:\/\/roveyayinevi.com.tr\/index.php\/wp-json\/wp\/v2\/product\/765408","targetHints":{"allow":["GET"]}}],"collection":[{"href":"https:\/\/roveyayinevi.com.tr\/index.php\/wp-json\/wp\/v2\/product"}],"about":[{"href":"https:\/\/roveyayinevi.com.tr\/index.php\/wp-json\/wp\/v2\/types\/product"}],"wp:attachment":[{"href":"https:\/\/roveyayinevi.com.tr\/index.php\/wp-json\/wp\/v2\/media?parent=765408"}],"wp:term":[{"taxonomy":"product_brand","embeddable":true,"href":"https:\/\/roveyayinevi.com.tr\/index.php\/wp-json\/wp\/v2\/product_brand?post=765408"},{"taxonomy":"product_cat","embeddable":true,"href":"https:\/\/roveyayinevi.com.tr\/index.php\/wp-json\/wp\/v2\/product_cat?post=765408"},{"taxonomy":"product_tag","embeddable":true,"href":"https:\/\/roveyayinevi.com.tr\/index.php\/wp-json\/wp\/v2\/product_tag?post=765408"}],"curies":[{"name":"wp","href":"https:\/\/api.w.org\/{rel}","templated":true}]}}