{"id":765407,"date":"2025-08-28T11:42:22","date_gmt":"2025-08-28T08:42:22","guid":{"rendered":"https:\/\/roveyayinevi.com.tr\/index.php\/urun\/divan-edebiyati-uzerine-tartismalar\/"},"modified":"2026-04-15T03:31:02","modified_gmt":"2026-04-15T00:31:02","slug":"divan-edebiyati-uzerine-tartismalar","status":"publish","type":"product","link":"https:\/\/roveyayinevi.com.tr\/index.php\/urun\/divan-edebiyati-uzerine-tartismalar\/","title":{"rendered":"Divan edebiyat\u0131 \u00fczerine tart\u0131\u015fmalar"},"content":{"rendered":"<p>\u00dczerinden bir bu\u00e7uk as\u0131r ge\u00e7mi\u015f olmas\u0131na ra\u011fmen, Divan Edebiyat\u0131 ile ilgili g\u00f6r\u00fc\u015f ve d\u00fc\u015f\u00fcnceler, bir t\u00fcrl\u00fc ayn\u0131 noktalarda toplanam\u0131yor. Tersine, en durgun ortamlarda bile s\u00f6z ona gelip dayan\u0131nca az\u0131msanmayacak bir hareketlilik g\u00f6ze \u00e7arp\u0131yor.B\u00fct\u00fcn bir \u015fiir gelene\u011fini ters y\u00fcz eden Orhan Veli, \u00e2hir \u00f6mr\u00fcnde &#8220;Ben divan \u015fiirini \u00e7ok be\u011feniyorum. Divan \u015fiirinden sonra bug\u00fcne kadar da T\u00fcrkiye`de \u015fiir yaz\u0131lmad\u0131\u011f\u0131n\u0131 zannediyorum.&#8221; diyebildi\u011fine g\u00f6re, bu edebiyat\u0131n neden bu kadar tart\u0131\u015fmaya yola\u00e7t\u0131\u011f\u0131n\u0131 dikkatle irdelemek gerekir.1930-1940 y\u0131llar\u0131 aras\u0131nda bir on y\u0131l boyunca yap\u0131lan tart\u0131\u015fmalar\u0131 \u00e7e\u015fitli tasnifler i\u00e7inde de\u011ferlendiren bu kapsaml\u0131 ve yetkin \u00e7al\u0131\u015fma, ku\u015fkusuz tart\u0131\u015fmay\u0131 bitirme amac\u0131 ta\u015f\u0131mamaktad\u0131r. Ancak tart\u0131\u015fmada yeralanlar\u0131 ve konuyu masaya yat\u0131rarak, olay\u0131 kavramaya \u00e7al\u0131\u015fanlar\u0131n zihinlerinde bir ayd\u0131nlanmay\u0131 sa\u011flamaktad\u0131r. Kimlerin, hangi kayg\u0131lar\u0131 ta\u015f\u0131d\u0131klar\u0131, hangi niyetlerle tart\u0131\u015fmaya kat\u0131ld\u0131klar\u0131, kimlerin hangi bile\u015fkeleri yapabildi\u011fi, kimlerin hangi gerek\u00e7elerle hangi sonu\u00e7lara ula\u015fabildi\u011fi veya hangi nedenlerle hi\u00e7bir yere varamad\u0131\u011f\u0131 a\u00e7\u0131kl\u0131k kazanmaktad\u0131r.Ve b\u00fct\u00fcn bunlardan daha da \u00f6nemlisi, tart\u0131\u015fmalar\u0131n \u0131\u015f\u0131\u011f\u0131nda Divan Edebiyat\u0131`n\u0131n ne olup olmad\u0131\u011f\u0131 konusu daha bir belirginle\u015fmektedir.<\/p>\n","protected":false},"excerpt":{"rendered":"<p>\u00dczerinden bir bu\u00e7uk as\u0131r ge\u00e7mi\u015f olmas\u0131na ra\u011fmen, Divan Edebiyat\u0131 ile ilgili g\u00f6r\u00fc\u015f ve d\u00fc\u015f\u00fcnceler, bir t\u00fcrl\u00fc ayn\u0131 noktalarda toplanam\u0131yor. Tersine, en durgun ortamlarda bile s\u00f6z ona<span class=\"excerpt-hellip\"> [\u2026]<\/span><\/p>\n","protected":false},"featured_media":0,"template":"","meta":{"_monsterinsights_skip_tracking":false,"_monsterinsights_sitenote_active":false,"_monsterinsights_sitenote_note":"","_monsterinsights_sitenote_category":0},"product_brand":[],"product_cat":[13072,12291],"product_tag":[],"class_list":{"0":"post-765407","1":"product","2":"type-product","3":"status-publish","5":"product_cat-arastirma-inceleme-referans","6":"product_cat-edebiyat","7":"pa_cilt-ciltsiz","8":"pa_tur-kitap","9":"pa_yayinevi-akademik-kitaplar","10":"pa_yazar-mehmet-kahraman","12":"first","13":"instock","14":"sale","15":"shipping-taxable","16":"purchasable","17":"product-type-simple"},"_links":{"self":[{"href":"https:\/\/roveyayinevi.com.tr\/index.php\/wp-json\/wp\/v2\/product\/765407","targetHints":{"allow":["GET"]}}],"collection":[{"href":"https:\/\/roveyayinevi.com.tr\/index.php\/wp-json\/wp\/v2\/product"}],"about":[{"href":"https:\/\/roveyayinevi.com.tr\/index.php\/wp-json\/wp\/v2\/types\/product"}],"wp:attachment":[{"href":"https:\/\/roveyayinevi.com.tr\/index.php\/wp-json\/wp\/v2\/media?parent=765407"}],"wp:term":[{"taxonomy":"product_brand","embeddable":true,"href":"https:\/\/roveyayinevi.com.tr\/index.php\/wp-json\/wp\/v2\/product_brand?post=765407"},{"taxonomy":"product_cat","embeddable":true,"href":"https:\/\/roveyayinevi.com.tr\/index.php\/wp-json\/wp\/v2\/product_cat?post=765407"},{"taxonomy":"product_tag","embeddable":true,"href":"https:\/\/roveyayinevi.com.tr\/index.php\/wp-json\/wp\/v2\/product_tag?post=765407"}],"curies":[{"name":"wp","href":"https:\/\/api.w.org\/{rel}","templated":true}]}}