{"id":765406,"date":"2025-08-28T11:42:20","date_gmt":"2025-08-28T08:42:20","guid":{"rendered":"https:\/\/roveyayinevi.com.tr\/index.php\/urun\/dilbilim-el-kitabi\/"},"modified":"2026-04-15T03:31:02","modified_gmt":"2026-04-15T00:31:02","slug":"dilbilim-el-kitabi","status":"publish","type":"product","link":"https:\/\/roveyayinevi.com.tr\/index.php\/urun\/dilbilim-el-kitabi\/","title":{"rendered":"Dilbilim el kitab\u0131"},"content":{"rendered":"<p>Dilbilimin de dil bilgisinin de nesnesini ba\u015fka bir s\u00f6yleyi\u015fle konusunu insan dili olu\u015fturur. Dil bir ileti\u015fim arac\u0131 olarak tan\u0131mlan\u0131r. Ancak dille ilgili tan\u0131mlarda olmazsa olmaz nitelikteki kavramlar\u0131n ba\u015f\u0131nda sistem gelir. Dil ayn\u0131 zamanda insanlar aras\u0131nda anla\u015fmay\u0131 sa\u011flayan bir i\u015faretler, dilbilimin ifadesiyle bir g\u00f6stergeler sistemidir. O halde bu ara\u00e7 veya sistem nas\u0131l i\u015flemektedir? Dilbilim de dilbilgisi de bu soruyu cevaplamay\u0131 ama\u00e7lar.Bu soruya geleneksel dilbilgisinin verdi\u011fi cevap belli bir \u00f6\u011fretimden ge\u00e7en pek \u00e7ok ki\u015fi taraf\u0131ndan bilinir. Peki, bu soruyu dilbilim nas\u0131l cevaplamaktad\u0131r?<\/p>\n","protected":false},"excerpt":{"rendered":"<p>Dilbilimin de dil bilgisinin de nesnesini ba\u015fka bir s\u00f6yleyi\u015fle konusunu insan dili olu\u015fturur. Dil bir ileti\u015fim arac\u0131 olarak tan\u0131mlan\u0131r. Ancak dille ilgili tan\u0131mlarda olmazsa olmaz nitelikteki<span class=\"excerpt-hellip\"> [\u2026]<\/span><\/p>\n","protected":false},"featured_media":0,"template":"","meta":{"_monsterinsights_skip_tracking":false,"_monsterinsights_sitenote_active":false,"_monsterinsights_sitenote_note":"","_monsterinsights_sitenote_category":0},"product_brand":[],"product_cat":[12365,12364],"product_tag":[],"class_list":{"0":"post-765406","1":"product","2":"type-product","3":"status-publish","5":"product_cat-diger-genel-konular","6":"product_cat-genel-konular","7":"pa_cilt-ciltsiz","8":"pa_tur-kitap","9":"pa_yayinevi-akademik-kitaplar","10":"pa_yazar-taha-akyol","12":"first","13":"instock","14":"sale","15":"shipping-taxable","16":"purchasable","17":"product-type-simple"},"_links":{"self":[{"href":"https:\/\/roveyayinevi.com.tr\/index.php\/wp-json\/wp\/v2\/product\/765406","targetHints":{"allow":["GET"]}}],"collection":[{"href":"https:\/\/roveyayinevi.com.tr\/index.php\/wp-json\/wp\/v2\/product"}],"about":[{"href":"https:\/\/roveyayinevi.com.tr\/index.php\/wp-json\/wp\/v2\/types\/product"}],"wp:attachment":[{"href":"https:\/\/roveyayinevi.com.tr\/index.php\/wp-json\/wp\/v2\/media?parent=765406"}],"wp:term":[{"taxonomy":"product_brand","embeddable":true,"href":"https:\/\/roveyayinevi.com.tr\/index.php\/wp-json\/wp\/v2\/product_brand?post=765406"},{"taxonomy":"product_cat","embeddable":true,"href":"https:\/\/roveyayinevi.com.tr\/index.php\/wp-json\/wp\/v2\/product_cat?post=765406"},{"taxonomy":"product_tag","embeddable":true,"href":"https:\/\/roveyayinevi.com.tr\/index.php\/wp-json\/wp\/v2\/product_tag?post=765406"}],"curies":[{"name":"wp","href":"https:\/\/api.w.org\/{rel}","templated":true}]}}