{"id":765405,"date":"2025-08-28T11:42:18","date_gmt":"2025-08-28T08:42:18","guid":{"rendered":"https:\/\/roveyayinevi.com.tr\/index.php\/urun\/dil-eksenimiz\/"},"modified":"2026-04-15T03:31:02","modified_gmt":"2026-04-15T00:31:02","slug":"dil-eksenimiz","status":"publish","type":"product","link":"https:\/\/roveyayinevi.com.tr\/index.php\/urun\/dil-eksenimiz\/","title":{"rendered":"Dil eksenimiz"},"content":{"rendered":"<p>T\u00fcrk yaz\u0131 dilinin 13. y\u00fczy\u0131ldan 19. y\u00fczy\u0131l sonuna kadar geli\u015fme g\u00f6steren d\u00f6nemine &#8220;Yeni T\u00fcrk\u00e7e&#8221; d\u00f6nemi ad\u0131 verilmektedir. Bu devre, T\u00fcrklerin Orta Asya&#8217;dan bat\u0131ya do\u011fru g\u00f6\u00e7 etmesiyle olu\u015fan leh\u00e7elerin birer yaz\u0131 dili olarak geli\u015fti\u011fi devredir. T\u00fcrk dilinin d\u0131\u015f etkilere \u00e7ok\u00e7a maruz kal\u0131p b\u00fcy\u00fck de\u011fi\u015fikliklere u\u011frad\u0131\u011f\u0131 bu d\u00f6nemde T\u00fcrk\u00e7e, Do\u011fu ve Bat\u0131 T\u00fcrk\u00e7esi olmak \u00fczere ba\u015fl\u0131ca iki kolda geli\u015fme g\u00f6stermi\u015ftir.Bat\u0131 T\u00fcrk\u00e7esi, 13. y\u00fczy\u0131ldan itibaren Anadolu ve Rumeli topraklar\u0131nda b\u00fcy\u00fck bir geli\u015fme kaydederek T\u00fcrk\u00e7enin en b\u00fcy\u00fck yaz\u0131 dili durumuna y\u00fckseldi. Bu yaz\u0131 dili, 19. y\u00fczy\u0131ldan itibaren bir sadele\u015fme s\u00fcrecine girdi. Bu sadele\u015fme s\u00fcreci, T\u00fcrkiye Cumhuriyeti kurulduktan sonra daha da h\u0131zland\u0131. Sonra da T\u00fcrkiye T\u00fcrk\u00e7esi diye adland\u0131r\u0131lan bug\u00fcn kulland\u0131\u011f\u0131m\u0131z yaz\u0131 dili h\u00e2line geldi.Dil Eksenimiz ad\u0131yla okuyucuya sunulan bu kitapta, Anadolu&#8217;da geli\u015fme g\u00f6steren T\u00fcrk yaz\u0131 dilinin ser\u00fcveni konu edilmektedir. \u0130ki k\u0131s\u0131mdan olu\u015fan kitab\u0131n birinci k\u0131sm\u0131nda T\u00fcrk\u00e7enin Anadolu&#8217;da yaz\u0131 dili h\u00e2linde geli\u015fmesiyle ilgili makaleler; ikinci k\u0131sm\u0131nda ise deyimle\u015fme olgusu, birle\u015fik kelimelerin yap\u0131s\u0131, edeb\u00ee metinlerde dilin kullan\u0131m\u0131, dil-k\u00fclt\u00fcr ba\u011flam\u0131nda edebiyat \u00f6\u011fretimi ve anayasa metinlerinde dilin kullan\u0131l\u0131\u015f\u0131 gibi tamamen dilin kullan\u0131m boyutuyla ilgili yaz\u0131lara yer verilmi\u015ftir.<\/p>\n","protected":false},"excerpt":{"rendered":"<p>T\u00fcrk yaz\u0131 dilinin 13. y\u00fczy\u0131ldan 19. y\u00fczy\u0131l sonuna kadar geli\u015fme g\u00f6steren d\u00f6nemine &#8220;Yeni T\u00fcrk\u00e7e&#8221; d\u00f6nemi ad\u0131 verilmektedir. Bu devre, T\u00fcrklerin Orta Asya&#8217;dan bat\u0131ya do\u011fru g\u00f6\u00e7 etmesiyle<span class=\"excerpt-hellip\"> [\u2026]<\/span><\/p>\n","protected":false},"featured_media":0,"template":"","meta":{"_monsterinsights_skip_tracking":false,"_monsterinsights_sitenote_active":false,"_monsterinsights_sitenote_note":"","_monsterinsights_sitenote_category":0},"product_brand":[],"product_cat":[12291],"product_tag":[],"class_list":{"0":"post-765405","1":"product","2":"type-product","3":"status-publish","5":"product_cat-edebiyat","6":"pa_cilt-ciltsiz","7":"pa_tur-kitap","8":"pa_yayinevi-akademik-kitaplar","9":"pa_yazar-mustafa-ozkan","11":"first","12":"instock","13":"sale","14":"shipping-taxable","15":"purchasable","16":"product-type-simple"},"_links":{"self":[{"href":"https:\/\/roveyayinevi.com.tr\/index.php\/wp-json\/wp\/v2\/product\/765405","targetHints":{"allow":["GET"]}}],"collection":[{"href":"https:\/\/roveyayinevi.com.tr\/index.php\/wp-json\/wp\/v2\/product"}],"about":[{"href":"https:\/\/roveyayinevi.com.tr\/index.php\/wp-json\/wp\/v2\/types\/product"}],"wp:attachment":[{"href":"https:\/\/roveyayinevi.com.tr\/index.php\/wp-json\/wp\/v2\/media?parent=765405"}],"wp:term":[{"taxonomy":"product_brand","embeddable":true,"href":"https:\/\/roveyayinevi.com.tr\/index.php\/wp-json\/wp\/v2\/product_brand?post=765405"},{"taxonomy":"product_cat","embeddable":true,"href":"https:\/\/roveyayinevi.com.tr\/index.php\/wp-json\/wp\/v2\/product_cat?post=765405"},{"taxonomy":"product_tag","embeddable":true,"href":"https:\/\/roveyayinevi.com.tr\/index.php\/wp-json\/wp\/v2\/product_tag?post=765405"}],"curies":[{"name":"wp","href":"https:\/\/api.w.org\/{rel}","templated":true}]}}