{"id":765402,"date":"2025-08-28T11:42:13","date_gmt":"2025-08-28T08:42:13","guid":{"rendered":"https:\/\/roveyayinevi.com.tr\/index.php\/urun\/cocuk-yetistirmenin-psikolojik-sifreleri\/"},"modified":"2026-04-15T03:31:01","modified_gmt":"2026-04-15T00:31:01","slug":"cocuk-yetistirmenin-psikolojik-sifreleri","status":"publish","type":"product","link":"https:\/\/roveyayinevi.com.tr\/index.php\/urun\/cocuk-yetistirmenin-psikolojik-sifreleri\/","title":{"rendered":"\u00c7ocuk Yeti\u015ftirmenin Psikolojik \u015eifreleri"},"content":{"rendered":"<p>Bug\u00fcn, ald\u0131\u011f\u0131m\u0131z en basitinden bir aletin bile kutusunda, o aletin nas\u0131l kullan\u0131laca\u011f\u0131n\u0131 ve ne t\u00fcr \u00f6zelliklerinin oldu\u011funu  belirten a\u00e7\u0131klay\u0131c\u0131 bir k\u0131lavuz ile kar\u015f\u0131la\u015f\u0131r\u0131z. Peki, bilgi kirlili\u011finin zirve yapt\u0131\u011f\u0131 g\u00fcn\u00fcm\u00fczde, acaba \u00e7ocuklar\u0131m\u0131z\u0131 yeti\u015ftirirken do\u011fru bir k\u0131lavuza  ihtiyac\u0131m\u0131z yok mudur?\u0130\u015fte, bu eser; \u00f6ncelikle ba\u015fta anne-babalar olmak \u00fczere, \u00e7ocuk e\u011fitimi ile ilgilenen herkese do\u011fru bir rehber ve k\u0131lavuz olma amac\u0131yla yaz\u0131lm\u0131\u015ft\u0131r.\u00c7ocuk yeti\u015ftirirken biliyor olsan\u0131z bile, tekrar tekrar hat\u0131rlaman\u0131z gereken noktalara yeniden dikkatleri \u00e7ekmek ama\u00e7lanm\u0131\u015ft\u0131r.\u00c7ocuk yeti\u015ftirme ve onlar\u0131 e\u011fitme sorumlulu\u011funu \u00fcstlenmi\u015f olan t\u00fcm anne-babalar ile e\u011fitimciler i\u00e7in yol g\u00f6sterici olaca\u011f\u0131 d\u00fc\u015f\u00fcn\u00fclen bilgiler m\u00fcmk\u00fcn oldu\u011funca sade bir anlat\u0131mla ve bir \u015fifrenin \u00e7\u00f6z\u00fcmlemesi yap\u0131l\u0131yormu\u015f \u015feklinde verilmeye \u00e7al\u0131\u015f\u0131lm\u0131\u015ft\u0131r.\u00c7ocuklar\u0131n sa\u011fl\u0131kl\u0131, mutlu, vicdanl\u0131, duyarl\u0131, sayg\u0131n, g\u00fcvenilir ve ba\u015far\u0131l\u0131 insanlar olarak yeti\u015fmeleri ve e\u011fitimlerine ticari kayg\u0131 ve beklentilerden uzak bir anlay\u0131\u015f i\u00e7inde yakla\u015fan herkesi sayg\u0131 ile alk\u0131\u015fl\u0131yorum.<\/p>\n","protected":false},"excerpt":{"rendered":"<p>Bug\u00fcn, ald\u0131\u011f\u0131m\u0131z en basitinden bir aletin bile kutusunda, o aletin nas\u0131l kullan\u0131laca\u011f\u0131n\u0131 ve ne t\u00fcr \u00f6zelliklerinin oldu\u011funu belirten a\u00e7\u0131klay\u0131c\u0131 bir k\u0131lavuz ile kar\u015f\u0131la\u015f\u0131r\u0131z. Peki, bilgi kirlili\u011finin<span class=\"excerpt-hellip\"> [\u2026]<\/span><\/p>\n","protected":false},"featured_media":0,"template":"","meta":{"_monsterinsights_skip_tracking":false,"_monsterinsights_sitenote_active":false,"_monsterinsights_sitenote_note":"","_monsterinsights_sitenote_category":0},"product_brand":[],"product_cat":[12831,12324],"product_tag":[],"class_list":{"0":"post-765402","1":"product","2":"type-product","3":"status-publish","5":"product_cat-aile-ve-cocuk","6":"product_cat-sosyoloji","7":"pa_cilt-ciltsiz","8":"pa_tur-kitap","9":"pa_yayinevi-akademik-kitaplar","10":"pa_yazar-huseyin-sahin","12":"first","13":"instock","14":"sale","15":"shipping-taxable","16":"purchasable","17":"product-type-simple"},"_links":{"self":[{"href":"https:\/\/roveyayinevi.com.tr\/index.php\/wp-json\/wp\/v2\/product\/765402","targetHints":{"allow":["GET"]}}],"collection":[{"href":"https:\/\/roveyayinevi.com.tr\/index.php\/wp-json\/wp\/v2\/product"}],"about":[{"href":"https:\/\/roveyayinevi.com.tr\/index.php\/wp-json\/wp\/v2\/types\/product"}],"wp:attachment":[{"href":"https:\/\/roveyayinevi.com.tr\/index.php\/wp-json\/wp\/v2\/media?parent=765402"}],"wp:term":[{"taxonomy":"product_brand","embeddable":true,"href":"https:\/\/roveyayinevi.com.tr\/index.php\/wp-json\/wp\/v2\/product_brand?post=765402"},{"taxonomy":"product_cat","embeddable":true,"href":"https:\/\/roveyayinevi.com.tr\/index.php\/wp-json\/wp\/v2\/product_cat?post=765402"},{"taxonomy":"product_tag","embeddable":true,"href":"https:\/\/roveyayinevi.com.tr\/index.php\/wp-json\/wp\/v2\/product_tag?post=765402"}],"curies":[{"name":"wp","href":"https:\/\/api.w.org\/{rel}","templated":true}]}}