{"id":765401,"date":"2025-08-28T11:42:11","date_gmt":"2025-08-28T08:42:11","guid":{"rendered":"https:\/\/roveyayinevi.com.tr\/index.php\/urun\/cinaralti-sistematik-indeks\/"},"modified":"2026-04-15T03:31:01","modified_gmt":"2026-04-15T00:31:01","slug":"cinaralti-sistematik-indeks","status":"publish","type":"product","link":"https:\/\/roveyayinevi.com.tr\/index.php\/urun\/cinaralti-sistematik-indeks\/","title":{"rendered":"\u00c7\u0131naralt\u0131 Sistematik \u0130ndeks"},"content":{"rendered":"<p>\u00c7\u0131naralt\u0131, 9 A\u011fustos 1941 -9 Haziran 1948 y\u0131llar\u0131 aras\u0131nda ne\u015fredilen 161 say\u0131s\u0131nda a\u011f\u0131rl\u0131kl\u0131 olarak edeb\u00ee, ilm\u00ee, iktisadi, tarih\u00ee, din\u00ee konularda alan\u0131nda yetkin isimlerin g\u00f6r\u00fc\u015flerine sayfalar\u0131nda yer vererek o zaman\u0131n siyasal tutumu i\u00e7inde \u0131l\u0131ml\u0131 T\u00fcrk\u00e7\u00fcl\u00fc\u011f\u00fc benimseyerek f\u0131kr\u00ee ve edeb\u00ee bir \u00e7evrenin olu\u015fmas\u0131nda rol oynayan, d\u00f6nemin \u00f6nemli ve uzun soluklu dergilerinden biri olarak T\u00fcrk matbuat\u0131nda yer edinmi\u015ftir. S\u00fcreli yay\u0131nlar\u0131n ne\u015fredildi\u011fi d\u00f6nemin birer vesikas\u0131 oldu\u011fu ger\u00e7e\u011finden hareketle hem \u00f6 d\u00f6nemin sosyal, k\u00fclt\u00fcrel, siyasi, edeb\u00ee anlay\u0131\u015f\u0131n\u0131 ortaya koyabilmek hem de edebiyat tarihi ara\u015ft\u0131rmalar\u0131na yard\u0131mc\u0131 olabilmek amac\u0131yla \u00c7\u0131naralt\u0131 dergisinin sistematik indeksini yay\u0131ml\u0131yoruz.<\/p>\n","protected":false},"excerpt":{"rendered":"<p>\u00c7\u0131naralt\u0131, 9 A\u011fustos 1941 -9 Haziran 1948 y\u0131llar\u0131 aras\u0131nda ne\u015fredilen 161 say\u0131s\u0131nda a\u011f\u0131rl\u0131kl\u0131 olarak edeb\u00ee, ilm\u00ee, iktisadi, tarih\u00ee, din\u00ee konularda alan\u0131nda yetkin isimlerin g\u00f6r\u00fc\u015flerine sayfalar\u0131nda yer<span class=\"excerpt-hellip\"> [\u2026]<\/span><\/p>\n","protected":false},"featured_media":0,"template":"","meta":{"_monsterinsights_skip_tracking":false,"_monsterinsights_sitenote_active":false,"_monsterinsights_sitenote_note":"","_monsterinsights_sitenote_category":0},"product_brand":[],"product_cat":[13072,12291],"product_tag":[],"class_list":{"0":"post-765401","1":"product","2":"type-product","3":"status-publish","5":"product_cat-arastirma-inceleme-referans","6":"product_cat-edebiyat","7":"pa_cilt-ciltsiz","8":"pa_tur-kitap","9":"pa_yayinevi-akademik-kitaplar","10":"pa_yazar-nuran-ozluk","12":"first","13":"instock","14":"sale","15":"shipping-taxable","16":"purchasable","17":"product-type-simple"},"_links":{"self":[{"href":"https:\/\/roveyayinevi.com.tr\/index.php\/wp-json\/wp\/v2\/product\/765401","targetHints":{"allow":["GET"]}}],"collection":[{"href":"https:\/\/roveyayinevi.com.tr\/index.php\/wp-json\/wp\/v2\/product"}],"about":[{"href":"https:\/\/roveyayinevi.com.tr\/index.php\/wp-json\/wp\/v2\/types\/product"}],"wp:attachment":[{"href":"https:\/\/roveyayinevi.com.tr\/index.php\/wp-json\/wp\/v2\/media?parent=765401"}],"wp:term":[{"taxonomy":"product_brand","embeddable":true,"href":"https:\/\/roveyayinevi.com.tr\/index.php\/wp-json\/wp\/v2\/product_brand?post=765401"},{"taxonomy":"product_cat","embeddable":true,"href":"https:\/\/roveyayinevi.com.tr\/index.php\/wp-json\/wp\/v2\/product_cat?post=765401"},{"taxonomy":"product_tag","embeddable":true,"href":"https:\/\/roveyayinevi.com.tr\/index.php\/wp-json\/wp\/v2\/product_tag?post=765401"}],"curies":[{"name":"wp","href":"https:\/\/api.w.org\/{rel}","templated":true}]}}