{"id":765400,"date":"2025-08-28T11:42:10","date_gmt":"2025-08-28T08:42:10","guid":{"rendered":"https:\/\/roveyayinevi.com.tr\/index.php\/urun\/cagin-bireyi\/"},"modified":"2026-04-15T03:31:01","modified_gmt":"2026-04-15T00:31:01","slug":"cagin-bireyi","status":"publish","type":"product","link":"https:\/\/roveyayinevi.com.tr\/index.php\/urun\/cagin-bireyi\/","title":{"rendered":"\u00c7a\u011f\u0131n bireyi"},"content":{"rendered":"<p>Sevgi, g\u00fcven, merhamet, payla\u015f\u0131m ve dayan\u0131\u015fman\u0131n azald\u0131\u011f\u0131, bireycili\u011fin ve bencilli\u011fin zirve yapt\u0131\u011f\u0131, insan ili\u015fkilerinin s\u0131n\u0131rland\u0131\u011f\u0131, manevi ve duygusal bo\u015flu\u011fun gittik\u00e7e derinle\u015fti\u011fi yeni bir \u00e7a\u011fday\u0131z. Ve bug\u00fcn, &#8220;bilgi, teknoloji, dijitalizm, t\u00fcketim, h\u0131z, h\u0131rs, \u00f6tekile\u015ftirme, sevgisizlik, belirsizlik ve kayg\u0131 \u00e7a\u011f\u0131&#8221; olarak da nitelendirilen b\u00f6yle bir \u00e7a\u011fda, &#8220;\u00e7a\u011f\u0131n bireyinin&#8221; bir\u00e7ok \u015feye sahip, istediklerine \u00e7ok \u00e7abuk eri\u015febiliyor olmas\u0131na ra\u011fmen kolay kolay mutlu olmad\u0131\u011f\u0131, sahip olduklar\u0131yla yetinmedi\u011fi, kendisini hi\u00e7 de iyi hissetmedi\u011fi g\u00f6zlenmektedir. Ayr\u0131ca insan y\u0131\u011f\u0131nlar\u0131 aras\u0131nda yan\u0131 ba\u015f\u0131nda pek \u00e7ok insan bulunmas\u0131na ra\u011fmen i\u00e7 d\u00fcnyas\u0131nda yaln\u0131zl\u0131k \u00e7ekti\u011fi da g\u00f6zlenmekte; ruhu, akl\u0131, zihni, kalbi, iradesi, bedeni, zaman\u0131 ve t\u00fcm benli\u011fi ile b\u00fct\u00fcn hayat\u0131n\u0131n egemen k\u00fcresel kapitalist d\u00fczen ve bu d\u00fczenin dijital ileti\u015fim ara\u00e7 ve mecralar\u0131 taraf\u0131ndan ku\u015fat\u0131lm\u0131\u015f oldu\u011fundan s\u00f6z edilmektedir.Bug\u00fcn \u00e7a\u011f\u0131n bireyinin sunulan ve dayat\u0131lan t\u00fcketim, e\u011flence, ya\u015fam k\u00fclt\u00fcr\u00fc ve tarz\u0131 ile kadim manevi de\u011ferleri, ulvi anlam d\u00fcnyas\u0131, temel sosyal dinamikleri, motivasyon ve psikolojik g\u00fc\u00e7 kaynaklar\u0131 yan\u0131nda aile gibi temel psiko-sosyal destek sistemlerinden ad\u0131m ad\u0131m uzakla\u015ft\u0131r\u0131lmas\u0131 ama\u00e7lanmaktad\u0131r. Bu ba\u011flamda da insani hassasiyet, mahremiyet, inan\u00e7, de\u011fer, ilke, erdem ve \u00f6z kimli\u011finden tamamen kopar\u0131l\u0131p, ki\u015fisel s\u0131n\u0131rlar\u0131 da ortadan kald\u0131r\u0131larak yaln\u0131zla\u015ft\u0131r\u0131l\u0131p, pasifle\u015ftirilerek en nihayetinde egemen k\u00fcresel s\u00f6m\u00fcrgeci d\u00fczenin kurallar\u0131n\u0131n ba\u011f\u0131ml\u0131s\u0131 g\u00fcd\u00fclen bir varl\u0131k haline getirilip, modern bir k\u00f6leye d\u00f6n\u00fc\u015fmeye zorlanmaktad\u0131r.<\/p>\n","protected":false},"excerpt":{"rendered":"<p>Sevgi, g\u00fcven, merhamet, payla\u015f\u0131m ve dayan\u0131\u015fman\u0131n azald\u0131\u011f\u0131, bireycili\u011fin ve bencilli\u011fin zirve yapt\u0131\u011f\u0131, insan ili\u015fkilerinin s\u0131n\u0131rland\u0131\u011f\u0131, manevi ve duygusal bo\u015flu\u011fun gittik\u00e7e derinle\u015fti\u011fi yeni bir \u00e7a\u011fday\u0131z. Ve bug\u00fcn,<span class=\"excerpt-hellip\"> [\u2026]<\/span><\/p>\n","protected":false},"featured_media":0,"template":"","meta":{"_monsterinsights_skip_tracking":false,"_monsterinsights_sitenote_active":false,"_monsterinsights_sitenote_note":"","_monsterinsights_sitenote_category":0},"product_brand":[],"product_cat":[12364,16266],"product_tag":[],"class_list":{"0":"post-765400","1":"product","2":"type-product","3":"status-publish","5":"product_cat-genel-konular","6":"product_cat-referans-kaynak-kitap","7":"pa_cilt-ciltsiz","8":"pa_tur-kitap","9":"pa_yayinevi-akademik-kitaplar","10":"pa_yazar-huseyin-sahin","12":"first","13":"instock","14":"sale","15":"shipping-taxable","16":"purchasable","17":"product-type-simple"},"_links":{"self":[{"href":"https:\/\/roveyayinevi.com.tr\/index.php\/wp-json\/wp\/v2\/product\/765400","targetHints":{"allow":["GET"]}}],"collection":[{"href":"https:\/\/roveyayinevi.com.tr\/index.php\/wp-json\/wp\/v2\/product"}],"about":[{"href":"https:\/\/roveyayinevi.com.tr\/index.php\/wp-json\/wp\/v2\/types\/product"}],"wp:attachment":[{"href":"https:\/\/roveyayinevi.com.tr\/index.php\/wp-json\/wp\/v2\/media?parent=765400"}],"wp:term":[{"taxonomy":"product_brand","embeddable":true,"href":"https:\/\/roveyayinevi.com.tr\/index.php\/wp-json\/wp\/v2\/product_brand?post=765400"},{"taxonomy":"product_cat","embeddable":true,"href":"https:\/\/roveyayinevi.com.tr\/index.php\/wp-json\/wp\/v2\/product_cat?post=765400"},{"taxonomy":"product_tag","embeddable":true,"href":"https:\/\/roveyayinevi.com.tr\/index.php\/wp-json\/wp\/v2\/product_tag?post=765400"}],"curies":[{"name":"wp","href":"https:\/\/api.w.org\/{rel}","templated":true}]}}