{"id":765399,"date":"2025-08-28T11:42:07","date_gmt":"2025-08-28T08:42:07","guid":{"rendered":"https:\/\/roveyayinevi.com.tr\/index.php\/urun\/bosna-gunlugu\/"},"modified":"2026-04-15T03:31:01","modified_gmt":"2026-04-15T00:31:01","slug":"bosna-gunlugu","status":"publish","type":"product","link":"https:\/\/roveyayinevi.com.tr\/index.php\/urun\/bosna-gunlugu\/","title":{"rendered":"Bosna G\u00fcnl\u00fc\u011f\u00fc"},"content":{"rendered":"<p>D\u0131\u015f d\u00fcnyaya bu ilk a\u00e7\u0131l\u0131\u015f\u0131mda ya\u015fad\u0131klar\u0131m\u0131 g\u00fcnl\u00fckler halinde kay\u0131t alt\u0131na almay\u0131 \u00e7ok istiyordum. Fakat bu, sadece istemekle ger\u00e7ekle\u015febilecek bir durum de\u011fildi. Dikkat, rikkat, enerji ve zaman istiyordu.\u0130lk g\u00fcnler zor ge\u00e7ti, b\u0131rak\u0131n g\u00fcnl\u00fck tutmay\u0131 zihnimi toparlamay\u0131  bile bir t\u00fcrl\u00fc ba\u015faramad\u0131m. Art\u0131k ne bekliyorsam, umdu\u011fum gibi bir \u00fclke, co\u011frafya ve insan sarmal\u0131yla kar\u015f\u0131la\u015famam\u0131\u015ft\u0131m. Herkes ve her \u015fey olumsuz anlamda \u00fcst\u00fcme \u00fcst\u00fcme geliyordu. Neden sonra, b\u00fct\u00fcn bu olumsuzluklar\u0131n, kendimi birden bire i\u00e7inde buldu\u011fum gurbet ve yaln\u0131zl\u0131k duygusundan kaynakland\u0131\u011f\u0131n\u0131 anlad\u0131m. Co\u011frafyaya, insanlara, hatta kendime haks\u0131zl\u0131k etti\u011fimi fark ettim. M\u00fckafat\u0131m gecikmedi. Bu fark edi\u015f sayesinde dikkate meyyal bir g\u00f6z ile yazmaya te\u015fne bir kalemi \u00f6n\u00fcmde haz\u0131r buldum. S\u00f6z\u00fcn k\u0131sas\u0131, g\u00f6zlerim ve kalemim bana yeniden ba\u011f\u0131\u015fland\u0131. G\u00fcnlerce hi\u00e7bir \u015fey yazamayan ben, yaz\u0131 makinesine d\u00f6nm\u00fc\u015ft\u00fcm. Bazen sadece yaz\u0131 yazmak i\u00e7in rahat\u0131ma, uykuma k\u0131y\u0131yor, \u015fehirden \u015fehire, kasabadan kasabaya, insandan insana ko\u015fuyordum.<\/p>\n","protected":false},"excerpt":{"rendered":"<p>D\u0131\u015f d\u00fcnyaya bu ilk a\u00e7\u0131l\u0131\u015f\u0131mda ya\u015fad\u0131klar\u0131m\u0131 g\u00fcnl\u00fckler halinde kay\u0131t alt\u0131na almay\u0131 \u00e7ok istiyordum. Fakat bu, sadece istemekle ger\u00e7ekle\u015febilecek bir durum de\u011fildi. Dikkat, rikkat, enerji ve zaman<span class=\"excerpt-hellip\"> [\u2026]<\/span><\/p>\n","protected":false},"featured_media":0,"template":"","meta":{"_monsterinsights_skip_tracking":false,"_monsterinsights_sitenote_active":false,"_monsterinsights_sitenote_note":"","_monsterinsights_sitenote_category":0},"product_brand":[],"product_cat":[13701,12291],"product_tag":[],"class_list":{"0":"post-765399","1":"product","2":"type-product","3":"status-publish","5":"product_cat-ani-mektup-gunluk","6":"product_cat-edebiyat","7":"pa_cilt-ciltsiz","8":"pa_tur-kitap","9":"pa_yayinevi-akademik-kitaplar","10":"pa_yazar-muharrem-dayanc","12":"first","13":"instock","14":"sale","15":"shipping-taxable","16":"purchasable","17":"product-type-simple"},"_links":{"self":[{"href":"https:\/\/roveyayinevi.com.tr\/index.php\/wp-json\/wp\/v2\/product\/765399","targetHints":{"allow":["GET"]}}],"collection":[{"href":"https:\/\/roveyayinevi.com.tr\/index.php\/wp-json\/wp\/v2\/product"}],"about":[{"href":"https:\/\/roveyayinevi.com.tr\/index.php\/wp-json\/wp\/v2\/types\/product"}],"wp:attachment":[{"href":"https:\/\/roveyayinevi.com.tr\/index.php\/wp-json\/wp\/v2\/media?parent=765399"}],"wp:term":[{"taxonomy":"product_brand","embeddable":true,"href":"https:\/\/roveyayinevi.com.tr\/index.php\/wp-json\/wp\/v2\/product_brand?post=765399"},{"taxonomy":"product_cat","embeddable":true,"href":"https:\/\/roveyayinevi.com.tr\/index.php\/wp-json\/wp\/v2\/product_cat?post=765399"},{"taxonomy":"product_tag","embeddable":true,"href":"https:\/\/roveyayinevi.com.tr\/index.php\/wp-json\/wp\/v2\/product_tag?post=765399"}],"curies":[{"name":"wp","href":"https:\/\/api.w.org\/{rel}","templated":true}]}}