{"id":765395,"date":"2025-08-28T11:42:01","date_gmt":"2025-08-28T08:42:01","guid":{"rendered":"https:\/\/roveyayinevi.com.tr\/index.php\/urun\/askin-sehri-amasyadan-gecenler\/"},"modified":"2026-04-15T03:31:01","modified_gmt":"2026-04-15T00:31:01","slug":"askin-sehri-amasyadan-gecenler","status":"publish","type":"product","link":"https:\/\/roveyayinevi.com.tr\/index.php\/urun\/askin-sehri-amasyadan-gecenler\/","title":{"rendered":"A\u015fk\u0131n \u015eehri Amasya&#8217;dan Ge\u00e7enler"},"content":{"rendered":"<p>Amasya&#8230; Kadim zamanlar\u0131n gizemli \u015fehri&#8230; Etraf\u0131 sarp da\u011flarla \u00e7evrili bu m\u00fctevaz\u0131 \u015fehir ne kadar k\u00fc\u00e7\u00fck olsa da tarihe, bulundu\u011fu co\u011frafyaya hizmeti pek b\u00fcy\u00fckt\u00fcr. Nice dervi\u015f bu yal\u00e7\u0131n da\u011flar\u0131n eteklerinde tekke kurmu\u015f, nice \u00e2lim medreselerinde e\u011fitim g\u00f6rm\u00fc\u015ft\u00fcr. Ya burada yeti\u015fen, d\u00fcnya nizam\u0131na y\u00f6n veren padi\u015fah ve devlet adamlar\u0131m\u0131z&#8230; Y\u0131k\u0131lmaya y\u00fcz tutan Osmanl\u0131y\u0131 \u015faha kald\u0131ran Mehmet \u00c7elebi, bir devir kapat\u0131p bir devir a\u00e7an, peygamber m\u00fcjdesine nail olan Fatih, k\u00fcllerin aras\u0131ndan yeni bir devlet \u00e7\u0131karan Gazi Mustafa Kemal Amasya&#8217;dan ge\u00e7memi\u015f, suyundan i\u00e7memi\u015f midir?Kimler gelip su i\u00e7memi\u015ftir ki Amasya&#8217;n\u0131n hikmet akan p\u0131narlar\u0131ndan. A\u015f\u0131klar, Ferhat&#8217;la \u015eirin misali burada kanm\u0131\u015f sevdaya. Dervi\u015fler, alimler burada ermi\u015ftir kemale. \u015eehzadeler burada alm\u0131\u015ft\u0131r ilk terbiyesini. Bu kadim \u015fehir, b\u00f6yle kutsi bir vazifeyi, b\u00f6yle bir imay\u0131 i\u00e7inde muhafaza edebildi\u011fi i\u00e7in k\u0131ymetlidir.<\/p>\n","protected":false},"excerpt":{"rendered":"<p>Amasya&#8230; Kadim zamanlar\u0131n gizemli \u015fehri&#8230; Etraf\u0131 sarp da\u011flarla \u00e7evrili bu m\u00fctevaz\u0131 \u015fehir ne kadar k\u00fc\u00e7\u00fck olsa da tarihe, bulundu\u011fu co\u011frafyaya hizmeti pek b\u00fcy\u00fckt\u00fcr. Nice dervi\u015f bu<span class=\"excerpt-hellip\"> [\u2026]<\/span><\/p>\n","protected":false},"featured_media":0,"template":"","meta":{"_monsterinsights_skip_tracking":false,"_monsterinsights_sitenote_active":false,"_monsterinsights_sitenote_note":"","_monsterinsights_sitenote_category":0},"product_brand":[],"product_cat":[12370,12304],"product_tag":[],"class_list":{"0":"post-765395","1":"product","2":"type-product","3":"status-publish","5":"product_cat-arastirma-inceleme","6":"product_cat-tarih","7":"pa_cilt-ciltsiz","8":"pa_tur-kitap","9":"pa_yayinevi-akademik-kitaplar","10":"pa_yazar-bekir-nas","12":"first","13":"instock","14":"sale","15":"shipping-taxable","16":"purchasable","17":"product-type-simple"},"_links":{"self":[{"href":"https:\/\/roveyayinevi.com.tr\/index.php\/wp-json\/wp\/v2\/product\/765395","targetHints":{"allow":["GET"]}}],"collection":[{"href":"https:\/\/roveyayinevi.com.tr\/index.php\/wp-json\/wp\/v2\/product"}],"about":[{"href":"https:\/\/roveyayinevi.com.tr\/index.php\/wp-json\/wp\/v2\/types\/product"}],"wp:attachment":[{"href":"https:\/\/roveyayinevi.com.tr\/index.php\/wp-json\/wp\/v2\/media?parent=765395"}],"wp:term":[{"taxonomy":"product_brand","embeddable":true,"href":"https:\/\/roveyayinevi.com.tr\/index.php\/wp-json\/wp\/v2\/product_brand?post=765395"},{"taxonomy":"product_cat","embeddable":true,"href":"https:\/\/roveyayinevi.com.tr\/index.php\/wp-json\/wp\/v2\/product_cat?post=765395"},{"taxonomy":"product_tag","embeddable":true,"href":"https:\/\/roveyayinevi.com.tr\/index.php\/wp-json\/wp\/v2\/product_tag?post=765395"}],"curies":[{"name":"wp","href":"https:\/\/api.w.org\/{rel}","templated":true}]}}