{"id":765394,"date":"2025-08-28T11:41:58","date_gmt":"2025-08-28T08:41:58","guid":{"rendered":"https:\/\/roveyayinevi.com.tr\/index.php\/urun\/alparslan-4\/"},"modified":"2026-04-15T03:31:01","modified_gmt":"2026-04-15T00:31:01","slug":"alparslan-4","status":"publish","type":"product","link":"https:\/\/roveyayinevi.com.tr\/index.php\/urun\/alparslan-4\/","title":{"rendered":"Alparslan"},"content":{"rendered":"<p>Al-i Sel\u00e7uk Sultan\u0131 El-Melik, el-Adil Ziya el-D\u00een Adud el-devle Ebu \u015e\u00fcca\u2019 (Ebu\u2019l-f\u00fct\u00fbh) Muhammed bin Eb\u00fb S\u00fcleyman \u00c7a\u011fr\u0131 Bek Dav\u00fbd bin Mikail bin Sel\u00e7uk bin Dukak el-T\u00fcrk\u00ee el-Nuri Burhan\u00fc Emiri\u2019l-m\u00fc\u2019minin olarak tarihe ge\u00e7mi\u015f Al-i Sel\u00e7uk (B\u00fcy\u00fck Sel\u00e7uklu) Sultan\u0131, fethin babas\u0131, Horasan g\u00fcne\u015fi Melik \u00c7a\u011fr\u0131 Bey\u2019in o\u011flu, Sultan Tu\u011frul Bey\u2019in ye\u011feni, Sultan Muhammed Alparslan ve Sel\u00e7uklular\u2019\u0131n tarihteki yeri \u00fczerine yaz\u0131lm\u0131\u015f bu romanda klasik \u00f6tesi farkl\u0131 bir kronoloji ve fig\u00fcratif yap\u0131 kar\u015f\u0131m\u0131za \u00e7\u0131k\u0131yor.Hazarlar\u2019a ba\u011fl\u0131 O\u011fuz Yabgu Devleti ile anla\u015fmazl\u0131k, Mank\u0131\u015flak ve Cend illerini terk etmek zorunda kalan Dukak o\u011flu Sel\u00e7uk Bey. Saman\u00eeler devletinin siyasal varl\u0131k noktas\u0131nda Sel\u00e7uk Bey kuvvetlerini T\u00fcrk ve \u0130slam devletleri olan Karahanl\u0131 ve Gazneliler\u2019e muhalif etmesi. Karahanl\u0131 ve Gazneliler ile varl\u0131k-yokluk sava\u015flar\u0131, Mavera\u00fcnnehir\u2019den \u00e7\u0131k\u0131\u015f, Horasan\u2019a hatta Diyar-\u0131 R\u00fbm\u2019a (Anadolu) topraklar\u0131na zorunlu ke\u015fifler.Horasan valisi Muhammed Alparslan, Merv, Ni\u015f\u00e2bur, Hemedan, Ba\u011fdat, Rey, T\u00fcrkmensahra, \u0130sfahan, Hoy, Azerbaycan, Kars, \u015eav\u015fat, Menbi\u00e7, Halep, Malazgirt, Sivas, Tokat, \u00dcsk\u00fcdar; Horasan, Harezm, Mavera\u00fcnnehir, T\u00fcrkistan&#8230; Vezir Niz\u00e2m\u00fc\u2019l-m\u00fclk, Af\u015fin Bey, Sanduk Bey, \u0130bn M\u00fchelban, Karahanl\u0131 \u015eems\u00fc\u2019l-m\u00fclk, Sav Tekin, \u015eehz\u00e2de Melik\u015fah; T\u00fcrkmen obalar\u0131, O\u011fuz boylar\u0131, K\u0131n\u0131k, Bayat, Beydilli. Ceyhun (Amuderya), Aras nehirleri aras\u0131nda g\u00f6\u00e7 g\u00f6\u00e7 olmu\u015f O\u011fuz-T\u00fcrkmen boylar\u0131, kara k\u0131l \u00e7ad\u0131rlar, ak evler, nevruz, kopuz, ozan-bah\u015f\u0131, t\u00fcrk\u00fcler, a\u011f\u0131tlar, gelinler, ak p\u00fcr\u00e7ekli O\u011fuz analar\u0131&#8230;<\/p>\n","protected":false},"excerpt":{"rendered":"<p>Al-i Sel\u00e7uk Sultan\u0131 El-Melik, el-Adil Ziya el-D\u00een Adud el-devle Ebu \u015e\u00fcca\u2019 (Ebu\u2019l-f\u00fct\u00fbh) Muhammed bin Eb\u00fb S\u00fcleyman \u00c7a\u011fr\u0131 Bek Dav\u00fbd bin Mikail bin Sel\u00e7uk bin Dukak el-T\u00fcrk\u00ee<span class=\"excerpt-hellip\"> [\u2026]<\/span><\/p>\n","protected":false},"featured_media":0,"template":"","meta":{"_monsterinsights_skip_tracking":false,"_monsterinsights_sitenote_active":false,"_monsterinsights_sitenote_note":"","_monsterinsights_sitenote_category":0},"product_brand":[],"product_cat":[12291,12745],"product_tag":[],"class_list":{"0":"post-765394","1":"product","2":"type-product","3":"status-publish","5":"product_cat-edebiyat","6":"product_cat-tarihi-roman","7":"pa_cilt-ciltsiz","8":"pa_tur-kitap","9":"pa_yayinevi-akademik-kitaplar","10":"pa_yazar-emek-usenmez","12":"first","13":"instock","14":"sale","15":"shipping-taxable","16":"purchasable","17":"product-type-simple"},"_links":{"self":[{"href":"https:\/\/roveyayinevi.com.tr\/index.php\/wp-json\/wp\/v2\/product\/765394","targetHints":{"allow":["GET"]}}],"collection":[{"href":"https:\/\/roveyayinevi.com.tr\/index.php\/wp-json\/wp\/v2\/product"}],"about":[{"href":"https:\/\/roveyayinevi.com.tr\/index.php\/wp-json\/wp\/v2\/types\/product"}],"wp:attachment":[{"href":"https:\/\/roveyayinevi.com.tr\/index.php\/wp-json\/wp\/v2\/media?parent=765394"}],"wp:term":[{"taxonomy":"product_brand","embeddable":true,"href":"https:\/\/roveyayinevi.com.tr\/index.php\/wp-json\/wp\/v2\/product_brand?post=765394"},{"taxonomy":"product_cat","embeddable":true,"href":"https:\/\/roveyayinevi.com.tr\/index.php\/wp-json\/wp\/v2\/product_cat?post=765394"},{"taxonomy":"product_tag","embeddable":true,"href":"https:\/\/roveyayinevi.com.tr\/index.php\/wp-json\/wp\/v2\/product_tag?post=765394"}],"curies":[{"name":"wp","href":"https:\/\/api.w.org\/{rel}","templated":true}]}}