{"id":765392,"date":"2025-08-28T11:41:54","date_gmt":"2025-08-28T08:41:54","guid":{"rendered":"https:\/\/roveyayinevi.com.tr\/index.php\/urun\/adilcevaz-yoresi-soz-varligi-ve-dil-incelemesi\/"},"modified":"2026-04-15T03:31:01","modified_gmt":"2026-04-15T00:31:01","slug":"adilcevaz-yoresi-soz-varligi-ve-dil-incelemesi","status":"publish","type":"product","link":"https:\/\/roveyayinevi.com.tr\/index.php\/urun\/adilcevaz-yoresi-soz-varligi-ve-dil-incelemesi\/","title":{"rendered":"Adilcevaz Y\u00f6resi S\u00f6z Varl\u0131\u011f\u0131 ve Dil \u0130ncelemesi"},"content":{"rendered":"<p>A\u011f\u0131zlarda bulunan s\u00f6z varl\u0131klar\u0131n\u0131n tespiti, dile kelime kazand\u0131rman\u0131n, dillerin zenginle\u015fmesinin ana fakt\u00f6rlerinden biridir. Bu sebeple Adilcevaz Y\u00f6resi S\u00f6z Varl\u0131\u011f\u0131 ve Dil \u0130ncelemesi adl\u0131 bu \u00e7al\u0131\u015fma, y\u00f6renin k\u00fclt\u00fcrel zenginli\u011fini ortaya \u00e7\u0131karmay\u0131 ve T\u00fcrk\u00e7enin kelime zenginli\u011fine katk\u0131 sa\u011flamay\u0131 ama\u00e7lamaktad\u0131r. S\u00f6z konusu kitap, y\u00f6rede ya\u015fayan 58 ki\u015fiden derlenen metin; metinlerde ge\u00e7en kelime, ses ve \u015fekil bilgisi incelemelerini i\u00e7ermenin yan\u0131 s\u0131ra daha \u00f6nce y\u00f6renin tarih\u00ee ve k\u00fclt\u00fcrel de\u011ferleri \u00fczerinde yap\u0131lan \u00e7al\u0131\u015fmalardan baz\u0131 al\u0131nt\u0131lar\u0131 da kapsamaktad\u0131r.Bu \u00e7al\u0131\u015fman\u0131 ihtiva etti\u011fi konular itibariyle y\u00f6renin k\u00fclt\u00fcrel zenginli\u011fi ve tan\u0131t\u0131m\u0131na katk\u0131 sa\u011flayaca\u011f\u0131 \u00fcmidiyle.<\/p>\n","protected":false},"excerpt":{"rendered":"<p>A\u011f\u0131zlarda bulunan s\u00f6z varl\u0131klar\u0131n\u0131n tespiti, dile kelime kazand\u0131rman\u0131n, dillerin zenginle\u015fmesinin ana fakt\u00f6rlerinden biridir. Bu sebeple Adilcevaz Y\u00f6resi S\u00f6z Varl\u0131\u011f\u0131 ve Dil \u0130ncelemesi adl\u0131 bu \u00e7al\u0131\u015fma, y\u00f6renin<span class=\"excerpt-hellip\"> [\u2026]<\/span><\/p>\n","protected":false},"featured_media":0,"template":"","meta":{"_monsterinsights_skip_tracking":false,"_monsterinsights_sitenote_active":false,"_monsterinsights_sitenote_note":"","_monsterinsights_sitenote_category":0},"product_brand":[],"product_cat":[13072,12291],"product_tag":[],"class_list":{"0":"post-765392","1":"product","2":"type-product","3":"status-publish","5":"product_cat-arastirma-inceleme-referans","6":"product_cat-edebiyat","7":"pa_cilt-ciltsiz","8":"pa_tur-kitap","9":"pa_yayinevi-akademik-kitaplar","10":"pa_yazar-veysi-sevincli","12":"first","13":"instock","14":"sale","15":"shipping-taxable","16":"purchasable","17":"product-type-simple"},"_links":{"self":[{"href":"https:\/\/roveyayinevi.com.tr\/index.php\/wp-json\/wp\/v2\/product\/765392","targetHints":{"allow":["GET"]}}],"collection":[{"href":"https:\/\/roveyayinevi.com.tr\/index.php\/wp-json\/wp\/v2\/product"}],"about":[{"href":"https:\/\/roveyayinevi.com.tr\/index.php\/wp-json\/wp\/v2\/types\/product"}],"wp:attachment":[{"href":"https:\/\/roveyayinevi.com.tr\/index.php\/wp-json\/wp\/v2\/media?parent=765392"}],"wp:term":[{"taxonomy":"product_brand","embeddable":true,"href":"https:\/\/roveyayinevi.com.tr\/index.php\/wp-json\/wp\/v2\/product_brand?post=765392"},{"taxonomy":"product_cat","embeddable":true,"href":"https:\/\/roveyayinevi.com.tr\/index.php\/wp-json\/wp\/v2\/product_cat?post=765392"},{"taxonomy":"product_tag","embeddable":true,"href":"https:\/\/roveyayinevi.com.tr\/index.php\/wp-json\/wp\/v2\/product_tag?post=765392"}],"curies":[{"name":"wp","href":"https:\/\/api.w.org\/{rel}","templated":true}]}}