{"id":765391,"date":"2025-08-28T11:41:52","date_gmt":"2025-08-28T08:41:52","guid":{"rendered":"https:\/\/roveyayinevi.com.tr\/index.php\/urun\/1937-2020-yillari-arasinda-turkiyede-dogudan-batiya-adalet-ve-hurriyete-isik-tutanlar\/"},"modified":"2026-04-15T03:31:01","modified_gmt":"2026-04-15T00:31:01","slug":"1937-2020-yillari-arasinda-turkiyede-dogudan-batiya-adalet-ve-hurriyete-isik-tutanlar","status":"publish","type":"product","link":"https:\/\/roveyayinevi.com.tr\/index.php\/urun\/1937-2020-yillari-arasinda-turkiyede-dogudan-batiya-adalet-ve-hurriyete-isik-tutanlar\/","title":{"rendered":"1937-2020 y\u0131llar\u0131 aras\u0131nda t\u00fcrkiye&#8217;de do\u011fudan bat\u0131ya adalet ve h\u00fcrriyete \u0131\u015f\u0131k tutanlar"},"content":{"rendered":"<p>1937-2020 Y\u0131llar\u0131 Aras\u0131nda T\u00fcrkiye&#8217;de Do\u011fudan Bat\u0131ya Adalet ve H\u00fcrriyete I\u015f\u0131k Tutanlar<\/p>\n","protected":false},"excerpt":{"rendered":"<p>1937-2020 Y\u0131llar\u0131 Aras\u0131nda T\u00fcrkiye&#8217;de Do\u011fudan Bat\u0131ya Adalet ve H\u00fcrriyete I\u015f\u0131k Tutanlar<\/p>\n","protected":false},"featured_media":0,"template":"","meta":{"_monsterinsights_skip_tracking":false,"_monsterinsights_sitenote_active":false,"_monsterinsights_sitenote_note":"","_monsterinsights_sitenote_category":0},"product_brand":[],"product_cat":[12291,30969],"product_tag":[],"class_list":{"0":"post-765391","1":"product","2":"type-product","3":"status-publish","5":"product_cat-edebiyat","6":"product_cat-soylesi-edebiyat","7":"pa_cilt-ciltsiz","8":"pa_tur-kitap","9":"pa_yayinevi-akademik-kitaplar","10":"pa_yazar-ahmet-cihan","12":"first","13":"instock","14":"sale","15":"shipping-taxable","16":"purchasable","17":"product-type-simple"},"_links":{"self":[{"href":"https:\/\/roveyayinevi.com.tr\/index.php\/wp-json\/wp\/v2\/product\/765391","targetHints":{"allow":["GET"]}}],"collection":[{"href":"https:\/\/roveyayinevi.com.tr\/index.php\/wp-json\/wp\/v2\/product"}],"about":[{"href":"https:\/\/roveyayinevi.com.tr\/index.php\/wp-json\/wp\/v2\/types\/product"}],"wp:attachment":[{"href":"https:\/\/roveyayinevi.com.tr\/index.php\/wp-json\/wp\/v2\/media?parent=765391"}],"wp:term":[{"taxonomy":"product_brand","embeddable":true,"href":"https:\/\/roveyayinevi.com.tr\/index.php\/wp-json\/wp\/v2\/product_brand?post=765391"},{"taxonomy":"product_cat","embeddable":true,"href":"https:\/\/roveyayinevi.com.tr\/index.php\/wp-json\/wp\/v2\/product_cat?post=765391"},{"taxonomy":"product_tag","embeddable":true,"href":"https:\/\/roveyayinevi.com.tr\/index.php\/wp-json\/wp\/v2\/product_tag?post=765391"}],"curies":[{"name":"wp","href":"https:\/\/api.w.org\/{rel}","templated":true}]}}